{"id":66596,"date":"2022-04-02T11:16:04","date_gmt":"2022-04-02T09:16:04","guid":{"rendered":"http:\/\/www.tabakversand.ch\/produkt\/corrida-repubblica-dominicana-robusto\/"},"modified":"2025-12-29T11:34:32","modified_gmt":"2025-12-29T10:34:32","slug":"corrida-repubblica-dominicana-robusto","status":"publish","type":"product","link":"https:\/\/www.tabakversand.ch\/it\/prodotto\/corrida-repubblica-dominicana-robusto\/","title":{"rendered":"Corrida Repubblica Dominicana Robusto"},"content":{"rendered":"<h1>Corrida Repubblica Dominicana Robusto<\/h1>\n<h2>20 casse di sigari<\/h2>\n<p>In un giallo brillante, questa CORRIDA non \u00e8 sobria, ma esigente. Vince attraverso la sua miscela equilibrata ma indipendente di tabacchi pi\u00f9 miti, in particolare a lunga stagionatura della Repubblica Dominicana. \u00c8 avvolto in un involucro Ecuador a doppia fermentazione e offre una piacevole dolcezza naturale-speziata con aromi pieni ma fini in tutta la composizione. Questo garantisce una straordinaria esperienza di gusto in una classe a s\u00e9 stante.<\/p>\n<p>Robusto+<br \/>\n Origine: Repubblica Dominicana<br \/>\n Lunghezza: 127 mm<br \/>\n Diametro: 22,2 mm<\/p>\n<p>Deposito: Repubblica Dominicana<br \/>\n Copertina: Ecuador<br \/>\n Copertina: Indonesia<br \/>\n Forza: 2<\/p>\n<p>Tutti i prezzi si applicano solo agli ordini online e sono comprensivi di IVA. Soggetto a modifiche senza preavviso, escluse le spese di spedizione. Con riserva di errori, modifiche nell&#8217;ambito di consegna e nel design, errori di stampa e variazioni di prezzo. I prezzi barrati sono prezzi sostitutivi. Le illustrazioni possono differire dall&#8217;originale\/dall&#8217;ambito di consegna.<br \/>\n*Spedizione gratuita per ordini superiori a CHF 250.-.<\/p>\n","protected":false},"excerpt":{"rendered":"<p>Corrida Repubblica Dominicana Robusto 20 casse di sigari In un giallo brillante, questa CORRIDA non \u00e8 sobria, ma esigente. Vince attraverso la sua miscela equilibrata ma indipendente di tabacchi pi\u00f9 miti, in particolare a lunga stagionatura della Repubblica Dominicana. \u00c8 avvolto in un involucro Ecuador a doppia fermentazione e offre una piacevole dolcezza naturale-speziata con [&hellip;]<\/p>\n","protected":false},"featured_media":66604,"template":"","meta":[],"product_brand":[1538],"product_cat":[2507,2003,2001,2002],"product_tag":[],"class_list":{"0":"post-66596","1":"product","2":"type-product","3":"status-publish","4":"has-post-thumbnail","6":"product_brand-villiger","7":"product_cat-corrida-repubblica-dominicana","8":"product_cat-mondo-dei-sigari","9":"product_cat-repubblica-dominicana","10":"product_cat-sigari","12":"first","13":"onbackorder","14":"purchasable","15":"product-type-simple"},"yoast_head":"<!-- This site is optimized with the Yoast SEO plugin v27.0 - https:\/\/yoast.com\/product\/yoast-seo-wordpress\/ -->\n<title>Corrida Repubblica Dominicana Robusto - Tabakversand.ch | Alles aus der Welt des Tabaks<\/title>\n<meta name=\"description\" content=\"Corrida Repubblica Dominicana Robusto | La pi\u00f9 grande selezione svizzera di prodotti del tabacco | Tutte le carte accettate!\" \/>\n<meta name=\"robots\" content=\"index, follow, max-snippet:-1, max-image-preview:large, max-video-preview:-1\" \/>\n<link rel=\"canonical\" href=\"https:\/\/www.tabakversand.ch\/it\/prodotto\/corrida-repubblica-dominicana-robusto\/\" \/>\n<meta property=\"og:locale\" content=\"it_IT\" \/>\n<meta property=\"og:type\" content=\"article\" \/>\n<meta property=\"og:title\" content=\"Corrida Repubblica Dominicana Robusto - Tabakversand.ch | Alles aus der Welt des Tabaks\" \/>\n<meta property=\"og:description\" content=\"Corrida Repubblica Dominicana Robusto | La pi\u00f9 grande selezione svizzera di prodotti del tabacco | Tutte le carte accettate!\" \/>\n<meta property=\"og:url\" content=\"https:\/\/www.tabakversand.ch\/it\/prodotto\/corrida-repubblica-dominicana-robusto\/\" \/>\n<meta property=\"og:site_name\" content=\"Tabakversand.ch | Alles aus der Welt des Tabaks\" \/>\n<meta property=\"article:modified_time\" content=\"2025-12-29T10:34:32+00:00\" \/>\n<meta property=\"og:image\" content=\"https:\/\/www.tabakversand.ch\/wp-content\/uploads\/2022\/03\/corrida-dom-rep-robusto-box.jpg\" \/>\n\t<meta property=\"og:image:width\" content=\"500\" \/>\n\t<meta property=\"og:image:height\" content=\"450\" \/>\n\t<meta property=\"og:image:type\" content=\"image\/jpeg\" \/>\n<meta name=\"twitter:card\" content=\"summary_large_image\" \/>\n<meta name=\"twitter:label1\" content=\"Tempo di lettura stimato\" \/>\n\t<meta name=\"twitter:data1\" content=\"1 minuto\" \/>\n<script type=\"application\/ld+json\" class=\"yoast-schema-graph\">{\"@context\":\"https:\/\/schema.org\",\"@graph\":[{\"@type\":\"WebPage\",\"@id\":\"https:\/\/www.tabakversand.ch\/it\/prodotto\/corrida-repubblica-dominicana-robusto\/\",\"url\":\"https:\/\/www.tabakversand.ch\/it\/prodotto\/corrida-repubblica-dominicana-robusto\/\",\"name\":\"Corrida Repubblica Dominicana Robusto - Tabakversand.ch | Alles aus der Welt des Tabaks\",\"isPartOf\":{\"@id\":\"https:\/\/www.tabakversand.ch\/#website\"},\"primaryImageOfPage\":{\"@id\":\"https:\/\/www.tabakversand.ch\/it\/prodotto\/corrida-repubblica-dominicana-robusto\/#primaryimage\"},\"image\":{\"@id\":\"https:\/\/www.tabakversand.ch\/it\/prodotto\/corrida-repubblica-dominicana-robusto\/#primaryimage\"},\"thumbnailUrl\":\"https:\/\/www.tabakversand.ch\/wp-content\/uploads\/2022\/03\/corrida-dom-rep-robusto-box.jpg\",\"datePublished\":\"2022-04-02T09:16:04+00:00\",\"dateModified\":\"2025-12-29T10:34:32+00:00\",\"description\":\"Corrida Repubblica Dominicana Robusto | La pi\u00f9 grande selezione svizzera di prodotti del tabacco | Tutte le carte accettate!\",\"breadcrumb\":{\"@id\":\"https:\/\/www.tabakversand.ch\/it\/prodotto\/corrida-repubblica-dominicana-robusto\/#breadcrumb\"},\"inLanguage\":\"it-IT\",\"potentialAction\":[{\"@type\":\"ReadAction\",\"target\":[\"https:\/\/www.tabakversand.ch\/it\/prodotto\/corrida-repubblica-dominicana-robusto\/\"]}]},{\"@type\":\"ImageObject\",\"inLanguage\":\"it-IT\",\"@id\":\"https:\/\/www.tabakversand.ch\/it\/prodotto\/corrida-repubblica-dominicana-robusto\/#primaryimage\",\"url\":\"https:\/\/www.tabakversand.ch\/wp-content\/uploads\/2022\/03\/corrida-dom-rep-robusto-box.jpg\",\"contentUrl\":\"https:\/\/www.tabakversand.ch\/wp-content\/uploads\/2022\/03\/corrida-dom-rep-robusto-box.jpg\",\"width\":500,\"height\":450,\"caption\":\"Corrida Repubblica Dominicana Robusto\"},{\"@type\":\"BreadcrumbList\",\"@id\":\"https:\/\/www.tabakversand.ch\/it\/prodotto\/corrida-repubblica-dominicana-robusto\/#breadcrumb\",\"itemListElement\":[{\"@type\":\"ListItem\",\"position\":1,\"name\":\"Startseite\",\"item\":\"https:\/\/www.tabakversand.ch\/\"},{\"@type\":\"ListItem\",\"position\":2,\"name\":\"Negozio\",\"item\":\"https:\/\/www.tabakversand.ch\/it\/negozio\/\"},{\"@type\":\"ListItem\",\"position\":3,\"name\":\"Corrida Repubblica Dominicana Robusto\"}]},{\"@type\":\"WebSite\",\"@id\":\"https:\/\/www.tabakversand.ch\/#website\",\"url\":\"https:\/\/www.tabakversand.ch\/\",\"name\":\"Tabakversand.ch | Alles aus der Welt des Tabaks\",\"description\":\"Smoke and carpe diem\",\"potentialAction\":[{\"@type\":\"SearchAction\",\"target\":{\"@type\":\"EntryPoint\",\"urlTemplate\":\"https:\/\/www.tabakversand.ch\/?s={search_term_string}\"},\"query-input\":{\"@type\":\"PropertyValueSpecification\",\"valueRequired\":true,\"valueName\":\"search_term_string\"}}],\"inLanguage\":\"it-IT\"}]}<\/script>\n<!-- \/ Yoast SEO plugin. -->","yoast_head_json":{"title":"Corrida Repubblica Dominicana Robusto - Tabakversand.ch | Alles aus der Welt des Tabaks","description":"Corrida Repubblica Dominicana Robusto | La pi\u00f9 grande selezione svizzera di prodotti del tabacco | Tutte le carte accettate!","robots":{"index":"index","follow":"follow","max-snippet":"max-snippet:-1","max-image-preview":"max-image-preview:large","max-video-preview":"max-video-preview:-1"},"canonical":"https:\/\/www.tabakversand.ch\/it\/prodotto\/corrida-repubblica-dominicana-robusto\/","og_locale":"it_IT","og_type":"article","og_title":"Corrida Repubblica Dominicana Robusto - Tabakversand.ch | Alles aus der Welt des Tabaks","og_description":"Corrida Repubblica Dominicana Robusto | La pi\u00f9 grande selezione svizzera di prodotti del tabacco | Tutte le carte accettate!","og_url":"https:\/\/www.tabakversand.ch\/it\/prodotto\/corrida-repubblica-dominicana-robusto\/","og_site_name":"Tabakversand.ch | Alles aus der Welt des Tabaks","article_modified_time":"2025-12-29T10:34:32+00:00","og_image":[{"width":500,"height":450,"url":"https:\/\/www.tabakversand.ch\/wp-content\/uploads\/2022\/03\/corrida-dom-rep-robusto-box.jpg","type":"image\/jpeg"}],"twitter_card":"summary_large_image","twitter_misc":{"Tempo di lettura stimato":"1 minuto"},"schema":{"@context":"https:\/\/schema.org","@graph":[{"@type":"WebPage","@id":"https:\/\/www.tabakversand.ch\/it\/prodotto\/corrida-repubblica-dominicana-robusto\/","url":"https:\/\/www.tabakversand.ch\/it\/prodotto\/corrida-repubblica-dominicana-robusto\/","name":"Corrida Repubblica Dominicana Robusto - Tabakversand.ch | Alles aus der Welt des Tabaks","isPartOf":{"@id":"https:\/\/www.tabakversand.ch\/#website"},"primaryImageOfPage":{"@id":"https:\/\/www.tabakversand.ch\/it\/prodotto\/corrida-repubblica-dominicana-robusto\/#primaryimage"},"image":{"@id":"https:\/\/www.tabakversand.ch\/it\/prodotto\/corrida-repubblica-dominicana-robusto\/#primaryimage"},"thumbnailUrl":"https:\/\/www.tabakversand.ch\/wp-content\/uploads\/2022\/03\/corrida-dom-rep-robusto-box.jpg","datePublished":"2022-04-02T09:16:04+00:00","dateModified":"2025-12-29T10:34:32+00:00","description":"Corrida Repubblica Dominicana Robusto | La pi\u00f9 grande selezione svizzera di prodotti del tabacco | Tutte le carte accettate!","breadcrumb":{"@id":"https:\/\/www.tabakversand.ch\/it\/prodotto\/corrida-repubblica-dominicana-robusto\/#breadcrumb"},"inLanguage":"it-IT","potentialAction":[{"@type":"ReadAction","target":["https:\/\/www.tabakversand.ch\/it\/prodotto\/corrida-repubblica-dominicana-robusto\/"]}]},{"@type":"ImageObject","inLanguage":"it-IT","@id":"https:\/\/www.tabakversand.ch\/it\/prodotto\/corrida-repubblica-dominicana-robusto\/#primaryimage","url":"https:\/\/www.tabakversand.ch\/wp-content\/uploads\/2022\/03\/corrida-dom-rep-robusto-box.jpg","contentUrl":"https:\/\/www.tabakversand.ch\/wp-content\/uploads\/2022\/03\/corrida-dom-rep-robusto-box.jpg","width":500,"height":450,"caption":"Corrida Repubblica Dominicana Robusto"},{"@type":"BreadcrumbList","@id":"https:\/\/www.tabakversand.ch\/it\/prodotto\/corrida-repubblica-dominicana-robusto\/#breadcrumb","itemListElement":[{"@type":"ListItem","position":1,"name":"Startseite","item":"https:\/\/www.tabakversand.ch\/"},{"@type":"ListItem","position":2,"name":"Negozio","item":"https:\/\/www.tabakversand.ch\/it\/negozio\/"},{"@type":"ListItem","position":3,"name":"Corrida Repubblica Dominicana Robusto"}]},{"@type":"WebSite","@id":"https:\/\/www.tabakversand.ch\/#website","url":"https:\/\/www.tabakversand.ch\/","name":"Tabakversand.ch | Alles aus der Welt des Tabaks","description":"Smoke and carpe diem","potentialAction":[{"@type":"SearchAction","target":{"@type":"EntryPoint","urlTemplate":"https:\/\/www.tabakversand.ch\/?s={search_term_string}"},"query-input":{"@type":"PropertyValueSpecification","valueRequired":true,"valueName":"search_term_string"}}],"inLanguage":"it-IT"}]}},"_links":{"self":[{"href":"https:\/\/www.tabakversand.ch\/it\/wp-json\/wp\/v2\/product\/66596","targetHints":{"allow":["GET"]}}],"collection":[{"href":"https:\/\/www.tabakversand.ch\/it\/wp-json\/wp\/v2\/product"}],"about":[{"href":"https:\/\/www.tabakversand.ch\/it\/wp-json\/wp\/v2\/types\/product"}],"version-history":[{"count":2,"href":"https:\/\/www.tabakversand.ch\/it\/wp-json\/wp\/v2\/product\/66596\/revisions"}],"predecessor-version":[{"id":208009,"href":"https:\/\/www.tabakversand.ch\/it\/wp-json\/wp\/v2\/product\/66596\/revisions\/208009"}],"wp:featuredmedia":[{"embeddable":true,"href":"https:\/\/www.tabakversand.ch\/it\/wp-json\/wp\/v2\/media\/66604"}],"wp:attachment":[{"href":"https:\/\/www.tabakversand.ch\/it\/wp-json\/wp\/v2\/media?parent=66596"}],"wp:term":[{"taxonomy":"product_brand","embeddable":true,"href":"https:\/\/www.tabakversand.ch\/it\/wp-json\/wp\/v2\/product_brand?post=66596"},{"taxonomy":"product_cat","embeddable":true,"href":"https:\/\/www.tabakversand.ch\/it\/wp-json\/wp\/v2\/product_cat?post=66596"},{"taxonomy":"product_tag","embeddable":true,"href":"https:\/\/www.tabakversand.ch\/it\/wp-json\/wp\/v2\/product_tag?post=66596"}],"curies":[{"name":"wp","href":"https:\/\/api.w.org\/{rel}","templated":true}]}}