{"id":69696,"date":"2024-11-20T12:24:18","date_gmt":"2024-11-20T11:24:18","guid":{"rendered":"http:\/\/www.tabakversand.ch\/produkt\/montecristo-edmundo-tubos-3-sigari-case\/"},"modified":"2025-04-07T14:11:36","modified_gmt":"2025-04-07T12:11:36","slug":"montecristo-edmundo-tubos-sigari-a-3-casse","status":"publish","type":"product","link":"https:\/\/www.tabakversand.ch\/it\/prodotto\/montecristo-edmundo-tubos-sigari-a-3-casse\/","title":{"rendered":"Montecristo Edmundo Tubos 3 Sigari Case"},"content":{"rendered":"<p>Montecristo Edmundo Tubos 3 Sigari Case<\/p>\n<p>Il Montecristo \u00e8 di gran lunga il marchio pi\u00f9 popolare dell&#8217;Avana. Circa la met\u00e0 dei sigari che Cuba esporta ogni anno presentano una semplice fascetta marrone con la scritta bianca.<br \/>\n Formato: Edmundo<br \/>\n Lunghezza: 13,5 cm<br \/>\n Diametro: 1,06 cm<br \/>\n Tempo di affumicatura: ca. 70 minuti<br \/>\n Riempitivo: Cuba<br \/>\n Copertina: Cuba<br \/>\n Copertina: Cuba<\/p>\n<p>Tutti i prezzi si applicano solo agli ordini online e sono comprensivi di IVA. IVA, soggetta a modifiche pi\u00f9 Spedizione. Con riserva di errori, modifiche nella fornitura e nella progettazione, errori di stampa e modifiche dei prezzi. I prezzi barrati sono invece prezzi. L&#8217;immagine pu\u00f2 differire dall&#8217;originale\/dalla fornitura.<br \/>\n*Spedizione gratuita per ordini superiori a CHF 250.<\/p>\n","protected":false},"excerpt":{"rendered":"<p>Montecristo Edmundo Tubos 3 Sigari Case Il Montecristo \u00e8 di gran lunga il marchio pi\u00f9 popolare dell&#8217;Avana. Circa la met\u00e0 dei sigari che Cuba esporta ogni anno presentano una semplice fascetta marrone con la scritta bianca. Formato: Edmundo Lunghezza: 13,5 cm Diametro: 1,06 cm Tempo di affumicatura: ca. 70 minuti Riempitivo: Cuba Copertina: Cuba Copertina: [&hellip;]<\/p>\n","protected":false},"featured_media":69699,"template":"","meta":[],"product_brand":[1497],"product_cat":[2309,2003,2333,2002],"product_tag":[],"class_list":{"0":"post-69696","1":"product","2":"type-product","3":"status-publish","4":"has-post-thumbnail","6":"product_brand-montecristo","7":"product_cat-cuba-it","8":"product_cat-mondo-dei-sigari","9":"product_cat-montecristo-it","10":"product_cat-sigari","12":"first","13":"outofstock","14":"purchasable","15":"product-type-simple"},"yoast_head":"<!-- This site is optimized with the Yoast SEO plugin v27.0 - https:\/\/yoast.com\/product\/yoast-seo-wordpress\/ -->\n<title>Montecristo Edmundo Tubos 3 Sigari Case - Tabakversand.ch | Alles aus der Welt des Tabaks<\/title>\n<meta name=\"description\" content=\"Montecristo Edmundo Tubos 3 Case Sigari | La pi\u00f9 grande selezione svizzera di prodotti del tabacco | Tutte le carte accettate!\" \/>\n<meta name=\"robots\" content=\"index, follow, max-snippet:-1, max-image-preview:large, max-video-preview:-1\" \/>\n<link rel=\"canonical\" href=\"https:\/\/www.tabakversand.ch\/it\/prodotto\/montecristo-edmundo-tubos-sigari-a-3-casse\/\" \/>\n<meta property=\"og:locale\" content=\"it_IT\" \/>\n<meta property=\"og:type\" content=\"article\" \/>\n<meta property=\"og:title\" content=\"Montecristo Edmundo Tubos 3 Sigari Case - Tabakversand.ch | Alles aus der Welt des Tabaks\" \/>\n<meta property=\"og:description\" content=\"Montecristo Edmundo Tubos 3 Case Sigari | La pi\u00f9 grande selezione svizzera di prodotti del tabacco | Tutte le carte accettate!\" \/>\n<meta property=\"og:url\" content=\"https:\/\/www.tabakversand.ch\/it\/prodotto\/montecristo-edmundo-tubos-sigari-a-3-casse\/\" \/>\n<meta property=\"og:site_name\" content=\"Tabakversand.ch | Alles aus der Welt des Tabaks\" \/>\n<meta property=\"article:modified_time\" content=\"2025-04-07T12:11:36+00:00\" \/>\n<meta property=\"og:image\" content=\"https:\/\/www.tabakversand.ch\/wp-content\/uploads\/2022\/03\/montecristo-edmundo-alu-tubos-3-etui.jpg\" \/>\n\t<meta property=\"og:image:width\" content=\"501\" \/>\n\t<meta property=\"og:image:height\" content=\"500\" \/>\n\t<meta property=\"og:image:type\" content=\"image\/jpeg\" \/>\n<meta name=\"twitter:card\" content=\"summary_large_image\" \/>\n<meta name=\"twitter:label1\" content=\"Tempo di lettura stimato\" \/>\n\t<meta name=\"twitter:data1\" content=\"2 minuti\" \/>\n<script type=\"application\/ld+json\" class=\"yoast-schema-graph\">{\"@context\":\"https:\/\/schema.org\",\"@graph\":[{\"@type\":\"WebPage\",\"@id\":\"https:\/\/www.tabakversand.ch\/it\/prodotto\/montecristo-edmundo-tubos-sigari-a-3-casse\/\",\"url\":\"https:\/\/www.tabakversand.ch\/it\/prodotto\/montecristo-edmundo-tubos-sigari-a-3-casse\/\",\"name\":\"Montecristo Edmundo Tubos 3 Sigari Case - Tabakversand.ch | Alles aus der Welt des Tabaks\",\"isPartOf\":{\"@id\":\"https:\/\/www.tabakversand.ch\/#website\"},\"primaryImageOfPage\":{\"@id\":\"https:\/\/www.tabakversand.ch\/it\/prodotto\/montecristo-edmundo-tubos-sigari-a-3-casse\/#primaryimage\"},\"image\":{\"@id\":\"https:\/\/www.tabakversand.ch\/it\/prodotto\/montecristo-edmundo-tubos-sigari-a-3-casse\/#primaryimage\"},\"thumbnailUrl\":\"https:\/\/www.tabakversand.ch\/wp-content\/uploads\/2022\/03\/montecristo-edmundo-alu-tubos-3-etui.jpg\",\"datePublished\":\"2024-11-20T11:24:18+00:00\",\"dateModified\":\"2025-04-07T12:11:36+00:00\",\"description\":\"Montecristo Edmundo Tubos 3 Case Sigari | La pi\u00f9 grande selezione svizzera di prodotti del tabacco | Tutte le carte accettate!\",\"breadcrumb\":{\"@id\":\"https:\/\/www.tabakversand.ch\/it\/prodotto\/montecristo-edmundo-tubos-sigari-a-3-casse\/#breadcrumb\"},\"inLanguage\":\"it-IT\",\"potentialAction\":[{\"@type\":\"ReadAction\",\"target\":[\"https:\/\/www.tabakversand.ch\/it\/prodotto\/montecristo-edmundo-tubos-sigari-a-3-casse\/\"]}]},{\"@type\":\"ImageObject\",\"inLanguage\":\"it-IT\",\"@id\":\"https:\/\/www.tabakversand.ch\/it\/prodotto\/montecristo-edmundo-tubos-sigari-a-3-casse\/#primaryimage\",\"url\":\"https:\/\/www.tabakversand.ch\/wp-content\/uploads\/2022\/03\/montecristo-edmundo-alu-tubos-3-etui.jpg\",\"contentUrl\":\"https:\/\/www.tabakversand.ch\/wp-content\/uploads\/2022\/03\/montecristo-edmundo-alu-tubos-3-etui.jpg\",\"width\":501,\"height\":500,\"caption\":\"Montecristo Edmundo Tubos 3 Sigari Case\"},{\"@type\":\"BreadcrumbList\",\"@id\":\"https:\/\/www.tabakversand.ch\/it\/prodotto\/montecristo-edmundo-tubos-sigari-a-3-casse\/#breadcrumb\",\"itemListElement\":[{\"@type\":\"ListItem\",\"position\":1,\"name\":\"Startseite\",\"item\":\"https:\/\/www.tabakversand.ch\/\"},{\"@type\":\"ListItem\",\"position\":2,\"name\":\"Negozio\",\"item\":\"https:\/\/www.tabakversand.ch\/it\/negozio\/\"},{\"@type\":\"ListItem\",\"position\":3,\"name\":\"Montecristo Edmundo Tubos 3 Sigari Case\"}]},{\"@type\":\"WebSite\",\"@id\":\"https:\/\/www.tabakversand.ch\/#website\",\"url\":\"https:\/\/www.tabakversand.ch\/\",\"name\":\"Tabakversand.ch | Alles aus der Welt des Tabaks\",\"description\":\"Smoke and carpe diem\",\"potentialAction\":[{\"@type\":\"SearchAction\",\"target\":{\"@type\":\"EntryPoint\",\"urlTemplate\":\"https:\/\/www.tabakversand.ch\/?s={search_term_string}\"},\"query-input\":{\"@type\":\"PropertyValueSpecification\",\"valueRequired\":true,\"valueName\":\"search_term_string\"}}],\"inLanguage\":\"it-IT\"}]}<\/script>\n<!-- \/ Yoast SEO plugin. -->","yoast_head_json":{"title":"Montecristo Edmundo Tubos 3 Sigari Case - Tabakversand.ch | Alles aus der Welt des Tabaks","description":"Montecristo Edmundo Tubos 3 Case Sigari | La pi\u00f9 grande selezione svizzera di prodotti del tabacco | Tutte le carte accettate!","robots":{"index":"index","follow":"follow","max-snippet":"max-snippet:-1","max-image-preview":"max-image-preview:large","max-video-preview":"max-video-preview:-1"},"canonical":"https:\/\/www.tabakversand.ch\/it\/prodotto\/montecristo-edmundo-tubos-sigari-a-3-casse\/","og_locale":"it_IT","og_type":"article","og_title":"Montecristo Edmundo Tubos 3 Sigari Case - Tabakversand.ch | Alles aus der Welt des Tabaks","og_description":"Montecristo Edmundo Tubos 3 Case Sigari | La pi\u00f9 grande selezione svizzera di prodotti del tabacco | Tutte le carte accettate!","og_url":"https:\/\/www.tabakversand.ch\/it\/prodotto\/montecristo-edmundo-tubos-sigari-a-3-casse\/","og_site_name":"Tabakversand.ch | Alles aus der Welt des Tabaks","article_modified_time":"2025-04-07T12:11:36+00:00","og_image":[{"width":501,"height":500,"url":"https:\/\/www.tabakversand.ch\/wp-content\/uploads\/2022\/03\/montecristo-edmundo-alu-tubos-3-etui.jpg","type":"image\/jpeg"}],"twitter_card":"summary_large_image","twitter_misc":{"Tempo di lettura stimato":"2 minuti"},"schema":{"@context":"https:\/\/schema.org","@graph":[{"@type":"WebPage","@id":"https:\/\/www.tabakversand.ch\/it\/prodotto\/montecristo-edmundo-tubos-sigari-a-3-casse\/","url":"https:\/\/www.tabakversand.ch\/it\/prodotto\/montecristo-edmundo-tubos-sigari-a-3-casse\/","name":"Montecristo Edmundo Tubos 3 Sigari Case - Tabakversand.ch | Alles aus der Welt des Tabaks","isPartOf":{"@id":"https:\/\/www.tabakversand.ch\/#website"},"primaryImageOfPage":{"@id":"https:\/\/www.tabakversand.ch\/it\/prodotto\/montecristo-edmundo-tubos-sigari-a-3-casse\/#primaryimage"},"image":{"@id":"https:\/\/www.tabakversand.ch\/it\/prodotto\/montecristo-edmundo-tubos-sigari-a-3-casse\/#primaryimage"},"thumbnailUrl":"https:\/\/www.tabakversand.ch\/wp-content\/uploads\/2022\/03\/montecristo-edmundo-alu-tubos-3-etui.jpg","datePublished":"2024-11-20T11:24:18+00:00","dateModified":"2025-04-07T12:11:36+00:00","description":"Montecristo Edmundo Tubos 3 Case Sigari | La pi\u00f9 grande selezione svizzera di prodotti del tabacco | Tutte le carte accettate!","breadcrumb":{"@id":"https:\/\/www.tabakversand.ch\/it\/prodotto\/montecristo-edmundo-tubos-sigari-a-3-casse\/#breadcrumb"},"inLanguage":"it-IT","potentialAction":[{"@type":"ReadAction","target":["https:\/\/www.tabakversand.ch\/it\/prodotto\/montecristo-edmundo-tubos-sigari-a-3-casse\/"]}]},{"@type":"ImageObject","inLanguage":"it-IT","@id":"https:\/\/www.tabakversand.ch\/it\/prodotto\/montecristo-edmundo-tubos-sigari-a-3-casse\/#primaryimage","url":"https:\/\/www.tabakversand.ch\/wp-content\/uploads\/2022\/03\/montecristo-edmundo-alu-tubos-3-etui.jpg","contentUrl":"https:\/\/www.tabakversand.ch\/wp-content\/uploads\/2022\/03\/montecristo-edmundo-alu-tubos-3-etui.jpg","width":501,"height":500,"caption":"Montecristo Edmundo Tubos 3 Sigari Case"},{"@type":"BreadcrumbList","@id":"https:\/\/www.tabakversand.ch\/it\/prodotto\/montecristo-edmundo-tubos-sigari-a-3-casse\/#breadcrumb","itemListElement":[{"@type":"ListItem","position":1,"name":"Startseite","item":"https:\/\/www.tabakversand.ch\/"},{"@type":"ListItem","position":2,"name":"Negozio","item":"https:\/\/www.tabakversand.ch\/it\/negozio\/"},{"@type":"ListItem","position":3,"name":"Montecristo Edmundo Tubos 3 Sigari Case"}]},{"@type":"WebSite","@id":"https:\/\/www.tabakversand.ch\/#website","url":"https:\/\/www.tabakversand.ch\/","name":"Tabakversand.ch | Alles aus der Welt des Tabaks","description":"Smoke and carpe diem","potentialAction":[{"@type":"SearchAction","target":{"@type":"EntryPoint","urlTemplate":"https:\/\/www.tabakversand.ch\/?s={search_term_string}"},"query-input":{"@type":"PropertyValueSpecification","valueRequired":true,"valueName":"search_term_string"}}],"inLanguage":"it-IT"}]}},"_links":{"self":[{"href":"https:\/\/www.tabakversand.ch\/it\/wp-json\/wp\/v2\/product\/69696","targetHints":{"allow":["GET"]}}],"collection":[{"href":"https:\/\/www.tabakversand.ch\/it\/wp-json\/wp\/v2\/product"}],"about":[{"href":"https:\/\/www.tabakversand.ch\/it\/wp-json\/wp\/v2\/types\/product"}],"version-history":[{"count":5,"href":"https:\/\/www.tabakversand.ch\/it\/wp-json\/wp\/v2\/product\/69696\/revisions"}],"predecessor-version":[{"id":180079,"href":"https:\/\/www.tabakversand.ch\/it\/wp-json\/wp\/v2\/product\/69696\/revisions\/180079"}],"wp:featuredmedia":[{"embeddable":true,"href":"https:\/\/www.tabakversand.ch\/it\/wp-json\/wp\/v2\/media\/69699"}],"wp:attachment":[{"href":"https:\/\/www.tabakversand.ch\/it\/wp-json\/wp\/v2\/media?parent=69696"}],"wp:term":[{"taxonomy":"product_brand","embeddable":true,"href":"https:\/\/www.tabakversand.ch\/it\/wp-json\/wp\/v2\/product_brand?post=69696"},{"taxonomy":"product_cat","embeddable":true,"href":"https:\/\/www.tabakversand.ch\/it\/wp-json\/wp\/v2\/product_cat?post=69696"},{"taxonomy":"product_tag","embeddable":true,"href":"https:\/\/www.tabakversand.ch\/it\/wp-json\/wp\/v2\/product_tag?post=69696"}],"curies":[{"name":"wp","href":"https:\/\/api.w.org\/{rel}","templated":true}]}}