{"id":70070,"date":"2022-04-02T11:00:55","date_gmt":"2022-04-02T09:00:55","guid":{"rendered":"http:\/\/www.tabakversand.ch\/produkt\/fred-miscela-originale-80gr-tabacco-da-sigaretta\/"},"modified":"2026-05-12T09:33:10","modified_gmt":"2026-05-12T07:33:10","slug":"fred-original-blend-80gr-tabacco-da-sigaretta","status":"publish","type":"product","link":"https:\/\/www.tabakversand.ch\/it\/prodotto\/fred-original-blend-80gr-tabacco-da-sigaretta\/","title":{"rendered":"Fred Original Blend giallo"},"content":{"rendered":"<p>Fred Original Blend giallo<\/p>\n<p>Sapore robusto, qualit\u00e0 pura<\/p>\n<p>Fred Original Blend Jaune colpisce per il suo aroma leggermente pi\u00f9 forte e intenso rispetto allo Special Blend Roses ed \u00e8 pensato per i fumatori che preferiscono un aroma pi\u00f9 pieno. La miscela di tabacco accuratamente bilanciata garantisce un&#8217;esperienza di fumo espressiva ma ben bilanciata. <\/p>\n<p>La pratica scatola di latta offre una protezione ottimale e una freschezza duratura:<\/p>\n<p>Caratteristiche del prodotto:<\/p>\n<ul>\n<li>Pi\u00f9 forte nel sapore rispetto alla miscela speciale<\/li>\n<li>Pu\u00f2 essere sigillato \u2013 100% ermetico<\/li>\n<li>Controllo integrato dell&#8217;umidit\u00e0: mantiene il tabacco fresco pi\u00f9 a lungo<\/li>\n<li>Senza additivi \u2013 100% tabacco puro<\/li>\n<\/ul>\n<p>Fred Original Blend \u00e8 sinonimo di piacere intenso e genuino del tabacco e di qualit\u00e0 affidabile.<\/p>\n<p>Su tabakversand.ch riceverete il tabacco da rollare e da pipa Fred Original Blend giallo, conservato fresco e nella sua confezione originale. Una conservazione accurata garantisce che l&#8217;aroma, l&#8217;umidit\u00e0 e la qualit\u00e0 siano preservati in modo ottimale fino alla spedizione. Grazie alla consegna rapida in Svizzera, il vostro tabacco da rollare arriver\u00e0 solitamente in breve tempo.  <\/p>\n<p>Per maggiori informazioni sul tabacco da rollare, visita la voce corrispondente su Wikipedia: <a href=\"https:\/\/de.wikipedia.org\/wiki\/Shag_(Tabak)\">clicca qui<\/a> . Per qualsiasi domanda sul prodotto, non esitare a contattarci: <a href=\"https:\/\/www.tabakversand.ch\/kontakt\/\">clicca qui<\/a> . <\/p>\n<p>Tutti i prezzi sono validi solo per gli ordini online e includono l&#8217;IVA, sono soggetti a modifiche senza preavviso e non includono le spese di spedizione.   Con riserva di errori, modifiche nella fornitura e nella progettazione, errori di stampa e modifiche dei prezzi. I prezzi barrati sono invece prezzi. L&#8217;immagine pu\u00f2 differire dall&#8217;originale\/dalla fornitura.<br \/>\n*Spedizione gratuita per ordini superiori a CHF 250.-.<\/p>\n","protected":false},"excerpt":{"rendered":"<p>Fred Original Blend giallo Sapore robusto, qualit\u00e0 pura Fred Original Blend Jaune colpisce per il suo aroma leggermente pi\u00f9 forte e intenso rispetto allo Special Blend Roses ed \u00e8 pensato per i fumatori che preferiscono un aroma pi\u00f9 pieno. La miscela di tabacco accuratamente bilanciata garantisce un&#8217;esperienza di fumo espressiva ma ben bilanciata. La pratica [&hellip;]<\/p>\n","protected":false},"featured_media":213540,"template":"","meta":[],"product_brand":[],"product_cat":[1962,1889,1965,1966],"product_tag":[],"class_list":{"0":"post-70070","1":"product","2":"type-product","3":"status-publish","4":"has-post-thumbnail","6":"product_cat-sigarette-self-made","7":"product_cat-tabacco","8":"product_cat-tabacco-da-sigaretta","9":"product_cat-tabacco-da-sigaretta-it","10":"pa_tabak-huelsen-1-x-25-gr","11":"pa_tabak-huelsen-1-x-70-gr","13":"first","14":"instock","15":"purchasable","16":"product-type-variable"},"yoast_head":"<!-- This site is optimized with the Yoast SEO plugin v27.5 - https:\/\/yoast.com\/product\/yoast-seo-wordpress\/ -->\n<title>Fred Original Blend giallo - tabakversand.ch<\/title>\n<meta name=\"description\" content=\"Tabacco per sigarette Fred Original Blend Jaun: pi\u00f9 forte delle rose Special Blend, tabacco puro al 100% senza additivi, sigillato ermeticamente e rimane fresco a lungo.\" \/>\n<meta name=\"robots\" content=\"index, follow, max-snippet:-1, max-image-preview:large, max-video-preview:-1\" \/>\n<link rel=\"canonical\" href=\"https:\/\/www.tabakversand.ch\/it\/prodotto\/fred-original-blend-80gr-tabacco-da-sigaretta\/\" \/>\n<meta property=\"og:locale\" content=\"it_IT\" \/>\n<meta property=\"og:type\" content=\"article\" \/>\n<meta property=\"og:title\" content=\"Fred Original Blend giallo - tabakversand.ch\" \/>\n<meta property=\"og:description\" content=\"Tabacco per sigarette Fred Original Blend Jaun: pi\u00f9 forte delle rose Special Blend, tabacco puro al 100% senza additivi, sigillato ermeticamente e rimane fresco a lungo.\" \/>\n<meta property=\"og:url\" content=\"https:\/\/www.tabakversand.ch\/it\/prodotto\/fred-original-blend-80gr-tabacco-da-sigaretta\/\" \/>\n<meta property=\"og:site_name\" content=\"Tabakversand.ch | Alles aus der Welt des Tabaks\" \/>\n<meta property=\"article:modified_time\" content=\"2026-05-12T07:33:10+00:00\" \/>\n<meta property=\"og:image\" content=\"https:\/\/www.tabakversand.ch\/wp-content\/uploads\/2022\/04\/fred-original-all.jpg\" \/>\n\t<meta property=\"og:image:width\" content=\"500\" \/>\n\t<meta property=\"og:image:height\" content=\"500\" \/>\n\t<meta property=\"og:image:type\" content=\"image\/jpeg\" \/>\n<meta name=\"twitter:card\" content=\"summary_large_image\" \/>\n<meta name=\"twitter:label1\" content=\"Tempo di lettura stimato\" \/>\n\t<meta name=\"twitter:data1\" content=\"2 minuti\" \/>\n<script type=\"application\/ld+json\" class=\"yoast-schema-graph\">{\"@context\":\"https:\\\/\\\/schema.org\",\"@graph\":[{\"@type\":\"WebPage\",\"@id\":\"https:\\\/\\\/www.tabakversand.ch\\\/it\\\/prodotto\\\/fred-original-blend-80gr-tabacco-da-sigaretta\\\/\",\"url\":\"https:\\\/\\\/www.tabakversand.ch\\\/it\\\/prodotto\\\/fred-original-blend-80gr-tabacco-da-sigaretta\\\/\",\"name\":\"Fred Original Blend giallo - tabakversand.ch\",\"isPartOf\":{\"@id\":\"https:\\\/\\\/www.tabakversand.ch\\\/#website\"},\"primaryImageOfPage\":{\"@id\":\"https:\\\/\\\/www.tabakversand.ch\\\/it\\\/prodotto\\\/fred-original-blend-80gr-tabacco-da-sigaretta\\\/#primaryimage\"},\"image\":{\"@id\":\"https:\\\/\\\/www.tabakversand.ch\\\/it\\\/prodotto\\\/fred-original-blend-80gr-tabacco-da-sigaretta\\\/#primaryimage\"},\"thumbnailUrl\":\"https:\\\/\\\/www.tabakversand.ch\\\/wp-content\\\/uploads\\\/2022\\\/04\\\/fred-original-all.jpg\",\"datePublished\":\"2022-04-02T09:00:55+00:00\",\"dateModified\":\"2026-05-12T07:33:10+00:00\",\"description\":\"Tabacco per sigarette Fred Original Blend Jaun: pi\u00f9 forte delle rose Special Blend, tabacco puro al 100% senza additivi, sigillato ermeticamente e rimane fresco a lungo.\",\"breadcrumb\":{\"@id\":\"https:\\\/\\\/www.tabakversand.ch\\\/it\\\/prodotto\\\/fred-original-blend-80gr-tabacco-da-sigaretta\\\/#breadcrumb\"},\"inLanguage\":\"it-IT\",\"potentialAction\":[{\"@type\":\"ReadAction\",\"target\":[\"https:\\\/\\\/www.tabakversand.ch\\\/it\\\/prodotto\\\/fred-original-blend-80gr-tabacco-da-sigaretta\\\/\"]}]},{\"@type\":\"ImageObject\",\"inLanguage\":\"it-IT\",\"@id\":\"https:\\\/\\\/www.tabakversand.ch\\\/it\\\/prodotto\\\/fred-original-blend-80gr-tabacco-da-sigaretta\\\/#primaryimage\",\"url\":\"https:\\\/\\\/www.tabakversand.ch\\\/wp-content\\\/uploads\\\/2022\\\/04\\\/fred-original-all.jpg\",\"contentUrl\":\"https:\\\/\\\/www.tabakversand.ch\\\/wp-content\\\/uploads\\\/2022\\\/04\\\/fred-original-all.jpg\",\"width\":500,\"height\":500,\"caption\":\"Fred Original Blend jaune | tabakversand.ch\"},{\"@type\":\"BreadcrumbList\",\"@id\":\"https:\\\/\\\/www.tabakversand.ch\\\/it\\\/prodotto\\\/fred-original-blend-80gr-tabacco-da-sigaretta\\\/#breadcrumb\",\"itemListElement\":[{\"@type\":\"ListItem\",\"position\":1,\"name\":\"Startseite\",\"item\":\"https:\\\/\\\/www.tabakversand.ch\\\/\"},{\"@type\":\"ListItem\",\"position\":2,\"name\":\"Negozio\",\"item\":\"https:\\\/\\\/www.tabakversand.ch\\\/it\\\/negozio\\\/\"},{\"@type\":\"ListItem\",\"position\":3,\"name\":\"Fred Original Blend giallo\"}]},{\"@type\":\"WebSite\",\"@id\":\"https:\\\/\\\/www.tabakversand.ch\\\/#website\",\"url\":\"https:\\\/\\\/www.tabakversand.ch\\\/\",\"name\":\"Tabakversand.ch | Alles aus der Welt des Tabaks\",\"description\":\"Smoke and carpe diem\",\"potentialAction\":[{\"@type\":\"SearchAction\",\"target\":{\"@type\":\"EntryPoint\",\"urlTemplate\":\"https:\\\/\\\/www.tabakversand.ch\\\/?s={search_term_string}\"},\"query-input\":{\"@type\":\"PropertyValueSpecification\",\"valueRequired\":true,\"valueName\":\"search_term_string\"}}],\"inLanguage\":\"it-IT\"}]}<\/script>\n<!-- \/ Yoast SEO plugin. -->","yoast_head_json":{"title":"Fred Original Blend giallo - tabakversand.ch","description":"Tabacco per sigarette Fred Original Blend Jaun: pi\u00f9 forte delle rose Special Blend, tabacco puro al 100% senza additivi, sigillato ermeticamente e rimane fresco a lungo.","robots":{"index":"index","follow":"follow","max-snippet":"max-snippet:-1","max-image-preview":"max-image-preview:large","max-video-preview":"max-video-preview:-1"},"canonical":"https:\/\/www.tabakversand.ch\/it\/prodotto\/fred-original-blend-80gr-tabacco-da-sigaretta\/","og_locale":"it_IT","og_type":"article","og_title":"Fred Original Blend giallo - tabakversand.ch","og_description":"Tabacco per sigarette Fred Original Blend Jaun: pi\u00f9 forte delle rose Special Blend, tabacco puro al 100% senza additivi, sigillato ermeticamente e rimane fresco a lungo.","og_url":"https:\/\/www.tabakversand.ch\/it\/prodotto\/fred-original-blend-80gr-tabacco-da-sigaretta\/","og_site_name":"Tabakversand.ch | Alles aus der Welt des Tabaks","article_modified_time":"2026-05-12T07:33:10+00:00","og_image":[{"width":500,"height":500,"url":"https:\/\/www.tabakversand.ch\/wp-content\/uploads\/2022\/04\/fred-original-all.jpg","type":"image\/jpeg"}],"twitter_card":"summary_large_image","twitter_misc":{"Tempo di lettura stimato":"2 minuti"},"schema":{"@context":"https:\/\/schema.org","@graph":[{"@type":"WebPage","@id":"https:\/\/www.tabakversand.ch\/it\/prodotto\/fred-original-blend-80gr-tabacco-da-sigaretta\/","url":"https:\/\/www.tabakversand.ch\/it\/prodotto\/fred-original-blend-80gr-tabacco-da-sigaretta\/","name":"Fred Original Blend giallo - tabakversand.ch","isPartOf":{"@id":"https:\/\/www.tabakversand.ch\/#website"},"primaryImageOfPage":{"@id":"https:\/\/www.tabakversand.ch\/it\/prodotto\/fred-original-blend-80gr-tabacco-da-sigaretta\/#primaryimage"},"image":{"@id":"https:\/\/www.tabakversand.ch\/it\/prodotto\/fred-original-blend-80gr-tabacco-da-sigaretta\/#primaryimage"},"thumbnailUrl":"https:\/\/www.tabakversand.ch\/wp-content\/uploads\/2022\/04\/fred-original-all.jpg","datePublished":"2022-04-02T09:00:55+00:00","dateModified":"2026-05-12T07:33:10+00:00","description":"Tabacco per sigarette Fred Original Blend Jaun: pi\u00f9 forte delle rose Special Blend, tabacco puro al 100% senza additivi, sigillato ermeticamente e rimane fresco a lungo.","breadcrumb":{"@id":"https:\/\/www.tabakversand.ch\/it\/prodotto\/fred-original-blend-80gr-tabacco-da-sigaretta\/#breadcrumb"},"inLanguage":"it-IT","potentialAction":[{"@type":"ReadAction","target":["https:\/\/www.tabakversand.ch\/it\/prodotto\/fred-original-blend-80gr-tabacco-da-sigaretta\/"]}]},{"@type":"ImageObject","inLanguage":"it-IT","@id":"https:\/\/www.tabakversand.ch\/it\/prodotto\/fred-original-blend-80gr-tabacco-da-sigaretta\/#primaryimage","url":"https:\/\/www.tabakversand.ch\/wp-content\/uploads\/2022\/04\/fred-original-all.jpg","contentUrl":"https:\/\/www.tabakversand.ch\/wp-content\/uploads\/2022\/04\/fred-original-all.jpg","width":500,"height":500,"caption":"Fred Original Blend jaune | tabakversand.ch"},{"@type":"BreadcrumbList","@id":"https:\/\/www.tabakversand.ch\/it\/prodotto\/fred-original-blend-80gr-tabacco-da-sigaretta\/#breadcrumb","itemListElement":[{"@type":"ListItem","position":1,"name":"Startseite","item":"https:\/\/www.tabakversand.ch\/"},{"@type":"ListItem","position":2,"name":"Negozio","item":"https:\/\/www.tabakversand.ch\/it\/negozio\/"},{"@type":"ListItem","position":3,"name":"Fred Original Blend giallo"}]},{"@type":"WebSite","@id":"https:\/\/www.tabakversand.ch\/#website","url":"https:\/\/www.tabakversand.ch\/","name":"Tabakversand.ch | Alles aus der Welt des Tabaks","description":"Smoke and carpe diem","potentialAction":[{"@type":"SearchAction","target":{"@type":"EntryPoint","urlTemplate":"https:\/\/www.tabakversand.ch\/?s={search_term_string}"},"query-input":{"@type":"PropertyValueSpecification","valueRequired":true,"valueName":"search_term_string"}}],"inLanguage":"it-IT"}]}},"_links":{"self":[{"href":"https:\/\/www.tabakversand.ch\/it\/wp-json\/wp\/v2\/product\/70070","targetHints":{"allow":["GET"]}}],"collection":[{"href":"https:\/\/www.tabakversand.ch\/it\/wp-json\/wp\/v2\/product"}],"about":[{"href":"https:\/\/www.tabakversand.ch\/it\/wp-json\/wp\/v2\/types\/product"}],"version-history":[{"count":6,"href":"https:\/\/www.tabakversand.ch\/it\/wp-json\/wp\/v2\/product\/70070\/revisions"}],"predecessor-version":[{"id":219130,"href":"https:\/\/www.tabakversand.ch\/it\/wp-json\/wp\/v2\/product\/70070\/revisions\/219130"}],"wp:featuredmedia":[{"embeddable":true,"href":"https:\/\/www.tabakversand.ch\/it\/wp-json\/wp\/v2\/media\/213540"}],"wp:attachment":[{"href":"https:\/\/www.tabakversand.ch\/it\/wp-json\/wp\/v2\/media?parent=70070"}],"wp:term":[{"taxonomy":"product_brand","embeddable":true,"href":"https:\/\/www.tabakversand.ch\/it\/wp-json\/wp\/v2\/product_brand?post=70070"},{"taxonomy":"product_cat","embeddable":true,"href":"https:\/\/www.tabakversand.ch\/it\/wp-json\/wp\/v2\/product_cat?post=70070"},{"taxonomy":"product_tag","embeddable":true,"href":"https:\/\/www.tabakversand.ch\/it\/wp-json\/wp\/v2\/product_tag?post=70070"}],"curies":[{"name":"wp","href":"https:\/\/api.w.org\/{rel}","templated":true}]}}