{"id":71316,"date":"2022-04-02T10:56:17","date_gmt":"2022-04-02T08:56:17","guid":{"rendered":"http:\/\/www.tabakversand.ch\/produkt\/w-oe-larsen-tabacco-da-pipa-signature-100gr\/"},"modified":"2026-04-14T20:49:29","modified_gmt":"2026-04-14T18:49:29","slug":"w-oe-larsen-signature-pipe-tabacco-100gr","status":"publish","type":"product","link":"https:\/\/www.tabakversand.ch\/it\/prodotto\/w-oe-larsen-signature-pipe-tabacco-100gr\/","title":{"rendered":"W.\u00d8. Larsen Tabacco da Pipa Signature 100gr."},"content":{"rendered":"<p>W.\u00d8. Larsen Tabacco da Pipa Signature 100gr.<\/p>\n<p>Una miscela di tabacchi Virginia maturati tradizionalmente dagli Stati Uniti con foglie di Burley messicano e profumato Virginia dal Malawi.<br \/>\n Aroma: frutti di bosco, caramello e vaniglia<br \/>\n Tipo di taglio: Miscela<\/p>\n<p>Tutti i prezzi sono validi solo per gli ordini online e includono l&#8217;IVA, sono soggetti a modifiche senza preavviso e non includono le spese di spedizione.   Con riserva di errori, modifiche nella fornitura e nella progettazione, errori di stampa e modifiche dei prezzi. I prezzi barrati sono invece prezzi. L&#8217;immagine pu\u00f2 differire dall&#8217;originale\/dalla fornitura.<br \/>\n*Spedizione gratuita per ordini superiori a CHF 250.-.<\/p>\n","protected":false},"excerpt":{"rendered":"<p>W.\u00d8. Larsen Tabacco da Pipa Signature 100gr. Una miscela di tabacchi Virginia maturati tradizionalmente dagli Stati Uniti con foglie di Burley messicano e profumato Virginia dal Malawi. Aroma: frutti di bosco, caramello e vaniglia Tipo di taglio: Miscela Tutti i prezzi sono validi solo per gli ordini online e includono l&#8217;IVA, sono soggetti a modifiche [&hellip;]<\/p>\n","protected":false},"featured_media":71323,"template":"","meta":[],"product_brand":[5870],"product_cat":[5810,1944,1889,2050],"product_tag":[],"class_list":{"0":"post-71316","1":"product","2":"type-product","3":"status-publish","4":"has-post-thumbnail","6":"product_brand-w-o-larsen-pfeifentabak","7":"product_cat-canta","8":"product_cat-mondo-pipe","9":"product_cat-tabacco","10":"product_cat-tabacco-da-pipa-it","12":"first","13":"onbackorder","14":"purchasable","15":"product-type-simple"},"yoast_head":"<!-- This site is optimized with the Yoast SEO plugin v27.5 - https:\/\/yoast.com\/product\/yoast-seo-wordpress\/ -->\n<title>W.\u00d8. Larsen Tabacco da Pipa Signature 100gr. - Tabakversand.ch | Alles aus der Welt des Tabaks<\/title>\n<meta name=\"description\" content=\"W.\u00d8. Larsen Tabacco da pipa Signature 100gr. | La pi\u00f9 grande selezione svizzera di prodotti del tabacco | Tutte le carte accettate!\" \/>\n<meta name=\"robots\" content=\"index, follow, max-snippet:-1, max-image-preview:large, max-video-preview:-1\" \/>\n<link rel=\"canonical\" href=\"https:\/\/www.tabakversand.ch\/it\/prodotto\/w-oe-larsen-signature-pipe-tabacco-100gr\/\" \/>\n<meta property=\"og:locale\" content=\"it_IT\" \/>\n<meta property=\"og:type\" content=\"article\" \/>\n<meta property=\"og:title\" content=\"W.\u00d8. Larsen Tabacco da Pipa Signature 100gr. - Tabakversand.ch | Alles aus der Welt des Tabaks\" \/>\n<meta property=\"og:description\" content=\"W.\u00d8. Larsen Tabacco da pipa Signature 100gr. | La pi\u00f9 grande selezione svizzera di prodotti del tabacco | Tutte le carte accettate!\" \/>\n<meta property=\"og:url\" content=\"https:\/\/www.tabakversand.ch\/it\/prodotto\/w-oe-larsen-signature-pipe-tabacco-100gr\/\" \/>\n<meta property=\"og:site_name\" content=\"Tabakversand.ch | Alles aus der Welt des Tabaks\" \/>\n<meta property=\"article:modified_time\" content=\"2026-04-14T18:49:29+00:00\" \/>\n<meta property=\"og:image\" content=\"https:\/\/www.tabakversand.ch\/wp-content\/uploads\/2022\/03\/wo-larsen-signature-pfeifentabak.jpg\" \/>\n\t<meta property=\"og:image:width\" content=\"500\" \/>\n\t<meta property=\"og:image:height\" content=\"500\" \/>\n\t<meta property=\"og:image:type\" content=\"image\/jpeg\" \/>\n<meta name=\"twitter:card\" content=\"summary_large_image\" \/>\n<meta name=\"twitter:label1\" content=\"Tempo di lettura stimato\" \/>\n\t<meta name=\"twitter:data1\" content=\"1 minuto\" \/>\n<script type=\"application\/ld+json\" class=\"yoast-schema-graph\">{\"@context\":\"https:\\\/\\\/schema.org\",\"@graph\":[{\"@type\":\"WebPage\",\"@id\":\"https:\\\/\\\/www.tabakversand.ch\\\/it\\\/prodotto\\\/w-oe-larsen-signature-pipe-tabacco-100gr\\\/\",\"url\":\"https:\\\/\\\/www.tabakversand.ch\\\/it\\\/prodotto\\\/w-oe-larsen-signature-pipe-tabacco-100gr\\\/\",\"name\":\"W.\u00d8. Larsen Tabacco da Pipa Signature 100gr. - Tabakversand.ch | Alles aus der Welt des Tabaks\",\"isPartOf\":{\"@id\":\"https:\\\/\\\/www.tabakversand.ch\\\/#website\"},\"primaryImageOfPage\":{\"@id\":\"https:\\\/\\\/www.tabakversand.ch\\\/it\\\/prodotto\\\/w-oe-larsen-signature-pipe-tabacco-100gr\\\/#primaryimage\"},\"image\":{\"@id\":\"https:\\\/\\\/www.tabakversand.ch\\\/it\\\/prodotto\\\/w-oe-larsen-signature-pipe-tabacco-100gr\\\/#primaryimage\"},\"thumbnailUrl\":\"https:\\\/\\\/www.tabakversand.ch\\\/wp-content\\\/uploads\\\/2022\\\/03\\\/wo-larsen-signature-pfeifentabak.jpg\",\"datePublished\":\"2022-04-02T08:56:17+00:00\",\"dateModified\":\"2026-04-14T18:49:29+00:00\",\"description\":\"W.\u00d8. Larsen Tabacco da pipa Signature 100gr. | La pi\u00f9 grande selezione svizzera di prodotti del tabacco | Tutte le carte accettate!\",\"breadcrumb\":{\"@id\":\"https:\\\/\\\/www.tabakversand.ch\\\/it\\\/prodotto\\\/w-oe-larsen-signature-pipe-tabacco-100gr\\\/#breadcrumb\"},\"inLanguage\":\"it-IT\",\"potentialAction\":[{\"@type\":\"ReadAction\",\"target\":[\"https:\\\/\\\/www.tabakversand.ch\\\/it\\\/prodotto\\\/w-oe-larsen-signature-pipe-tabacco-100gr\\\/\"]}]},{\"@type\":\"ImageObject\",\"inLanguage\":\"it-IT\",\"@id\":\"https:\\\/\\\/www.tabakversand.ch\\\/it\\\/prodotto\\\/w-oe-larsen-signature-pipe-tabacco-100gr\\\/#primaryimage\",\"url\":\"https:\\\/\\\/www.tabakversand.ch\\\/wp-content\\\/uploads\\\/2022\\\/03\\\/wo-larsen-signature-pfeifentabak.jpg\",\"contentUrl\":\"https:\\\/\\\/www.tabakversand.ch\\\/wp-content\\\/uploads\\\/2022\\\/03\\\/wo-larsen-signature-pfeifentabak.jpg\",\"width\":500,\"height\":500,\"caption\":\"W.\u00d8. Larsen Tabacco da Pipa Signature 100gr.\"},{\"@type\":\"BreadcrumbList\",\"@id\":\"https:\\\/\\\/www.tabakversand.ch\\\/it\\\/prodotto\\\/w-oe-larsen-signature-pipe-tabacco-100gr\\\/#breadcrumb\",\"itemListElement\":[{\"@type\":\"ListItem\",\"position\":1,\"name\":\"Startseite\",\"item\":\"https:\\\/\\\/www.tabakversand.ch\\\/\"},{\"@type\":\"ListItem\",\"position\":2,\"name\":\"Negozio\",\"item\":\"https:\\\/\\\/www.tabakversand.ch\\\/it\\\/negozio\\\/\"},{\"@type\":\"ListItem\",\"position\":3,\"name\":\"W.\u00d8. Larsen Tabacco da Pipa Signature 100gr.\"}]},{\"@type\":\"WebSite\",\"@id\":\"https:\\\/\\\/www.tabakversand.ch\\\/#website\",\"url\":\"https:\\\/\\\/www.tabakversand.ch\\\/\",\"name\":\"Tabakversand.ch | Alles aus der Welt des Tabaks\",\"description\":\"Smoke and carpe diem\",\"potentialAction\":[{\"@type\":\"SearchAction\",\"target\":{\"@type\":\"EntryPoint\",\"urlTemplate\":\"https:\\\/\\\/www.tabakversand.ch\\\/?s={search_term_string}\"},\"query-input\":{\"@type\":\"PropertyValueSpecification\",\"valueRequired\":true,\"valueName\":\"search_term_string\"}}],\"inLanguage\":\"it-IT\"}]}<\/script>\n<!-- \/ Yoast SEO plugin. -->","yoast_head_json":{"title":"W.\u00d8. Larsen Tabacco da Pipa Signature 100gr. - Tabakversand.ch | Alles aus der Welt des Tabaks","description":"W.\u00d8. Larsen Tabacco da pipa Signature 100gr. | La pi\u00f9 grande selezione svizzera di prodotti del tabacco | Tutte le carte accettate!","robots":{"index":"index","follow":"follow","max-snippet":"max-snippet:-1","max-image-preview":"max-image-preview:large","max-video-preview":"max-video-preview:-1"},"canonical":"https:\/\/www.tabakversand.ch\/it\/prodotto\/w-oe-larsen-signature-pipe-tabacco-100gr\/","og_locale":"it_IT","og_type":"article","og_title":"W.\u00d8. Larsen Tabacco da Pipa Signature 100gr. - Tabakversand.ch | Alles aus der Welt des Tabaks","og_description":"W.\u00d8. Larsen Tabacco da pipa Signature 100gr. | La pi\u00f9 grande selezione svizzera di prodotti del tabacco | Tutte le carte accettate!","og_url":"https:\/\/www.tabakversand.ch\/it\/prodotto\/w-oe-larsen-signature-pipe-tabacco-100gr\/","og_site_name":"Tabakversand.ch | Alles aus der Welt des Tabaks","article_modified_time":"2026-04-14T18:49:29+00:00","og_image":[{"width":500,"height":500,"url":"https:\/\/www.tabakversand.ch\/wp-content\/uploads\/2022\/03\/wo-larsen-signature-pfeifentabak.jpg","type":"image\/jpeg"}],"twitter_card":"summary_large_image","twitter_misc":{"Tempo di lettura stimato":"1 minuto"},"schema":{"@context":"https:\/\/schema.org","@graph":[{"@type":"WebPage","@id":"https:\/\/www.tabakversand.ch\/it\/prodotto\/w-oe-larsen-signature-pipe-tabacco-100gr\/","url":"https:\/\/www.tabakversand.ch\/it\/prodotto\/w-oe-larsen-signature-pipe-tabacco-100gr\/","name":"W.\u00d8. Larsen Tabacco da Pipa Signature 100gr. - Tabakversand.ch | Alles aus der Welt des Tabaks","isPartOf":{"@id":"https:\/\/www.tabakversand.ch\/#website"},"primaryImageOfPage":{"@id":"https:\/\/www.tabakversand.ch\/it\/prodotto\/w-oe-larsen-signature-pipe-tabacco-100gr\/#primaryimage"},"image":{"@id":"https:\/\/www.tabakversand.ch\/it\/prodotto\/w-oe-larsen-signature-pipe-tabacco-100gr\/#primaryimage"},"thumbnailUrl":"https:\/\/www.tabakversand.ch\/wp-content\/uploads\/2022\/03\/wo-larsen-signature-pfeifentabak.jpg","datePublished":"2022-04-02T08:56:17+00:00","dateModified":"2026-04-14T18:49:29+00:00","description":"W.\u00d8. Larsen Tabacco da pipa Signature 100gr. | La pi\u00f9 grande selezione svizzera di prodotti del tabacco | Tutte le carte accettate!","breadcrumb":{"@id":"https:\/\/www.tabakversand.ch\/it\/prodotto\/w-oe-larsen-signature-pipe-tabacco-100gr\/#breadcrumb"},"inLanguage":"it-IT","potentialAction":[{"@type":"ReadAction","target":["https:\/\/www.tabakversand.ch\/it\/prodotto\/w-oe-larsen-signature-pipe-tabacco-100gr\/"]}]},{"@type":"ImageObject","inLanguage":"it-IT","@id":"https:\/\/www.tabakversand.ch\/it\/prodotto\/w-oe-larsen-signature-pipe-tabacco-100gr\/#primaryimage","url":"https:\/\/www.tabakversand.ch\/wp-content\/uploads\/2022\/03\/wo-larsen-signature-pfeifentabak.jpg","contentUrl":"https:\/\/www.tabakversand.ch\/wp-content\/uploads\/2022\/03\/wo-larsen-signature-pfeifentabak.jpg","width":500,"height":500,"caption":"W.\u00d8. Larsen Tabacco da Pipa Signature 100gr."},{"@type":"BreadcrumbList","@id":"https:\/\/www.tabakversand.ch\/it\/prodotto\/w-oe-larsen-signature-pipe-tabacco-100gr\/#breadcrumb","itemListElement":[{"@type":"ListItem","position":1,"name":"Startseite","item":"https:\/\/www.tabakversand.ch\/"},{"@type":"ListItem","position":2,"name":"Negozio","item":"https:\/\/www.tabakversand.ch\/it\/negozio\/"},{"@type":"ListItem","position":3,"name":"W.\u00d8. Larsen Tabacco da Pipa Signature 100gr."}]},{"@type":"WebSite","@id":"https:\/\/www.tabakversand.ch\/#website","url":"https:\/\/www.tabakversand.ch\/","name":"Tabakversand.ch | Alles aus der Welt des Tabaks","description":"Smoke and carpe diem","potentialAction":[{"@type":"SearchAction","target":{"@type":"EntryPoint","urlTemplate":"https:\/\/www.tabakversand.ch\/?s={search_term_string}"},"query-input":{"@type":"PropertyValueSpecification","valueRequired":true,"valueName":"search_term_string"}}],"inLanguage":"it-IT"}]}},"_links":{"self":[{"href":"https:\/\/www.tabakversand.ch\/it\/wp-json\/wp\/v2\/product\/71316","targetHints":{"allow":["GET"]}}],"collection":[{"href":"https:\/\/www.tabakversand.ch\/it\/wp-json\/wp\/v2\/product"}],"about":[{"href":"https:\/\/www.tabakversand.ch\/it\/wp-json\/wp\/v2\/types\/product"}],"version-history":[{"count":3,"href":"https:\/\/www.tabakversand.ch\/it\/wp-json\/wp\/v2\/product\/71316\/revisions"}],"predecessor-version":[{"id":218083,"href":"https:\/\/www.tabakversand.ch\/it\/wp-json\/wp\/v2\/product\/71316\/revisions\/218083"}],"wp:featuredmedia":[{"embeddable":true,"href":"https:\/\/www.tabakversand.ch\/it\/wp-json\/wp\/v2\/media\/71323"}],"wp:attachment":[{"href":"https:\/\/www.tabakversand.ch\/it\/wp-json\/wp\/v2\/media?parent=71316"}],"wp:term":[{"taxonomy":"product_brand","embeddable":true,"href":"https:\/\/www.tabakversand.ch\/it\/wp-json\/wp\/v2\/product_brand?post=71316"},{"taxonomy":"product_cat","embeddable":true,"href":"https:\/\/www.tabakversand.ch\/it\/wp-json\/wp\/v2\/product_cat?post=71316"},{"taxonomy":"product_tag","embeddable":true,"href":"https:\/\/www.tabakversand.ch\/it\/wp-json\/wp\/v2\/product_tag?post=71316"}],"curies":[{"name":"wp","href":"https:\/\/api.w.org\/{rel}","templated":true}]}}