{"id":71513,"date":"2022-04-02T10:56:04","date_gmt":"2022-04-02T08:56:04","guid":{"rendered":"http:\/\/www.tabakversand.ch\/produkt\/golden-virginia-40-gr-tabacco-da-sigaretta\/"},"modified":"2026-02-25T10:30:44","modified_gmt":"2026-02-25T09:30:44","slug":"golden-virginia","status":"publish","type":"product","link":"https:\/\/www.tabakversand.ch\/it\/prodotto\/golden-virginia\/","title":{"rendered":"Golden Virginia"},"content":{"rendered":"<p>Golden Virginia<\/p>\n<p>Tabacco da arrotolare dall&#8217;Inghilterra<\/p>\n<p>Questa miscela di tabacco tradizionale ha origine in Inghilterra ed \u00e8 particolarmente apprezzata dagli amanti delle sigarette rollate. \u00c8 caratterizzata da un sapore eccezionale e aromatico. Il fumo \u00e8 delicato e morbido, e si differenzia notevolmente dal sapore tipico delle sigarette classiche prodotte in serie.<\/p>\n<p>Golden Virginia utilizza come base una miscela americana. La percentuale di tabacco Virginia \u00e8 particolarmente elevata: vengono utilizzati solo tabacco Virginia pregiato e appositamente selezionato. La miscela \u00e8 completata da una piccola quantit\u00e0 di tabacco Burley e Oriental, che conferiscono una piacevole speziatura e un sapore intenso.<\/p>\n<p>Caratteristiche:<\/p>\n<ul>\n<li>Lieve nel fumo<\/li>\n<li>Aroma naturalmente dolce grazie all&#8217;elevato contenuto di Virginia<\/li>\n<li>Delicate sfumature speziate di Burley e Oriental.<\/li>\n<li>Ideale per la laminazione domestica<\/li>\n<\/ul>\n<p>Su tabakversand.ch riceverete il tabacco da rollare Golden Virginia fresco di conservazione e nella sua confezione originale. Una conservazione accurata garantisce che l&#8217;aroma, l&#8217;umidit\u00e0 e la qualit\u00e0 siano preservati in modo ottimale fino alla spedizione. Grazie alla consegna rapida in Svizzera, il vostro tabacco da rollare arriver\u00e0 solitamente molto rapidamente.<\/p>\n<p>Per maggiori informazioni sul tabacco da rollare, visita la voce corrispondente su Wikipedia: <a href=\"https:\/\/de.wikipedia.org\/wiki\/Shag_(Tabak)\">clicca qui<\/a> . Per qualsiasi domanda sul prodotto, non esitare a contattarci: <a href=\"https:\/\/www.tabakversand.ch\/kontakt\/\">clicca qui<\/a> .<\/p>\n<p>Tutti i prezzi si applicano solo agli ordini online e sono comprensivi di IVA. Soggetto a modifiche senza preavviso, escluse le spese di spedizione. Con riserva di errori, modifiche nell&#8217;ambito di consegna e nel design, errori di stampa e variazioni di prezzo. I prezzi barrati sono prezzi sostitutivi. Le illustrazioni possono differire dall&#8217;originale\/dall&#8217;ambito di consegna.<br \/>\n*Spedizione gratuita per ordini superiori a CHF 250.-.<\/p>\n","protected":false},"excerpt":{"rendered":"<p>Golden Virginia Tabacco da arrotolare dall&#8217;Inghilterra Questa miscela di tabacco tradizionale ha origine in Inghilterra ed \u00e8 particolarmente apprezzata dagli amanti delle sigarette rollate. \u00c8 caratterizzata da un sapore eccezionale e aromatico. Il fumo \u00e8 delicato e morbido, e si differenzia notevolmente dal sapore tipico delle sigarette classiche prodotte in serie. Golden Virginia utilizza come [&hellip;]<\/p>\n","protected":false},"featured_media":71521,"template":"","meta":[],"product_brand":[1553],"product_cat":[1962,1889,1965,1966],"product_tag":[],"class_list":{"0":"post-71513","1":"product","2":"type-product","3":"status-publish","4":"has-post-thumbnail","6":"product_brand-imperial-tobacco","7":"product_cat-sigarette-self-made","8":"product_cat-tabacco","9":"product_cat-tabacco-da-sigaretta","10":"product_cat-tabacco-da-sigaretta-it","11":"pa_tabak-huelsen-1-x-40-gr","12":"pa_tabak-huelsen-10-x-40-gr","14":"first","15":"instock","16":"purchasable","17":"product-type-variable"},"yoast_head":"<!-- This site is optimized with the Yoast SEO plugin v27.5 - https:\/\/yoast.com\/product\/yoast-seo-wordpress\/ -->\n<title>Golden Virginia - tabakversand.ch<\/title>\n<meta name=\"description\" content=\"Tabacco da rollare Golden Virginia dall&#039;Inghilterra: una miscela americana delicata con un&#039;alta percentuale di tabacco Virginia, delicatamente speziata grazie ai tabacchi Burley e Oriental. Ideale per rollare le proprie sigarette.\" \/>\n<meta name=\"robots\" content=\"index, follow, max-snippet:-1, max-image-preview:large, max-video-preview:-1\" \/>\n<link rel=\"canonical\" href=\"https:\/\/www.tabakversand.ch\/prodotto\/golden-virginia\/\" \/>\n<meta property=\"og:locale\" content=\"it_IT\" \/>\n<meta property=\"og:type\" content=\"article\" \/>\n<meta property=\"og:title\" content=\"Golden Virginia - tabakversand.ch\" \/>\n<meta property=\"og:description\" content=\"Tabacco da rollare Golden Virginia dall&#039;Inghilterra: una miscela americana delicata con un&#039;alta percentuale di tabacco Virginia, delicatamente speziata grazie ai tabacchi Burley e Oriental. Ideale per rollare le proprie sigarette.\" \/>\n<meta property=\"og:url\" content=\"https:\/\/www.tabakversand.ch\/prodotto\/golden-virginia\/\" \/>\n<meta property=\"og:site_name\" content=\"Tabakversand.ch | Alles aus der Welt des Tabaks\" \/>\n<meta property=\"article:modified_time\" content=\"2026-02-25T09:30:44+00:00\" \/>\n<meta property=\"og:image\" content=\"https:\/\/www.tabakversand.ch\/wp-content\/uploads\/2022\/03\/golden-virginia-classic-40.jpg\" \/>\n\t<meta property=\"og:image:width\" content=\"500\" \/>\n\t<meta property=\"og:image:height\" content=\"500\" \/>\n\t<meta property=\"og:image:type\" content=\"image\/jpeg\" \/>\n<meta name=\"twitter:card\" content=\"summary_large_image\" \/>\n<meta name=\"twitter:label1\" content=\"Tempo di lettura stimato\" \/>\n\t<meta name=\"twitter:data1\" content=\"2 minuti\" \/>\n<script type=\"application\/ld+json\" class=\"yoast-schema-graph\">{\"@context\":\"https:\\\/\\\/schema.org\",\"@graph\":[{\"@type\":\"WebPage\",\"@id\":\"https:\\\/\\\/www.tabakversand.ch\\\/prodotto\\\/golden-virginia\\\/\",\"url\":\"https:\\\/\\\/www.tabakversand.ch\\\/prodotto\\\/golden-virginia\\\/\",\"name\":\"Golden Virginia - tabakversand.ch\",\"isPartOf\":{\"@id\":\"https:\\\/\\\/www.tabakversand.ch\\\/#website\"},\"primaryImageOfPage\":{\"@id\":\"https:\\\/\\\/www.tabakversand.ch\\\/prodotto\\\/golden-virginia\\\/#primaryimage\"},\"image\":{\"@id\":\"https:\\\/\\\/www.tabakversand.ch\\\/prodotto\\\/golden-virginia\\\/#primaryimage\"},\"thumbnailUrl\":\"https:\\\/\\\/www.tabakversand.ch\\\/wp-content\\\/uploads\\\/2022\\\/03\\\/golden-virginia-classic-40.jpg\",\"datePublished\":\"2022-04-02T08:56:04+00:00\",\"dateModified\":\"2026-02-25T09:30:44+00:00\",\"description\":\"Tabacco da rollare Golden Virginia dall'Inghilterra: una miscela americana delicata con un'alta percentuale di tabacco Virginia, delicatamente speziata grazie ai tabacchi Burley e Oriental. Ideale per rollare le proprie sigarette.\",\"breadcrumb\":{\"@id\":\"https:\\\/\\\/www.tabakversand.ch\\\/prodotto\\\/golden-virginia\\\/#breadcrumb\"},\"inLanguage\":\"it-IT\",\"potentialAction\":[{\"@type\":\"ReadAction\",\"target\":[\"https:\\\/\\\/www.tabakversand.ch\\\/prodotto\\\/golden-virginia\\\/\"]}]},{\"@type\":\"ImageObject\",\"inLanguage\":\"it-IT\",\"@id\":\"https:\\\/\\\/www.tabakversand.ch\\\/prodotto\\\/golden-virginia\\\/#primaryimage\",\"url\":\"https:\\\/\\\/www.tabakversand.ch\\\/wp-content\\\/uploads\\\/2022\\\/03\\\/golden-virginia-classic-40.jpg\",\"contentUrl\":\"https:\\\/\\\/www.tabakversand.ch\\\/wp-content\\\/uploads\\\/2022\\\/03\\\/golden-virginia-classic-40.jpg\",\"width\":500,\"height\":500,\"caption\":\"Golden Virginia 40 gr. Tabacco da sigaretta\"},{\"@type\":\"BreadcrumbList\",\"@id\":\"https:\\\/\\\/www.tabakversand.ch\\\/prodotto\\\/golden-virginia\\\/#breadcrumb\",\"itemListElement\":[{\"@type\":\"ListItem\",\"position\":1,\"name\":\"Startseite\",\"item\":\"https:\\\/\\\/www.tabakversand.ch\\\/\"},{\"@type\":\"ListItem\",\"position\":2,\"name\":\"Negozio\",\"item\":\"https:\\\/\\\/www.tabakversand.ch\\\/it\\\/negozio\\\/\"},{\"@type\":\"ListItem\",\"position\":3,\"name\":\"Golden Virginia\"}]},{\"@type\":\"WebSite\",\"@id\":\"https:\\\/\\\/www.tabakversand.ch\\\/#website\",\"url\":\"https:\\\/\\\/www.tabakversand.ch\\\/\",\"name\":\"Tabakversand.ch | Alles aus der Welt des Tabaks\",\"description\":\"Smoke and carpe diem\",\"potentialAction\":[{\"@type\":\"SearchAction\",\"target\":{\"@type\":\"EntryPoint\",\"urlTemplate\":\"https:\\\/\\\/www.tabakversand.ch\\\/?s={search_term_string}\"},\"query-input\":{\"@type\":\"PropertyValueSpecification\",\"valueRequired\":true,\"valueName\":\"search_term_string\"}}],\"inLanguage\":\"it-IT\"}]}<\/script>\n<!-- \/ Yoast SEO plugin. -->","yoast_head_json":{"title":"Golden Virginia - tabakversand.ch","description":"Tabacco da rollare Golden Virginia dall'Inghilterra: una miscela americana delicata con un'alta percentuale di tabacco Virginia, delicatamente speziata grazie ai tabacchi Burley e Oriental. Ideale per rollare le proprie sigarette.","robots":{"index":"index","follow":"follow","max-snippet":"max-snippet:-1","max-image-preview":"max-image-preview:large","max-video-preview":"max-video-preview:-1"},"canonical":"https:\/\/www.tabakversand.ch\/prodotto\/golden-virginia\/","og_locale":"it_IT","og_type":"article","og_title":"Golden Virginia - tabakversand.ch","og_description":"Tabacco da rollare Golden Virginia dall'Inghilterra: una miscela americana delicata con un'alta percentuale di tabacco Virginia, delicatamente speziata grazie ai tabacchi Burley e Oriental. Ideale per rollare le proprie sigarette.","og_url":"https:\/\/www.tabakversand.ch\/prodotto\/golden-virginia\/","og_site_name":"Tabakversand.ch | Alles aus der Welt des Tabaks","article_modified_time":"2026-02-25T09:30:44+00:00","og_image":[{"width":500,"height":500,"url":"https:\/\/www.tabakversand.ch\/wp-content\/uploads\/2022\/03\/golden-virginia-classic-40.jpg","type":"image\/jpeg"}],"twitter_card":"summary_large_image","twitter_misc":{"Tempo di lettura stimato":"2 minuti"},"schema":{"@context":"https:\/\/schema.org","@graph":[{"@type":"WebPage","@id":"https:\/\/www.tabakversand.ch\/prodotto\/golden-virginia\/","url":"https:\/\/www.tabakversand.ch\/prodotto\/golden-virginia\/","name":"Golden Virginia - tabakversand.ch","isPartOf":{"@id":"https:\/\/www.tabakversand.ch\/#website"},"primaryImageOfPage":{"@id":"https:\/\/www.tabakversand.ch\/prodotto\/golden-virginia\/#primaryimage"},"image":{"@id":"https:\/\/www.tabakversand.ch\/prodotto\/golden-virginia\/#primaryimage"},"thumbnailUrl":"https:\/\/www.tabakversand.ch\/wp-content\/uploads\/2022\/03\/golden-virginia-classic-40.jpg","datePublished":"2022-04-02T08:56:04+00:00","dateModified":"2026-02-25T09:30:44+00:00","description":"Tabacco da rollare Golden Virginia dall'Inghilterra: una miscela americana delicata con un'alta percentuale di tabacco Virginia, delicatamente speziata grazie ai tabacchi Burley e Oriental. Ideale per rollare le proprie sigarette.","breadcrumb":{"@id":"https:\/\/www.tabakversand.ch\/prodotto\/golden-virginia\/#breadcrumb"},"inLanguage":"it-IT","potentialAction":[{"@type":"ReadAction","target":["https:\/\/www.tabakversand.ch\/prodotto\/golden-virginia\/"]}]},{"@type":"ImageObject","inLanguage":"it-IT","@id":"https:\/\/www.tabakversand.ch\/prodotto\/golden-virginia\/#primaryimage","url":"https:\/\/www.tabakversand.ch\/wp-content\/uploads\/2022\/03\/golden-virginia-classic-40.jpg","contentUrl":"https:\/\/www.tabakversand.ch\/wp-content\/uploads\/2022\/03\/golden-virginia-classic-40.jpg","width":500,"height":500,"caption":"Golden Virginia 40 gr. Tabacco da sigaretta"},{"@type":"BreadcrumbList","@id":"https:\/\/www.tabakversand.ch\/prodotto\/golden-virginia\/#breadcrumb","itemListElement":[{"@type":"ListItem","position":1,"name":"Startseite","item":"https:\/\/www.tabakversand.ch\/"},{"@type":"ListItem","position":2,"name":"Negozio","item":"https:\/\/www.tabakversand.ch\/it\/negozio\/"},{"@type":"ListItem","position":3,"name":"Golden Virginia"}]},{"@type":"WebSite","@id":"https:\/\/www.tabakversand.ch\/#website","url":"https:\/\/www.tabakversand.ch\/","name":"Tabakversand.ch | Alles aus der Welt des Tabaks","description":"Smoke and carpe diem","potentialAction":[{"@type":"SearchAction","target":{"@type":"EntryPoint","urlTemplate":"https:\/\/www.tabakversand.ch\/?s={search_term_string}"},"query-input":{"@type":"PropertyValueSpecification","valueRequired":true,"valueName":"search_term_string"}}],"inLanguage":"it-IT"}]}},"_links":{"self":[{"href":"https:\/\/www.tabakversand.ch\/it\/wp-json\/wp\/v2\/product\/71513","targetHints":{"allow":["GET"]}}],"collection":[{"href":"https:\/\/www.tabakversand.ch\/it\/wp-json\/wp\/v2\/product"}],"about":[{"href":"https:\/\/www.tabakversand.ch\/it\/wp-json\/wp\/v2\/types\/product"}],"version-history":[{"count":3,"href":"https:\/\/www.tabakversand.ch\/it\/wp-json\/wp\/v2\/product\/71513\/revisions"}],"predecessor-version":[{"id":213484,"href":"https:\/\/www.tabakversand.ch\/it\/wp-json\/wp\/v2\/product\/71513\/revisions\/213484"}],"wp:featuredmedia":[{"embeddable":true,"href":"https:\/\/www.tabakversand.ch\/it\/wp-json\/wp\/v2\/media\/71521"}],"wp:attachment":[{"href":"https:\/\/www.tabakversand.ch\/it\/wp-json\/wp\/v2\/media?parent=71513"}],"wp:term":[{"taxonomy":"product_brand","embeddable":true,"href":"https:\/\/www.tabakversand.ch\/it\/wp-json\/wp\/v2\/product_brand?post=71513"},{"taxonomy":"product_cat","embeddable":true,"href":"https:\/\/www.tabakversand.ch\/it\/wp-json\/wp\/v2\/product_cat?post=71513"},{"taxonomy":"product_tag","embeddable":true,"href":"https:\/\/www.tabakversand.ch\/it\/wp-json\/wp\/v2\/product_tag?post=71513"}],"curies":[{"name":"wp","href":"https:\/\/api.w.org\/{rel}","templated":true}]}}