{"id":71614,"date":"2022-04-02T10:54:43","date_gmt":"2022-04-02T08:54:43","guid":{"rendered":"http:\/\/www.tabakversand.ch\/produkt\/joya-de-nicaragua-rosso-robusto-20er-kistli-sigari\/"},"modified":"2022-04-26T14:46:02","modified_gmt":"2022-04-26T12:46:02","slug":"joya-de-nicaragua-rosso-robusto-20er-kistli-sigari","status":"publish","type":"product","link":"https:\/\/www.tabakversand.ch\/it\/prodotto\/joya-de-nicaragua-rosso-robusto-20er-kistli-sigari\/","title":{"rendered":"Joya de Nicaragua Rosso Robusto 20er Kistli Sigari"},"content":{"rendered":"<p>Joya de Nicaragua Rosso Robusto 20er Kistli Sigari<\/p>\n<p>  La storia del Joya va di pari passo con l&#8217;evoluzione del Nicaragua negli ultimi cinquant&#8217;anni. Incontra JOYA RED, un nuovo ed eccitante lato della joya de Nicaragua. Potresti anche&nbsp; chiamarlo inaspettato. Progettato per il fumatore moderno dal pi\u00f9 giovane team di leadership del settore con il maggior numero di frullatori Sen\u00e1 o Meister in Nicaragua. Il risultato \u00e8 un fumo vivo che puoi goderti sempre e ovunque.<\/p>\n<p>  Copertina: Nicaragua \/ Habano<br \/>  Copertina: Nicaragua<br \/>  Deposito: Nicaragua (Jalapa, Condega, Esteli)<br \/>  Formato: Robusto<br \/>  Longitudine: 13,34<br \/>  Diametro: 1.98<br \/>Tutti i prezzi sono validi solo per gli ordini online e includono IVA, sono soggetti a modifiche pi\u00f9 IVA. Spese di spedizione. Errori, modifiche nella fornitura e nella progettazione, errori di stampa e variazioni di prezzo riservate. I prezzi barrati sono stattpreise. L&#8217;illustrazione pu\u00f2 differire dall&#8217;originale\/ambito di fornitura.<br \/>\n*Spedizione gratuita a partire da CHF 250.- valore dell&#8217;ordine.<\/p>\n","protected":false},"excerpt":{"rendered":"<p>Joya de Nicaragua Rosso Robusto 20er Kistli Sigari La storia del Joya va di pari passo con l&#8217;evoluzione del Nicaragua negli ultimi cinquant&#8217;anni. Incontra JOYA RED, un nuovo ed eccitante lato della joya de Nicaragua. Potresti anche&nbsp; chiamarlo inaspettato. Progettato per il fumatore moderno dal pi\u00f9 giovane team di leadership del settore con il maggior [&hellip;]<\/p>\n","protected":false},"featured_media":71628,"template":"","meta":[],"product_brand":[1636],"product_cat":[2709,2003,2134,2002],"product_tag":[],"class_list":{"0":"post-71614","1":"product","2":"type-product","3":"status-publish","4":"has-post-thumbnail","6":"product_brand-joya-de-nicaragua","7":"product_cat-joya-de-nicaragua-rosso","8":"product_cat-mondo-dei-sigari","9":"product_cat-nicaragua-it","10":"product_cat-sigari","12":"first","13":"onbackorder","14":"purchasable","15":"product-type-simple"},"yoast_head":"<!-- This site is optimized with the Yoast SEO plugin v27.0 - https:\/\/yoast.com\/product\/yoast-seo-wordpress\/ -->\n<title>Joya de Nicaragua Rosso Robusto 20er Kistli Sigari - Tabakversand.ch | Alles aus der Welt des Tabaks<\/title>\n<meta name=\"description\" content=\"Joya de Nicaragua Rosso Robusto 20er Kistli Sigari | La pi\u00f9 grande selezione svizzera di prodotti del tabacco | Tutte le carte accettate!\" \/>\n<meta name=\"robots\" content=\"index, follow, max-snippet:-1, max-image-preview:large, max-video-preview:-1\" \/>\n<link rel=\"canonical\" href=\"https:\/\/www.tabakversand.ch\/it\/prodotto\/joya-de-nicaragua-rosso-robusto-20er-kistli-sigari\/\" \/>\n<meta property=\"og:locale\" content=\"it_IT\" \/>\n<meta property=\"og:type\" content=\"article\" \/>\n<meta property=\"og:title\" content=\"Joya de Nicaragua Rosso Robusto 20er Kistli Sigari - Tabakversand.ch | Alles aus der Welt des Tabaks\" \/>\n<meta property=\"og:description\" content=\"Joya de Nicaragua Rosso Robusto 20er Kistli Sigari | La pi\u00f9 grande selezione svizzera di prodotti del tabacco | Tutte le carte accettate!\" \/>\n<meta property=\"og:url\" content=\"https:\/\/www.tabakversand.ch\/it\/prodotto\/joya-de-nicaragua-rosso-robusto-20er-kistli-sigari\/\" \/>\n<meta property=\"og:site_name\" content=\"Tabakversand.ch | Alles aus der Welt des Tabaks\" \/>\n<meta property=\"article:modified_time\" content=\"2022-04-26T12:46:02+00:00\" \/>\n<meta property=\"og:image\" content=\"https:\/\/www.tabakversand.ch\/wp-content\/uploads\/2022\/03\/joya-de-nicaragua-robusto-20-box.jpg\" \/>\n\t<meta property=\"og:image:width\" content=\"500\" \/>\n\t<meta property=\"og:image:height\" content=\"500\" \/>\n\t<meta property=\"og:image:type\" content=\"image\/jpeg\" \/>\n<meta name=\"twitter:card\" content=\"summary_large_image\" \/>\n<meta name=\"twitter:label1\" content=\"Tempo di lettura stimato\" \/>\n\t<meta name=\"twitter:data1\" content=\"1 minuto\" \/>\n<script type=\"application\/ld+json\" class=\"yoast-schema-graph\">{\"@context\":\"https:\/\/schema.org\",\"@graph\":[{\"@type\":\"WebPage\",\"@id\":\"https:\/\/www.tabakversand.ch\/it\/prodotto\/joya-de-nicaragua-rosso-robusto-20er-kistli-sigari\/\",\"url\":\"https:\/\/www.tabakversand.ch\/it\/prodotto\/joya-de-nicaragua-rosso-robusto-20er-kistli-sigari\/\",\"name\":\"Joya de Nicaragua Rosso Robusto 20er Kistli Sigari - Tabakversand.ch | Alles aus der Welt des Tabaks\",\"isPartOf\":{\"@id\":\"https:\/\/www.tabakversand.ch\/#website\"},\"primaryImageOfPage\":{\"@id\":\"https:\/\/www.tabakversand.ch\/it\/prodotto\/joya-de-nicaragua-rosso-robusto-20er-kistli-sigari\/#primaryimage\"},\"image\":{\"@id\":\"https:\/\/www.tabakversand.ch\/it\/prodotto\/joya-de-nicaragua-rosso-robusto-20er-kistli-sigari\/#primaryimage\"},\"thumbnailUrl\":\"https:\/\/www.tabakversand.ch\/wp-content\/uploads\/2022\/03\/joya-de-nicaragua-robusto-20-box.jpg\",\"datePublished\":\"2022-04-02T08:54:43+00:00\",\"dateModified\":\"2022-04-26T12:46:02+00:00\",\"description\":\"Joya de Nicaragua Rosso Robusto 20er Kistli Sigari | La pi\u00f9 grande selezione svizzera di prodotti del tabacco | Tutte le carte accettate!\",\"breadcrumb\":{\"@id\":\"https:\/\/www.tabakversand.ch\/it\/prodotto\/joya-de-nicaragua-rosso-robusto-20er-kistli-sigari\/#breadcrumb\"},\"inLanguage\":\"it-IT\",\"potentialAction\":[{\"@type\":\"ReadAction\",\"target\":[\"https:\/\/www.tabakversand.ch\/it\/prodotto\/joya-de-nicaragua-rosso-robusto-20er-kistli-sigari\/\"]}]},{\"@type\":\"ImageObject\",\"inLanguage\":\"it-IT\",\"@id\":\"https:\/\/www.tabakversand.ch\/it\/prodotto\/joya-de-nicaragua-rosso-robusto-20er-kistli-sigari\/#primaryimage\",\"url\":\"https:\/\/www.tabakversand.ch\/wp-content\/uploads\/2022\/03\/joya-de-nicaragua-robusto-20-box.jpg\",\"contentUrl\":\"https:\/\/www.tabakversand.ch\/wp-content\/uploads\/2022\/03\/joya-de-nicaragua-robusto-20-box.jpg\",\"width\":500,\"height\":500,\"caption\":\"Joya de Nicaragua Rosso Robusto 20er Kistli Sigari\"},{\"@type\":\"BreadcrumbList\",\"@id\":\"https:\/\/www.tabakversand.ch\/it\/prodotto\/joya-de-nicaragua-rosso-robusto-20er-kistli-sigari\/#breadcrumb\",\"itemListElement\":[{\"@type\":\"ListItem\",\"position\":1,\"name\":\"Startseite\",\"item\":\"https:\/\/www.tabakversand.ch\/\"},{\"@type\":\"ListItem\",\"position\":2,\"name\":\"Negozio\",\"item\":\"https:\/\/www.tabakversand.ch\/it\/negozio\/\"},{\"@type\":\"ListItem\",\"position\":3,\"name\":\"Joya de Nicaragua Rosso Robusto 20er Kistli Sigari\"}]},{\"@type\":\"WebSite\",\"@id\":\"https:\/\/www.tabakversand.ch\/#website\",\"url\":\"https:\/\/www.tabakversand.ch\/\",\"name\":\"Tabakversand.ch | Alles aus der Welt des Tabaks\",\"description\":\"Smoke and carpe diem\",\"potentialAction\":[{\"@type\":\"SearchAction\",\"target\":{\"@type\":\"EntryPoint\",\"urlTemplate\":\"https:\/\/www.tabakversand.ch\/?s={search_term_string}\"},\"query-input\":{\"@type\":\"PropertyValueSpecification\",\"valueRequired\":true,\"valueName\":\"search_term_string\"}}],\"inLanguage\":\"it-IT\"}]}<\/script>\n<!-- \/ Yoast SEO plugin. -->","yoast_head_json":{"title":"Joya de Nicaragua Rosso Robusto 20er Kistli Sigari - Tabakversand.ch | Alles aus der Welt des Tabaks","description":"Joya de Nicaragua Rosso Robusto 20er Kistli Sigari | La pi\u00f9 grande selezione svizzera di prodotti del tabacco | Tutte le carte accettate!","robots":{"index":"index","follow":"follow","max-snippet":"max-snippet:-1","max-image-preview":"max-image-preview:large","max-video-preview":"max-video-preview:-1"},"canonical":"https:\/\/www.tabakversand.ch\/it\/prodotto\/joya-de-nicaragua-rosso-robusto-20er-kistli-sigari\/","og_locale":"it_IT","og_type":"article","og_title":"Joya de Nicaragua Rosso Robusto 20er Kistli Sigari - Tabakversand.ch | Alles aus der Welt des Tabaks","og_description":"Joya de Nicaragua Rosso Robusto 20er Kistli Sigari | La pi\u00f9 grande selezione svizzera di prodotti del tabacco | Tutte le carte accettate!","og_url":"https:\/\/www.tabakversand.ch\/it\/prodotto\/joya-de-nicaragua-rosso-robusto-20er-kistli-sigari\/","og_site_name":"Tabakversand.ch | Alles aus der Welt des Tabaks","article_modified_time":"2022-04-26T12:46:02+00:00","og_image":[{"width":500,"height":500,"url":"https:\/\/www.tabakversand.ch\/wp-content\/uploads\/2022\/03\/joya-de-nicaragua-robusto-20-box.jpg","type":"image\/jpeg"}],"twitter_card":"summary_large_image","twitter_misc":{"Tempo di lettura stimato":"1 minuto"},"schema":{"@context":"https:\/\/schema.org","@graph":[{"@type":"WebPage","@id":"https:\/\/www.tabakversand.ch\/it\/prodotto\/joya-de-nicaragua-rosso-robusto-20er-kistli-sigari\/","url":"https:\/\/www.tabakversand.ch\/it\/prodotto\/joya-de-nicaragua-rosso-robusto-20er-kistli-sigari\/","name":"Joya de Nicaragua Rosso Robusto 20er Kistli Sigari - Tabakversand.ch | Alles aus der Welt des Tabaks","isPartOf":{"@id":"https:\/\/www.tabakversand.ch\/#website"},"primaryImageOfPage":{"@id":"https:\/\/www.tabakversand.ch\/it\/prodotto\/joya-de-nicaragua-rosso-robusto-20er-kistli-sigari\/#primaryimage"},"image":{"@id":"https:\/\/www.tabakversand.ch\/it\/prodotto\/joya-de-nicaragua-rosso-robusto-20er-kistli-sigari\/#primaryimage"},"thumbnailUrl":"https:\/\/www.tabakversand.ch\/wp-content\/uploads\/2022\/03\/joya-de-nicaragua-robusto-20-box.jpg","datePublished":"2022-04-02T08:54:43+00:00","dateModified":"2022-04-26T12:46:02+00:00","description":"Joya de Nicaragua Rosso Robusto 20er Kistli Sigari | La pi\u00f9 grande selezione svizzera di prodotti del tabacco | Tutte le carte accettate!","breadcrumb":{"@id":"https:\/\/www.tabakversand.ch\/it\/prodotto\/joya-de-nicaragua-rosso-robusto-20er-kistli-sigari\/#breadcrumb"},"inLanguage":"it-IT","potentialAction":[{"@type":"ReadAction","target":["https:\/\/www.tabakversand.ch\/it\/prodotto\/joya-de-nicaragua-rosso-robusto-20er-kistli-sigari\/"]}]},{"@type":"ImageObject","inLanguage":"it-IT","@id":"https:\/\/www.tabakversand.ch\/it\/prodotto\/joya-de-nicaragua-rosso-robusto-20er-kistli-sigari\/#primaryimage","url":"https:\/\/www.tabakversand.ch\/wp-content\/uploads\/2022\/03\/joya-de-nicaragua-robusto-20-box.jpg","contentUrl":"https:\/\/www.tabakversand.ch\/wp-content\/uploads\/2022\/03\/joya-de-nicaragua-robusto-20-box.jpg","width":500,"height":500,"caption":"Joya de Nicaragua Rosso Robusto 20er Kistli Sigari"},{"@type":"BreadcrumbList","@id":"https:\/\/www.tabakversand.ch\/it\/prodotto\/joya-de-nicaragua-rosso-robusto-20er-kistli-sigari\/#breadcrumb","itemListElement":[{"@type":"ListItem","position":1,"name":"Startseite","item":"https:\/\/www.tabakversand.ch\/"},{"@type":"ListItem","position":2,"name":"Negozio","item":"https:\/\/www.tabakversand.ch\/it\/negozio\/"},{"@type":"ListItem","position":3,"name":"Joya de Nicaragua Rosso Robusto 20er Kistli Sigari"}]},{"@type":"WebSite","@id":"https:\/\/www.tabakversand.ch\/#website","url":"https:\/\/www.tabakversand.ch\/","name":"Tabakversand.ch | Alles aus der Welt des Tabaks","description":"Smoke and carpe diem","potentialAction":[{"@type":"SearchAction","target":{"@type":"EntryPoint","urlTemplate":"https:\/\/www.tabakversand.ch\/?s={search_term_string}"},"query-input":{"@type":"PropertyValueSpecification","valueRequired":true,"valueName":"search_term_string"}}],"inLanguage":"it-IT"}]}},"_links":{"self":[{"href":"https:\/\/www.tabakversand.ch\/it\/wp-json\/wp\/v2\/product\/71614","targetHints":{"allow":["GET"]}}],"collection":[{"href":"https:\/\/www.tabakversand.ch\/it\/wp-json\/wp\/v2\/product"}],"about":[{"href":"https:\/\/www.tabakversand.ch\/it\/wp-json\/wp\/v2\/types\/product"}],"version-history":[{"count":0,"href":"https:\/\/www.tabakversand.ch\/it\/wp-json\/wp\/v2\/product\/71614\/revisions"}],"wp:featuredmedia":[{"embeddable":true,"href":"https:\/\/www.tabakversand.ch\/it\/wp-json\/wp\/v2\/media\/71628"}],"wp:attachment":[{"href":"https:\/\/www.tabakversand.ch\/it\/wp-json\/wp\/v2\/media?parent=71614"}],"wp:term":[{"taxonomy":"product_brand","embeddable":true,"href":"https:\/\/www.tabakversand.ch\/it\/wp-json\/wp\/v2\/product_brand?post=71614"},{"taxonomy":"product_cat","embeddable":true,"href":"https:\/\/www.tabakversand.ch\/it\/wp-json\/wp\/v2\/product_cat?post=71614"},{"taxonomy":"product_tag","embeddable":true,"href":"https:\/\/www.tabakversand.ch\/it\/wp-json\/wp\/v2\/product_tag?post=71614"}],"curies":[{"name":"wp","href":"https:\/\/api.w.org\/{rel}","templated":true}]}}