{"id":71824,"date":"2022-04-02T10:54:23","date_gmt":"2022-04-02T08:54:23","guid":{"rendered":"http:\/\/www.tabakversand.ch\/produkt\/camacho-corojo-gordo-60-x-6-20-sigari-scatola\/"},"modified":"2026-03-17T15:20:18","modified_gmt":"2026-03-17T14:20:18","slug":"camacho-corojo-gordo-60-x-6-20-er-box-sigari","status":"publish","type":"product","link":"https:\/\/www.tabakversand.ch\/it\/prodotto\/camacho-corojo-gordo-60-x-6-20-er-box-sigari\/","title":{"rendered":"Camacho Corojo 60&#215;6"},"content":{"rendered":"<h2>Camacho Corojo 60&#215;6<\/h2>\n<p>L&#8217;autentica, classica esperienza di fumo. Realizzato con semi cubani originali .. Foglia di Corojo 100% genuina e di razza. Stagionato lentamente, come un rum fine. Robusto e tuttavia delicato. L&#8217;unica vera esperienza di fumo. Il nostro Corojo \u00e8 stato venerato da appassionati esperti per pi\u00f9 di un decennio. Un sigaro popolare per palati particolarmente esperti. Per chi \u00e8 alla ricerca di qualcosa di veramente unico. Il sigaro che pi\u00f9 si avvicina ai classici sigari cubani nel suo periodo di massimo splendore.<\/p>\n<p>Formato: Gran Robusto<br \/>\nDiametro: 2,4 cm<br \/>\nLunghezza: 15,2 cm<br \/>\nInvolucro: Corojo autentico<br \/>\nRaccoglitore: Autentico Corojo Ligero<br \/>\nRiempitivo: Corojo autentico<br \/>\nAroma: Sviluppato per i palati pi\u00f9 esigenti. Ottimizzato per la massima esperienza di gusto, la migliore consistenza e qualit\u00e0.<br \/>\nForza: molto piccante<\/p>\n<p>Su tabakversand.ch riceverete i sigari Camacho Corojo 60&#215;6 ben conservati e nella loro confezione originale. Un&#8217;attenta conservazione garantisce che aroma, umidit\u00e0 e qualit\u00e0 siano preservati in modo ottimale fino alla spedizione. Grazie alla consegna rapida in Svizzera, i vostri sigari arriveranno in genere in breve tempo.<\/p>\n<p>Per maggiori informazioni sui sigari, visita la pagina Wikipedia dedicata: <a href=\"https:\/\/de.wikipedia.org\/wiki\/Elektrische_Zigarette\">clicca qui<\/a> . Per qualsiasi domanda sul prodotto, non esitare a contattarci: <a href=\"https:\/\/www.tabakversand.ch\/kontakt\/\">clicca qui<\/a> .<\/p>\n<p>Tutti i prezzi si applicano solo agli ordini online e sono comprensivi di IVA. Soggetto a modifiche senza preavviso, escluse le spese di spedizione. Con riserva di errori, modifiche nell&#8217;ambito di consegna e nel design, errori di stampa e variazioni di prezzo. I prezzi barrati sono prezzi sostitutivi. Le illustrazioni possono differire dall&#8217;originale\/dall&#8217;ambito di consegna.<br \/>\n*Spedizione gratuita per ordini superiori a CHF 250.-.<\/p>\n","protected":false},"excerpt":{"rendered":"<p>Camacho Corojo 60&#215;6 L&#8217;autentica, classica esperienza di fumo. Realizzato con semi cubani originali .. Foglia di Corojo 100% genuina e di razza. Stagionato lentamente, come un rum fine. Robusto e tuttavia delicato. L&#8217;unica vera esperienza di fumo. Il nostro Corojo \u00e8 stato venerato da appassionati esperti per pi\u00f9 di un decennio. Un sigaro popolare per [&hellip;]<\/p>\n","protected":false},"featured_media":180608,"template":"","meta":[],"product_brand":[1629],"product_cat":[2322,2570,2324,2003,2002],"product_tag":[],"class_list":{"0":"post-71824","1":"product","2":"type-product","3":"status-publish","4":"has-post-thumbnail","6":"product_brand-camacho","7":"product_cat-camacho-it","8":"product_cat-camacho-corojo-it","9":"product_cat-honduras-it","10":"product_cat-mondo-dei-sigari","11":"product_cat-sigari","12":"pa_tabak-huelsen-1-x-20-zigarren","13":"pa_tabak-huelsen-1-zigarre","15":"first","16":"instock","17":"purchasable","18":"product-type-variable"},"yoast_head":"<!-- This site is optimized with the Yoast SEO plugin v27.0 - https:\/\/yoast.com\/product\/yoast-seo-wordpress\/ -->\n<title>Acquista Camacho Corojo 60 x 6 \u2013 Gordo premium arrotolato a mano<\/title>\n<meta name=\"description\" content=\"Scopri Camacho Corojo 60x6 online \u2713 Sigaro premium arrotolato a mano dal sapore forte, speziato e aromatico \u2713 Formato Gordo per un piacere intenso\" \/>\n<meta name=\"robots\" content=\"index, follow, max-snippet:-1, max-image-preview:large, max-video-preview:-1\" \/>\n<link rel=\"canonical\" href=\"https:\/\/www.tabakversand.ch\/it\/prodotto\/camacho-corojo-gordo-60-x-6-20-er-box-sigari\/\" \/>\n<meta property=\"og:locale\" content=\"it_IT\" \/>\n<meta property=\"og:type\" content=\"article\" \/>\n<meta property=\"og:title\" content=\"Acquista Camacho Corojo 60 x 6 \u2013 Gordo premium arrotolato a mano\" \/>\n<meta property=\"og:description\" content=\"Scopri Camacho Corojo 60x6 online \u2713 Sigaro premium arrotolato a mano dal sapore forte, speziato e aromatico \u2713 Formato Gordo per un piacere intenso\" \/>\n<meta property=\"og:url\" content=\"https:\/\/www.tabakversand.ch\/it\/prodotto\/camacho-corojo-gordo-60-x-6-20-er-box-sigari\/\" \/>\n<meta property=\"og:site_name\" content=\"Tabakversand.ch | Alles aus der Welt des Tabaks\" \/>\n<meta property=\"article:modified_time\" content=\"2026-03-17T14:20:18+00:00\" \/>\n<meta property=\"og:image\" content=\"https:\/\/www.tabakversand.ch\/wp-content\/uploads\/2025\/04\/camacho-corojo-gordo.jpg\" \/>\n\t<meta property=\"og:image:width\" content=\"500\" \/>\n\t<meta property=\"og:image:height\" content=\"500\" \/>\n\t<meta property=\"og:image:type\" content=\"image\/jpeg\" \/>\n<meta name=\"twitter:card\" content=\"summary_large_image\" \/>\n<meta name=\"twitter:label1\" content=\"Tempo di lettura stimato\" \/>\n\t<meta name=\"twitter:data1\" content=\"2 minuti\" \/>\n<script type=\"application\/ld+json\" class=\"yoast-schema-graph\">{\"@context\":\"https:\/\/schema.org\",\"@graph\":[{\"@type\":\"WebPage\",\"@id\":\"https:\/\/www.tabakversand.ch\/it\/prodotto\/camacho-corojo-gordo-60-x-6-20-er-box-sigari\/\",\"url\":\"https:\/\/www.tabakversand.ch\/it\/prodotto\/camacho-corojo-gordo-60-x-6-20-er-box-sigari\/\",\"name\":\"Acquista Camacho Corojo 60 x 6 \u2013 Gordo premium arrotolato a mano\",\"isPartOf\":{\"@id\":\"https:\/\/www.tabakversand.ch\/#website\"},\"primaryImageOfPage\":{\"@id\":\"https:\/\/www.tabakversand.ch\/it\/prodotto\/camacho-corojo-gordo-60-x-6-20-er-box-sigari\/#primaryimage\"},\"image\":{\"@id\":\"https:\/\/www.tabakversand.ch\/it\/prodotto\/camacho-corojo-gordo-60-x-6-20-er-box-sigari\/#primaryimage\"},\"thumbnailUrl\":\"https:\/\/www.tabakversand.ch\/wp-content\/uploads\/2025\/04\/camacho-corojo-gordo.jpg\",\"datePublished\":\"2022-04-02T08:54:23+00:00\",\"dateModified\":\"2026-03-17T14:20:18+00:00\",\"description\":\"Scopri Camacho Corojo 60x6 online \u2713 Sigaro premium arrotolato a mano dal sapore forte, speziato e aromatico \u2713 Formato Gordo per un piacere intenso\",\"breadcrumb\":{\"@id\":\"https:\/\/www.tabakversand.ch\/it\/prodotto\/camacho-corojo-gordo-60-x-6-20-er-box-sigari\/#breadcrumb\"},\"inLanguage\":\"it-IT\",\"potentialAction\":[{\"@type\":\"ReadAction\",\"target\":[\"https:\/\/www.tabakversand.ch\/it\/prodotto\/camacho-corojo-gordo-60-x-6-20-er-box-sigari\/\"]}]},{\"@type\":\"ImageObject\",\"inLanguage\":\"it-IT\",\"@id\":\"https:\/\/www.tabakversand.ch\/it\/prodotto\/camacho-corojo-gordo-60-x-6-20-er-box-sigari\/#primaryimage\",\"url\":\"https:\/\/www.tabakversand.ch\/wp-content\/uploads\/2025\/04\/camacho-corojo-gordo.jpg\",\"contentUrl\":\"https:\/\/www.tabakversand.ch\/wp-content\/uploads\/2025\/04\/camacho-corojo-gordo.jpg\",\"width\":500,\"height\":500,\"caption\":\"Camacho Corojo 60 x 6 1 Sigaro | Tabakversand.ch\"},{\"@type\":\"BreadcrumbList\",\"@id\":\"https:\/\/www.tabakversand.ch\/it\/prodotto\/camacho-corojo-gordo-60-x-6-20-er-box-sigari\/#breadcrumb\",\"itemListElement\":[{\"@type\":\"ListItem\",\"position\":1,\"name\":\"Startseite\",\"item\":\"https:\/\/www.tabakversand.ch\/\"},{\"@type\":\"ListItem\",\"position\":2,\"name\":\"Negozio\",\"item\":\"https:\/\/www.tabakversand.ch\/it\/negozio\/\"},{\"@type\":\"ListItem\",\"position\":3,\"name\":\"Camacho Corojo 60&#215;6\"}]},{\"@type\":\"WebSite\",\"@id\":\"https:\/\/www.tabakversand.ch\/#website\",\"url\":\"https:\/\/www.tabakversand.ch\/\",\"name\":\"Tabakversand.ch | Alles aus der Welt des Tabaks\",\"description\":\"Smoke and carpe diem\",\"potentialAction\":[{\"@type\":\"SearchAction\",\"target\":{\"@type\":\"EntryPoint\",\"urlTemplate\":\"https:\/\/www.tabakversand.ch\/?s={search_term_string}\"},\"query-input\":{\"@type\":\"PropertyValueSpecification\",\"valueRequired\":true,\"valueName\":\"search_term_string\"}}],\"inLanguage\":\"it-IT\"}]}<\/script>\n<!-- \/ Yoast SEO plugin. -->","yoast_head_json":{"title":"Acquista Camacho Corojo 60 x 6 \u2013 Gordo premium arrotolato a mano","description":"Scopri Camacho Corojo 60x6 online \u2713 Sigaro premium arrotolato a mano dal sapore forte, speziato e aromatico \u2713 Formato Gordo per un piacere intenso","robots":{"index":"index","follow":"follow","max-snippet":"max-snippet:-1","max-image-preview":"max-image-preview:large","max-video-preview":"max-video-preview:-1"},"canonical":"https:\/\/www.tabakversand.ch\/it\/prodotto\/camacho-corojo-gordo-60-x-6-20-er-box-sigari\/","og_locale":"it_IT","og_type":"article","og_title":"Acquista Camacho Corojo 60 x 6 \u2013 Gordo premium arrotolato a mano","og_description":"Scopri Camacho Corojo 60x6 online \u2713 Sigaro premium arrotolato a mano dal sapore forte, speziato e aromatico \u2713 Formato Gordo per un piacere intenso","og_url":"https:\/\/www.tabakversand.ch\/it\/prodotto\/camacho-corojo-gordo-60-x-6-20-er-box-sigari\/","og_site_name":"Tabakversand.ch | Alles aus der Welt des Tabaks","article_modified_time":"2026-03-17T14:20:18+00:00","og_image":[{"width":500,"height":500,"url":"https:\/\/www.tabakversand.ch\/wp-content\/uploads\/2025\/04\/camacho-corojo-gordo.jpg","type":"image\/jpeg"}],"twitter_card":"summary_large_image","twitter_misc":{"Tempo di lettura stimato":"2 minuti"},"schema":{"@context":"https:\/\/schema.org","@graph":[{"@type":"WebPage","@id":"https:\/\/www.tabakversand.ch\/it\/prodotto\/camacho-corojo-gordo-60-x-6-20-er-box-sigari\/","url":"https:\/\/www.tabakversand.ch\/it\/prodotto\/camacho-corojo-gordo-60-x-6-20-er-box-sigari\/","name":"Acquista Camacho Corojo 60 x 6 \u2013 Gordo premium arrotolato a mano","isPartOf":{"@id":"https:\/\/www.tabakversand.ch\/#website"},"primaryImageOfPage":{"@id":"https:\/\/www.tabakversand.ch\/it\/prodotto\/camacho-corojo-gordo-60-x-6-20-er-box-sigari\/#primaryimage"},"image":{"@id":"https:\/\/www.tabakversand.ch\/it\/prodotto\/camacho-corojo-gordo-60-x-6-20-er-box-sigari\/#primaryimage"},"thumbnailUrl":"https:\/\/www.tabakversand.ch\/wp-content\/uploads\/2025\/04\/camacho-corojo-gordo.jpg","datePublished":"2022-04-02T08:54:23+00:00","dateModified":"2026-03-17T14:20:18+00:00","description":"Scopri Camacho Corojo 60x6 online \u2713 Sigaro premium arrotolato a mano dal sapore forte, speziato e aromatico \u2713 Formato Gordo per un piacere intenso","breadcrumb":{"@id":"https:\/\/www.tabakversand.ch\/it\/prodotto\/camacho-corojo-gordo-60-x-6-20-er-box-sigari\/#breadcrumb"},"inLanguage":"it-IT","potentialAction":[{"@type":"ReadAction","target":["https:\/\/www.tabakversand.ch\/it\/prodotto\/camacho-corojo-gordo-60-x-6-20-er-box-sigari\/"]}]},{"@type":"ImageObject","inLanguage":"it-IT","@id":"https:\/\/www.tabakversand.ch\/it\/prodotto\/camacho-corojo-gordo-60-x-6-20-er-box-sigari\/#primaryimage","url":"https:\/\/www.tabakversand.ch\/wp-content\/uploads\/2025\/04\/camacho-corojo-gordo.jpg","contentUrl":"https:\/\/www.tabakversand.ch\/wp-content\/uploads\/2025\/04\/camacho-corojo-gordo.jpg","width":500,"height":500,"caption":"Camacho Corojo 60 x 6 1 Sigaro | Tabakversand.ch"},{"@type":"BreadcrumbList","@id":"https:\/\/www.tabakversand.ch\/it\/prodotto\/camacho-corojo-gordo-60-x-6-20-er-box-sigari\/#breadcrumb","itemListElement":[{"@type":"ListItem","position":1,"name":"Startseite","item":"https:\/\/www.tabakversand.ch\/"},{"@type":"ListItem","position":2,"name":"Negozio","item":"https:\/\/www.tabakversand.ch\/it\/negozio\/"},{"@type":"ListItem","position":3,"name":"Camacho Corojo 60&#215;6"}]},{"@type":"WebSite","@id":"https:\/\/www.tabakversand.ch\/#website","url":"https:\/\/www.tabakversand.ch\/","name":"Tabakversand.ch | Alles aus der Welt des Tabaks","description":"Smoke and carpe diem","potentialAction":[{"@type":"SearchAction","target":{"@type":"EntryPoint","urlTemplate":"https:\/\/www.tabakversand.ch\/?s={search_term_string}"},"query-input":{"@type":"PropertyValueSpecification","valueRequired":true,"valueName":"search_term_string"}}],"inLanguage":"it-IT"}]}},"_links":{"self":[{"href":"https:\/\/www.tabakversand.ch\/it\/wp-json\/wp\/v2\/product\/71824","targetHints":{"allow":["GET"]}}],"collection":[{"href":"https:\/\/www.tabakversand.ch\/it\/wp-json\/wp\/v2\/product"}],"about":[{"href":"https:\/\/www.tabakversand.ch\/it\/wp-json\/wp\/v2\/types\/product"}],"version-history":[{"count":8,"href":"https:\/\/www.tabakversand.ch\/it\/wp-json\/wp\/v2\/product\/71824\/revisions"}],"predecessor-version":[{"id":214860,"href":"https:\/\/www.tabakversand.ch\/it\/wp-json\/wp\/v2\/product\/71824\/revisions\/214860"}],"wp:featuredmedia":[{"embeddable":true,"href":"https:\/\/www.tabakversand.ch\/it\/wp-json\/wp\/v2\/media\/180608"}],"wp:attachment":[{"href":"https:\/\/www.tabakversand.ch\/it\/wp-json\/wp\/v2\/media?parent=71824"}],"wp:term":[{"taxonomy":"product_brand","embeddable":true,"href":"https:\/\/www.tabakversand.ch\/it\/wp-json\/wp\/v2\/product_brand?post=71824"},{"taxonomy":"product_cat","embeddable":true,"href":"https:\/\/www.tabakversand.ch\/it\/wp-json\/wp\/v2\/product_cat?post=71824"},{"taxonomy":"product_tag","embeddable":true,"href":"https:\/\/www.tabakversand.ch\/it\/wp-json\/wp\/v2\/product_tag?post=71824"}],"curies":[{"name":"wp","href":"https:\/\/api.w.org\/{rel}","templated":true}]}}