{"id":72449,"date":"2022-04-02T10:52:41","date_gmt":"2022-04-02T08:52:41","guid":{"rendered":"http:\/\/www.tabakversand.ch\/produkt\/campingman-narghile-carbonaio\/"},"modified":"2025-04-10T17:56:23","modified_gmt":"2025-04-10T15:56:23","slug":"campingman-shisha-carbonaio","status":"publish","type":"product","link":"https:\/\/www.tabakversand.ch\/it\/prodotto\/campingman-shisha-carbonaio\/","title":{"rendered":"Campingman Narghil\u00e8 Carbonaio"},"content":{"rendered":"<p>Campingman Narghil\u00e8 Carbonaio<\/p>\n<p>Braci perfette per carbone naturale<br \/>\n &#8211; Colore: giallo<br \/>\n &#8211; Cartuccia del gas non inclusa.<\/p>\n<p>L&#8217;accenditore da campeggio a carbonella pu\u00f2 essere utilizzato con cartucce di gas da 190 g e riscalda in brevissimo tempo sia la carbonella autoinfiammabile, sia quella di bamb\u00f9 che quella di cocco. Con il bruciatore \u00e8 possibile utilizzare solo la cartuccia di gas Campingman da 190 g.  Nessuna responsabilit\u00e0\/garanzia \u00e8 assunta per l&#8217;uso di altri.<\/p>\n<p>Tutti i prezzi si applicano solo agli ordini online e sono comprensivi di IVA. IVA, soggetta a modifiche pi\u00f9 Spedizione. Con riserva di errori, modifiche nella fornitura e nella progettazione, errori di stampa e modifiche dei prezzi. I prezzi barrati sono invece prezzi. L&#8217;immagine pu\u00f2 differire dall&#8217;originale\/dalla fornitura.<br \/>\n*Spedizione gratuita per ordini superiori a CHF 250.<\/p>\n","protected":false},"excerpt":{"rendered":"<p>Campingman Narghil\u00e8 Carbonaio Braci perfette per carbone naturale &#8211; Colore: giallo &#8211; Cartuccia del gas non inclusa. L&#8217;accenditore da campeggio a carbonella pu\u00f2 essere utilizzato con cartucce di gas da 190 g e riscalda in brevissimo tempo sia la carbonella autoinfiammabile, sia quella di bamb\u00f9 che quella di cocco. Con il bruciatore \u00e8 possibile utilizzare [&hellip;]<\/p>\n","protected":false},"featured_media":72450,"template":"","meta":[],"product_brand":[],"product_cat":[1928,1892],"product_tag":[],"class_list":{"0":"post-72449","1":"product","2":"type-product","3":"status-publish","4":"has-post-thumbnail","6":"product_cat-bruciatore-a-carbone-narghile","7":"product_cat-narghile","9":"first","10":"instock","11":"purchasable","12":"product-type-simple"},"yoast_head":"<!-- This site is optimized with the Yoast SEO plugin v27.0 - https:\/\/yoast.com\/product\/yoast-seo-wordpress\/ -->\n<title>Campingman Narghil\u00e8 Carbonaio - Tabakversand.ch | Alles aus der Welt des Tabaks<\/title>\n<meta name=\"description\" content=\"Campingman Narghil\u00e8 Carbonaio | La pi\u00f9 grande selezione svizzera di prodotti del tabacco | Tutte le carte accettate!\" \/>\n<meta name=\"robots\" content=\"index, follow, max-snippet:-1, max-image-preview:large, max-video-preview:-1\" \/>\n<link rel=\"canonical\" href=\"https:\/\/www.tabakversand.ch\/prodotto\/campingman-shishakohlebrenner\/\" \/>\n<meta property=\"og:locale\" content=\"it_IT\" \/>\n<meta property=\"og:type\" content=\"article\" \/>\n<meta property=\"og:title\" content=\"Campingman Narghil\u00e8 Carbonaio - Tabakversand.ch | Alles aus der Welt des Tabaks\" \/>\n<meta property=\"og:description\" content=\"Campingman Narghil\u00e8 Carbonaio | La pi\u00f9 grande selezione svizzera di prodotti del tabacco | Tutte le carte accettate!\" \/>\n<meta property=\"og:url\" content=\"https:\/\/www.tabakversand.ch\/prodotto\/campingman-shishakohlebrenner\/\" \/>\n<meta property=\"og:site_name\" content=\"Tabakversand.ch | Alles aus der Welt des Tabaks\" \/>\n<meta property=\"article:modified_time\" content=\"2025-04-10T15:56:23+00:00\" \/>\n<meta property=\"og:image\" content=\"https:\/\/www.tabakversand.ch\/wp-content\/uploads\/2022\/03\/campingman-gasbrenner.jpg\" \/>\n\t<meta property=\"og:image:width\" content=\"400\" \/>\n\t<meta property=\"og:image:height\" content=\"400\" \/>\n\t<meta property=\"og:image:type\" content=\"image\/jpeg\" \/>\n<meta name=\"twitter:card\" content=\"summary_large_image\" \/>\n<meta name=\"twitter:label1\" content=\"Tempo di lettura stimato\" \/>\n\t<meta name=\"twitter:data1\" content=\"1 minuto\" \/>\n<script type=\"application\/ld+json\" class=\"yoast-schema-graph\">{\"@context\":\"https:\/\/schema.org\",\"@graph\":[{\"@type\":\"WebPage\",\"@id\":\"https:\/\/www.tabakversand.ch\/prodotto\/campingman-shishakohlebrenner\/\",\"url\":\"https:\/\/www.tabakversand.ch\/prodotto\/campingman-shishakohlebrenner\/\",\"name\":\"Campingman Narghil\u00e8 Carbonaio - Tabakversand.ch | Alles aus der Welt des Tabaks\",\"isPartOf\":{\"@id\":\"https:\/\/www.tabakversand.ch\/#website\"},\"primaryImageOfPage\":{\"@id\":\"https:\/\/www.tabakversand.ch\/prodotto\/campingman-shishakohlebrenner\/#primaryimage\"},\"image\":{\"@id\":\"https:\/\/www.tabakversand.ch\/prodotto\/campingman-shishakohlebrenner\/#primaryimage\"},\"thumbnailUrl\":\"https:\/\/www.tabakversand.ch\/wp-content\/uploads\/2022\/03\/campingman-gasbrenner.jpg\",\"datePublished\":\"2022-04-02T08:52:41+00:00\",\"dateModified\":\"2025-04-10T15:56:23+00:00\",\"description\":\"Campingman Narghil\u00e8 Carbonaio | La pi\u00f9 grande selezione svizzera di prodotti del tabacco | Tutte le carte accettate!\",\"breadcrumb\":{\"@id\":\"https:\/\/www.tabakversand.ch\/prodotto\/campingman-shishakohlebrenner\/#breadcrumb\"},\"inLanguage\":\"it-IT\",\"potentialAction\":[{\"@type\":\"ReadAction\",\"target\":[\"https:\/\/www.tabakversand.ch\/prodotto\/campingman-shishakohlebrenner\/\"]}]},{\"@type\":\"ImageObject\",\"inLanguage\":\"it-IT\",\"@id\":\"https:\/\/www.tabakversand.ch\/prodotto\/campingman-shishakohlebrenner\/#primaryimage\",\"url\":\"https:\/\/www.tabakversand.ch\/wp-content\/uploads\/2022\/03\/campingman-gasbrenner.jpg\",\"contentUrl\":\"https:\/\/www.tabakversand.ch\/wp-content\/uploads\/2022\/03\/campingman-gasbrenner.jpg\",\"width\":400,\"height\":400,\"caption\":\"Campingman Narghil\u00e8 Carbonaio\"},{\"@type\":\"BreadcrumbList\",\"@id\":\"https:\/\/www.tabakversand.ch\/prodotto\/campingman-shishakohlebrenner\/#breadcrumb\",\"itemListElement\":[{\"@type\":\"ListItem\",\"position\":1,\"name\":\"Startseite\",\"item\":\"https:\/\/www.tabakversand.ch\/\"},{\"@type\":\"ListItem\",\"position\":2,\"name\":\"Negozio\",\"item\":\"https:\/\/www.tabakversand.ch\/it\/negozio\/\"},{\"@type\":\"ListItem\",\"position\":3,\"name\":\"Campingman Narghil\u00e8 Carbonaio\"}]},{\"@type\":\"WebSite\",\"@id\":\"https:\/\/www.tabakversand.ch\/#website\",\"url\":\"https:\/\/www.tabakversand.ch\/\",\"name\":\"Tabakversand.ch | Alles aus der Welt des Tabaks\",\"description\":\"Smoke and carpe diem\",\"potentialAction\":[{\"@type\":\"SearchAction\",\"target\":{\"@type\":\"EntryPoint\",\"urlTemplate\":\"https:\/\/www.tabakversand.ch\/?s={search_term_string}\"},\"query-input\":{\"@type\":\"PropertyValueSpecification\",\"valueRequired\":true,\"valueName\":\"search_term_string\"}}],\"inLanguage\":\"it-IT\"}]}<\/script>\n<!-- \/ Yoast SEO plugin. -->","yoast_head_json":{"title":"Campingman Narghil\u00e8 Carbonaio - Tabakversand.ch | Alles aus der Welt des Tabaks","description":"Campingman Narghil\u00e8 Carbonaio | La pi\u00f9 grande selezione svizzera di prodotti del tabacco | Tutte le carte accettate!","robots":{"index":"index","follow":"follow","max-snippet":"max-snippet:-1","max-image-preview":"max-image-preview:large","max-video-preview":"max-video-preview:-1"},"canonical":"https:\/\/www.tabakversand.ch\/prodotto\/campingman-shishakohlebrenner\/","og_locale":"it_IT","og_type":"article","og_title":"Campingman Narghil\u00e8 Carbonaio - Tabakversand.ch | Alles aus der Welt des Tabaks","og_description":"Campingman Narghil\u00e8 Carbonaio | La pi\u00f9 grande selezione svizzera di prodotti del tabacco | Tutte le carte accettate!","og_url":"https:\/\/www.tabakversand.ch\/prodotto\/campingman-shishakohlebrenner\/","og_site_name":"Tabakversand.ch | Alles aus der Welt des Tabaks","article_modified_time":"2025-04-10T15:56:23+00:00","og_image":[{"width":400,"height":400,"url":"https:\/\/www.tabakversand.ch\/wp-content\/uploads\/2022\/03\/campingman-gasbrenner.jpg","type":"image\/jpeg"}],"twitter_card":"summary_large_image","twitter_misc":{"Tempo di lettura stimato":"1 minuto"},"schema":{"@context":"https:\/\/schema.org","@graph":[{"@type":"WebPage","@id":"https:\/\/www.tabakversand.ch\/prodotto\/campingman-shishakohlebrenner\/","url":"https:\/\/www.tabakversand.ch\/prodotto\/campingman-shishakohlebrenner\/","name":"Campingman Narghil\u00e8 Carbonaio - Tabakversand.ch | Alles aus der Welt des Tabaks","isPartOf":{"@id":"https:\/\/www.tabakversand.ch\/#website"},"primaryImageOfPage":{"@id":"https:\/\/www.tabakversand.ch\/prodotto\/campingman-shishakohlebrenner\/#primaryimage"},"image":{"@id":"https:\/\/www.tabakversand.ch\/prodotto\/campingman-shishakohlebrenner\/#primaryimage"},"thumbnailUrl":"https:\/\/www.tabakversand.ch\/wp-content\/uploads\/2022\/03\/campingman-gasbrenner.jpg","datePublished":"2022-04-02T08:52:41+00:00","dateModified":"2025-04-10T15:56:23+00:00","description":"Campingman Narghil\u00e8 Carbonaio | La pi\u00f9 grande selezione svizzera di prodotti del tabacco | Tutte le carte accettate!","breadcrumb":{"@id":"https:\/\/www.tabakversand.ch\/prodotto\/campingman-shishakohlebrenner\/#breadcrumb"},"inLanguage":"it-IT","potentialAction":[{"@type":"ReadAction","target":["https:\/\/www.tabakversand.ch\/prodotto\/campingman-shishakohlebrenner\/"]}]},{"@type":"ImageObject","inLanguage":"it-IT","@id":"https:\/\/www.tabakversand.ch\/prodotto\/campingman-shishakohlebrenner\/#primaryimage","url":"https:\/\/www.tabakversand.ch\/wp-content\/uploads\/2022\/03\/campingman-gasbrenner.jpg","contentUrl":"https:\/\/www.tabakversand.ch\/wp-content\/uploads\/2022\/03\/campingman-gasbrenner.jpg","width":400,"height":400,"caption":"Campingman Narghil\u00e8 Carbonaio"},{"@type":"BreadcrumbList","@id":"https:\/\/www.tabakversand.ch\/prodotto\/campingman-shishakohlebrenner\/#breadcrumb","itemListElement":[{"@type":"ListItem","position":1,"name":"Startseite","item":"https:\/\/www.tabakversand.ch\/"},{"@type":"ListItem","position":2,"name":"Negozio","item":"https:\/\/www.tabakversand.ch\/it\/negozio\/"},{"@type":"ListItem","position":3,"name":"Campingman Narghil\u00e8 Carbonaio"}]},{"@type":"WebSite","@id":"https:\/\/www.tabakversand.ch\/#website","url":"https:\/\/www.tabakversand.ch\/","name":"Tabakversand.ch | Alles aus der Welt des Tabaks","description":"Smoke and carpe diem","potentialAction":[{"@type":"SearchAction","target":{"@type":"EntryPoint","urlTemplate":"https:\/\/www.tabakversand.ch\/?s={search_term_string}"},"query-input":{"@type":"PropertyValueSpecification","valueRequired":true,"valueName":"search_term_string"}}],"inLanguage":"it-IT"}]}},"_links":{"self":[{"href":"https:\/\/www.tabakversand.ch\/it\/wp-json\/wp\/v2\/product\/72449","targetHints":{"allow":["GET"]}}],"collection":[{"href":"https:\/\/www.tabakversand.ch\/it\/wp-json\/wp\/v2\/product"}],"about":[{"href":"https:\/\/www.tabakversand.ch\/it\/wp-json\/wp\/v2\/types\/product"}],"version-history":[{"count":1,"href":"https:\/\/www.tabakversand.ch\/it\/wp-json\/wp\/v2\/product\/72449\/revisions"}],"predecessor-version":[{"id":180786,"href":"https:\/\/www.tabakversand.ch\/it\/wp-json\/wp\/v2\/product\/72449\/revisions\/180786"}],"wp:featuredmedia":[{"embeddable":true,"href":"https:\/\/www.tabakversand.ch\/it\/wp-json\/wp\/v2\/media\/72450"}],"wp:attachment":[{"href":"https:\/\/www.tabakversand.ch\/it\/wp-json\/wp\/v2\/media?parent=72449"}],"wp:term":[{"taxonomy":"product_brand","embeddable":true,"href":"https:\/\/www.tabakversand.ch\/it\/wp-json\/wp\/v2\/product_brand?post=72449"},{"taxonomy":"product_cat","embeddable":true,"href":"https:\/\/www.tabakversand.ch\/it\/wp-json\/wp\/v2\/product_cat?post=72449"},{"taxonomy":"product_tag","embeddable":true,"href":"https:\/\/www.tabakversand.ch\/it\/wp-json\/wp\/v2\/product_tag?post=72449"}],"curies":[{"name":"wp","href":"https:\/\/api.w.org\/{rel}","templated":true}]}}