{"id":72477,"date":"2022-04-02T10:52:41","date_gmt":"2022-04-02T08:52:41","guid":{"rendered":"http:\/\/www.tabakversand.ch\/produkt\/cartuccia-a-gas-per-bruciatori-a-carbone-narghile\/"},"modified":"2025-04-10T17:55:16","modified_gmt":"2025-04-10T15:55:16","slug":"cartuccia-a-gas-per-bruciatore-a-carbone-shisha","status":"publish","type":"product","link":"https:\/\/www.tabakversand.ch\/it\/prodotto\/cartuccia-a-gas-per-bruciatore-a-carbone-shisha\/","title":{"rendered":"Cartuccia a gas per bruciatori a carbone narghil\u00e8"},"content":{"rendered":"<p>Cartuccia a gas per bruciatori a carbone narghil\u00e8<\/p>\n<p>Cartuccia per cucine a gas e bruciatori a gas disponibili in commercio.<\/p>\n<p>&#8211; adatto per il bruciatore a carbone shisha Campingman<br \/>\n &#8211; Contenuto: &#8211; 190 grammi<br \/>\n &#8211; Miscela di gas 80\/20 butano\/propano<br \/>\n &#8211; Tempo di combustione: 2 ore e 30 minuti &#8211; 4 ore<\/p>\n<p>Tutti i prezzi si applicano solo agli ordini online e sono comprensivi di IVA. IVA, soggetta a modifiche pi\u00f9 Spedizione. Con riserva di errori, modifiche nella fornitura e nella progettazione, errori di stampa e modifiche dei prezzi. I prezzi barrati sono invece prezzi. L&#8217;immagine pu\u00f2 differire dall&#8217;originale\/dalla fornitura.<br \/>\n*Spedizione gratuita per ordini superiori a CHF 250.<\/p>\n","protected":false},"excerpt":{"rendered":"<p>Cartuccia a gas per bruciatori a carbone narghil\u00e8 Cartuccia per cucine a gas e bruciatori a gas disponibili in commercio. &#8211; adatto per il bruciatore a carbone shisha Campingman &#8211; Contenuto: &#8211; 190 grammi &#8211; Miscela di gas 80\/20 butano\/propano &#8211; Tempo di combustione: 2 ore e 30 minuti &#8211; 4 ore Tutti i prezzi [&hellip;]<\/p>\n","protected":false},"featured_media":72481,"template":"","meta":[],"product_brand":[],"product_cat":[1928,1892],"product_tag":[],"class_list":{"0":"post-72477","1":"product","2":"type-product","3":"status-publish","4":"has-post-thumbnail","6":"product_cat-bruciatore-a-carbone-narghile","7":"product_cat-narghile","9":"first","10":"outofstock","11":"purchasable","12":"product-type-simple"},"yoast_head":"<!-- This site is optimized with the Yoast SEO plugin v27.0 - https:\/\/yoast.com\/product\/yoast-seo-wordpress\/ -->\n<title>Cartuccia a gas per bruciatori a carbone narghil\u00e8 - Tabakversand.ch | Alles aus der Welt des Tabaks<\/title>\n<meta name=\"description\" content=\"Cartuccia a gas per narghil\u00e8 bruciatore a carbone | La pi\u00f9 grande selezione svizzera di prodotti del tabacco | Carte accettate!\" \/>\n<meta name=\"robots\" content=\"index, follow, max-snippet:-1, max-image-preview:large, max-video-preview:-1\" \/>\n<link rel=\"canonical\" href=\"https:\/\/www.tabakversand.ch\/it\/prodotto\/cartuccia-a-gas-per-bruciatore-a-carbone-shisha\/\" \/>\n<meta property=\"og:locale\" content=\"it_IT\" \/>\n<meta property=\"og:type\" content=\"article\" \/>\n<meta property=\"og:title\" content=\"Cartuccia a gas per bruciatori a carbone narghil\u00e8 - Tabakversand.ch | Alles aus der Welt des Tabaks\" \/>\n<meta property=\"og:description\" content=\"Cartuccia a gas per narghil\u00e8 bruciatore a carbone | La pi\u00f9 grande selezione svizzera di prodotti del tabacco | Carte accettate!\" \/>\n<meta property=\"og:url\" content=\"https:\/\/www.tabakversand.ch\/it\/prodotto\/cartuccia-a-gas-per-bruciatore-a-carbone-shisha\/\" \/>\n<meta property=\"og:site_name\" content=\"Tabakversand.ch | Alles aus der Welt des Tabaks\" \/>\n<meta property=\"article:modified_time\" content=\"2025-04-10T15:55:16+00:00\" \/>\n<meta property=\"og:image\" content=\"https:\/\/www.tabakversand.ch\/wp-content\/uploads\/2022\/03\/campingman-gas-kartusche.jpg\" \/>\n\t<meta property=\"og:image:width\" content=\"350\" \/>\n\t<meta property=\"og:image:height\" content=\"350\" \/>\n\t<meta property=\"og:image:type\" content=\"image\/jpeg\" \/>\n<meta name=\"twitter:card\" content=\"summary_large_image\" \/>\n<meta name=\"twitter:label1\" content=\"Tempo di lettura stimato\" \/>\n\t<meta name=\"twitter:data1\" content=\"1 minuto\" \/>\n<script type=\"application\/ld+json\" class=\"yoast-schema-graph\">{\"@context\":\"https:\/\/schema.org\",\"@graph\":[{\"@type\":\"WebPage\",\"@id\":\"https:\/\/www.tabakversand.ch\/it\/prodotto\/cartuccia-a-gas-per-bruciatore-a-carbone-shisha\/\",\"url\":\"https:\/\/www.tabakversand.ch\/it\/prodotto\/cartuccia-a-gas-per-bruciatore-a-carbone-shisha\/\",\"name\":\"Cartuccia a gas per bruciatori a carbone narghil\u00e8 - Tabakversand.ch | Alles aus der Welt des Tabaks\",\"isPartOf\":{\"@id\":\"https:\/\/www.tabakversand.ch\/#website\"},\"primaryImageOfPage\":{\"@id\":\"https:\/\/www.tabakversand.ch\/it\/prodotto\/cartuccia-a-gas-per-bruciatore-a-carbone-shisha\/#primaryimage\"},\"image\":{\"@id\":\"https:\/\/www.tabakversand.ch\/it\/prodotto\/cartuccia-a-gas-per-bruciatore-a-carbone-shisha\/#primaryimage\"},\"thumbnailUrl\":\"https:\/\/www.tabakversand.ch\/wp-content\/uploads\/2022\/03\/campingman-gas-kartusche.jpg\",\"datePublished\":\"2022-04-02T08:52:41+00:00\",\"dateModified\":\"2025-04-10T15:55:16+00:00\",\"description\":\"Cartuccia a gas per narghil\u00e8 bruciatore a carbone | La pi\u00f9 grande selezione svizzera di prodotti del tabacco | Carte accettate!\",\"breadcrumb\":{\"@id\":\"https:\/\/www.tabakversand.ch\/it\/prodotto\/cartuccia-a-gas-per-bruciatore-a-carbone-shisha\/#breadcrumb\"},\"inLanguage\":\"it-IT\",\"potentialAction\":[{\"@type\":\"ReadAction\",\"target\":[\"https:\/\/www.tabakversand.ch\/it\/prodotto\/cartuccia-a-gas-per-bruciatore-a-carbone-shisha\/\"]}]},{\"@type\":\"ImageObject\",\"inLanguage\":\"it-IT\",\"@id\":\"https:\/\/www.tabakversand.ch\/it\/prodotto\/cartuccia-a-gas-per-bruciatore-a-carbone-shisha\/#primaryimage\",\"url\":\"https:\/\/www.tabakversand.ch\/wp-content\/uploads\/2022\/03\/campingman-gas-kartusche.jpg\",\"contentUrl\":\"https:\/\/www.tabakversand.ch\/wp-content\/uploads\/2022\/03\/campingman-gas-kartusche.jpg\",\"width\":350,\"height\":350,\"caption\":\"Cartuccia a gas per bruciatori a carbone narghil\u00e8\"},{\"@type\":\"BreadcrumbList\",\"@id\":\"https:\/\/www.tabakversand.ch\/it\/prodotto\/cartuccia-a-gas-per-bruciatore-a-carbone-shisha\/#breadcrumb\",\"itemListElement\":[{\"@type\":\"ListItem\",\"position\":1,\"name\":\"Startseite\",\"item\":\"https:\/\/www.tabakversand.ch\/\"},{\"@type\":\"ListItem\",\"position\":2,\"name\":\"Negozio\",\"item\":\"https:\/\/www.tabakversand.ch\/it\/negozio\/\"},{\"@type\":\"ListItem\",\"position\":3,\"name\":\"Cartuccia a gas per bruciatori a carbone narghil\u00e8\"}]},{\"@type\":\"WebSite\",\"@id\":\"https:\/\/www.tabakversand.ch\/#website\",\"url\":\"https:\/\/www.tabakversand.ch\/\",\"name\":\"Tabakversand.ch | Alles aus der Welt des Tabaks\",\"description\":\"Smoke and carpe diem\",\"potentialAction\":[{\"@type\":\"SearchAction\",\"target\":{\"@type\":\"EntryPoint\",\"urlTemplate\":\"https:\/\/www.tabakversand.ch\/?s={search_term_string}\"},\"query-input\":{\"@type\":\"PropertyValueSpecification\",\"valueRequired\":true,\"valueName\":\"search_term_string\"}}],\"inLanguage\":\"it-IT\"}]}<\/script>\n<!-- \/ Yoast SEO plugin. -->","yoast_head_json":{"title":"Cartuccia a gas per bruciatori a carbone narghil\u00e8 - Tabakversand.ch | Alles aus der Welt des Tabaks","description":"Cartuccia a gas per narghil\u00e8 bruciatore a carbone | La pi\u00f9 grande selezione svizzera di prodotti del tabacco | Carte accettate!","robots":{"index":"index","follow":"follow","max-snippet":"max-snippet:-1","max-image-preview":"max-image-preview:large","max-video-preview":"max-video-preview:-1"},"canonical":"https:\/\/www.tabakversand.ch\/it\/prodotto\/cartuccia-a-gas-per-bruciatore-a-carbone-shisha\/","og_locale":"it_IT","og_type":"article","og_title":"Cartuccia a gas per bruciatori a carbone narghil\u00e8 - Tabakversand.ch | Alles aus der Welt des Tabaks","og_description":"Cartuccia a gas per narghil\u00e8 bruciatore a carbone | La pi\u00f9 grande selezione svizzera di prodotti del tabacco | Carte accettate!","og_url":"https:\/\/www.tabakversand.ch\/it\/prodotto\/cartuccia-a-gas-per-bruciatore-a-carbone-shisha\/","og_site_name":"Tabakversand.ch | Alles aus der Welt des Tabaks","article_modified_time":"2025-04-10T15:55:16+00:00","og_image":[{"width":350,"height":350,"url":"https:\/\/www.tabakversand.ch\/wp-content\/uploads\/2022\/03\/campingman-gas-kartusche.jpg","type":"image\/jpeg"}],"twitter_card":"summary_large_image","twitter_misc":{"Tempo di lettura stimato":"1 minuto"},"schema":{"@context":"https:\/\/schema.org","@graph":[{"@type":"WebPage","@id":"https:\/\/www.tabakversand.ch\/it\/prodotto\/cartuccia-a-gas-per-bruciatore-a-carbone-shisha\/","url":"https:\/\/www.tabakversand.ch\/it\/prodotto\/cartuccia-a-gas-per-bruciatore-a-carbone-shisha\/","name":"Cartuccia a gas per bruciatori a carbone narghil\u00e8 - Tabakversand.ch | Alles aus der Welt des Tabaks","isPartOf":{"@id":"https:\/\/www.tabakversand.ch\/#website"},"primaryImageOfPage":{"@id":"https:\/\/www.tabakversand.ch\/it\/prodotto\/cartuccia-a-gas-per-bruciatore-a-carbone-shisha\/#primaryimage"},"image":{"@id":"https:\/\/www.tabakversand.ch\/it\/prodotto\/cartuccia-a-gas-per-bruciatore-a-carbone-shisha\/#primaryimage"},"thumbnailUrl":"https:\/\/www.tabakversand.ch\/wp-content\/uploads\/2022\/03\/campingman-gas-kartusche.jpg","datePublished":"2022-04-02T08:52:41+00:00","dateModified":"2025-04-10T15:55:16+00:00","description":"Cartuccia a gas per narghil\u00e8 bruciatore a carbone | La pi\u00f9 grande selezione svizzera di prodotti del tabacco | Carte accettate!","breadcrumb":{"@id":"https:\/\/www.tabakversand.ch\/it\/prodotto\/cartuccia-a-gas-per-bruciatore-a-carbone-shisha\/#breadcrumb"},"inLanguage":"it-IT","potentialAction":[{"@type":"ReadAction","target":["https:\/\/www.tabakversand.ch\/it\/prodotto\/cartuccia-a-gas-per-bruciatore-a-carbone-shisha\/"]}]},{"@type":"ImageObject","inLanguage":"it-IT","@id":"https:\/\/www.tabakversand.ch\/it\/prodotto\/cartuccia-a-gas-per-bruciatore-a-carbone-shisha\/#primaryimage","url":"https:\/\/www.tabakversand.ch\/wp-content\/uploads\/2022\/03\/campingman-gas-kartusche.jpg","contentUrl":"https:\/\/www.tabakversand.ch\/wp-content\/uploads\/2022\/03\/campingman-gas-kartusche.jpg","width":350,"height":350,"caption":"Cartuccia a gas per bruciatori a carbone narghil\u00e8"},{"@type":"BreadcrumbList","@id":"https:\/\/www.tabakversand.ch\/it\/prodotto\/cartuccia-a-gas-per-bruciatore-a-carbone-shisha\/#breadcrumb","itemListElement":[{"@type":"ListItem","position":1,"name":"Startseite","item":"https:\/\/www.tabakversand.ch\/"},{"@type":"ListItem","position":2,"name":"Negozio","item":"https:\/\/www.tabakversand.ch\/it\/negozio\/"},{"@type":"ListItem","position":3,"name":"Cartuccia a gas per bruciatori a carbone narghil\u00e8"}]},{"@type":"WebSite","@id":"https:\/\/www.tabakversand.ch\/#website","url":"https:\/\/www.tabakversand.ch\/","name":"Tabakversand.ch | Alles aus der Welt des Tabaks","description":"Smoke and carpe diem","potentialAction":[{"@type":"SearchAction","target":{"@type":"EntryPoint","urlTemplate":"https:\/\/www.tabakversand.ch\/?s={search_term_string}"},"query-input":{"@type":"PropertyValueSpecification","valueRequired":true,"valueName":"search_term_string"}}],"inLanguage":"it-IT"}]}},"_links":{"self":[{"href":"https:\/\/www.tabakversand.ch\/it\/wp-json\/wp\/v2\/product\/72477","targetHints":{"allow":["GET"]}}],"collection":[{"href":"https:\/\/www.tabakversand.ch\/it\/wp-json\/wp\/v2\/product"}],"about":[{"href":"https:\/\/www.tabakversand.ch\/it\/wp-json\/wp\/v2\/types\/product"}],"version-history":[{"count":1,"href":"https:\/\/www.tabakversand.ch\/it\/wp-json\/wp\/v2\/product\/72477\/revisions"}],"predecessor-version":[{"id":180782,"href":"https:\/\/www.tabakversand.ch\/it\/wp-json\/wp\/v2\/product\/72477\/revisions\/180782"}],"wp:featuredmedia":[{"embeddable":true,"href":"https:\/\/www.tabakversand.ch\/it\/wp-json\/wp\/v2\/media\/72481"}],"wp:attachment":[{"href":"https:\/\/www.tabakversand.ch\/it\/wp-json\/wp\/v2\/media?parent=72477"}],"wp:term":[{"taxonomy":"product_brand","embeddable":true,"href":"https:\/\/www.tabakversand.ch\/it\/wp-json\/wp\/v2\/product_brand?post=72477"},{"taxonomy":"product_cat","embeddable":true,"href":"https:\/\/www.tabakversand.ch\/it\/wp-json\/wp\/v2\/product_cat?post=72477"},{"taxonomy":"product_tag","embeddable":true,"href":"https:\/\/www.tabakversand.ch\/it\/wp-json\/wp\/v2\/product_tag?post=72477"}],"curies":[{"name":"wp","href":"https:\/\/api.w.org\/{rel}","templated":true}]}}