{"id":72713,"date":"2022-04-02T10:52:03","date_gmt":"2022-04-02T08:52:03","guid":{"rendered":"http:\/\/www.tabakversand.ch\/produkt\/montecristo-no-4-3er-case-sigari\/"},"modified":"2026-04-23T11:26:05","modified_gmt":"2026-04-23T09:26:05","slug":"montecristo-no-4-3er-case-sigari","status":"publish","type":"product","link":"https:\/\/www.tabakversand.ch\/it\/prodotto\/montecristo-no-4-3er-case-sigari\/","title":{"rendered":"Montecristo n. 4"},"content":{"rendered":"<h3>Sigari Montecristo n. 4 \u2013 Il classico di fama mondiale dell&#8217;Avana<\/h3>\n<p>I sigari Montecristo No. 4 sono tra i pi\u00f9 famosi e venduti Habanos al mondo. Pochi altri sigari incarnano la tradizione cubana, la qualit\u00e0 e l&#8217;autentico piacere del fumo come i Montecristo. Infatti, una grande percentuale dei sigari esportati annualmente da Cuba reca l&#8217;iconica fascetta Montecristo, chiara dimostrazione della loro immensa popolarit\u00e0 tra gli appassionati di tutto il mondo.<\/p>\n<h5>Tabacco cubano al 100% \u2013 Tradizione nella sua forma pi\u00f9 perfetta.<\/h5>\n<p>\u00c8 realizzato interamente con ripieno, sottofascia e fascia cubani. Queste foglie di tabacco accuratamente selezionate conferiscono un aroma inconfondibile e garantiscono la massima qualit\u00e0 ad ogni boccata. Il processo di produzione tradizionale rende ogni sigaro una vera opera d&#8217;arte.<\/p>\n<h5>Formato Corona classico per un piacere equilibrato<\/h5>\n<p>Grazie al suo piccolo formato Corona, il Montecristo No. 4 offre un perfetto equilibrio tra intensit\u00e0 e durata della fumata. La sua lunghezza di 12,6 cm e il diametro di 1,67 cm assicurano una comoda impugnatura e una combustione uniforme.<\/p>\n<h5>Aroma intenso e tempo di fumata di circa 53 minuti.<\/h5>\n<p>Questo sigaro colpisce per il suo profilo aromatico equilibrato, speziato e terroso, e per la sua piacevole profondit\u00e0. Non \u00e8 n\u00e9 troppo leggero n\u00e9 troppo forte, il che lo rende adatto sia ai fumatori principianti che a quelli esperti. Con un tempo di fumata di circa 53 minuti, \u00e8 ideale per momenti di relax e piacere.<\/p>\n<h5>Perfetto per ogni occasione<\/h5>\n<p>Che sia un compagno ideale per tutti i giorni, per rilassarsi dopo il lavoro o per occasioni speciali, il Montecristo No. 4 \u00e8 sempre la scelta perfetta. Offre una qualit\u00e0 costantemente elevata e un&#8217;esperienza gustativa su cui poter contare.<\/p>\n<p>Con i sigari Montecristo No.4, scegliete un vero classico che definisce gli standard globali e incarna il piacere del tabacco cubano ai massimi livelli.<\/p>\n<p>Su tabakversand.ch riceverete sigari Montecristo No. 4 conservati correttamente e nella loro confezione originale. Un&#8217;attenta conservazione garantisce che aroma, umidit\u00e0 e qualit\u00e0 siano preservati in modo ottimale fino alla spedizione. Grazie alla consegna rapida in Svizzera, i vostri sigari arriveranno in genere molto velocemente.<\/p>\n<p>Per maggiori informazioni sul produttore Montecristo, si prega di consultare la relativa pagina di Wikipedia: <a href=\"https:\/\/de.wikipedia.org\/wiki\/Montecristo_(Zigarre)\">clicca qui<\/a> . Per qualsiasi domanda sul prodotto, non esitate a contattarci: <a href=\"https:\/\/www.tabakversand.ch\/kontakt\/\">cliccate qui<\/a> .<\/p>\n<p>Tutti i prezzi sono validi solo per gli ordini online e includono l&#8217;IVA, sono soggetti a modifiche senza preavviso e non includono le spese di spedizione. Con riserva di errori, modifiche nella fornitura e nella progettazione, errori di stampa e modifiche dei prezzi. I prezzi barrati sono invece prezzi. L&#8217;immagine pu\u00f2 differire dall&#8217;originale\/dalla fornitura.<br \/>\n*Spedizione gratuita per ordini superiori a CHF 250.-.<\/p>\n","protected":false},"excerpt":{"rendered":"<p>Sigari Montecristo n. 4 \u2013 Il classico di fama mondiale dell&#8217;Avana I sigari Montecristo No. 4 sono tra i pi\u00f9 famosi e venduti Habanos al mondo. Pochi altri sigari incarnano la tradizione cubana, la qualit\u00e0 e l&#8217;autentico piacere del fumo come i Montecristo. Infatti, una grande percentuale dei sigari esportati annualmente da Cuba reca l&#8217;iconica [&hellip;]<\/p>\n","protected":false},"featured_media":162978,"template":"","meta":[],"product_brand":[1497],"product_cat":[2309,2003,2333,2002],"product_tag":[],"class_list":{"0":"post-72713","1":"product","2":"type-product","3":"status-publish","4":"has-post-thumbnail","6":"product_brand-montecristo","7":"product_cat-cuba-it","8":"product_cat-mondo-dei-sigari","9":"product_cat-montecristo-it","10":"product_cat-sigari","11":"pa_tabak-zigarren-1-custodia-da-3-pezzi","12":"pa_tabak-zigarren-1-scatola-da-25-pezzi","13":"pa_tabak-zigarren-1-x-1-sigaro","15":"first","16":"instock","17":"purchasable","18":"product-type-variable"},"yoast_head":"<!-- This site is optimized with the Yoast SEO plugin v27.0 - https:\/\/yoast.com\/product\/yoast-seo-wordpress\/ -->\n<title>Acquista Montecristo n. 4 \u2013 Classici cubani dell&#039;Avana<\/title>\n<meta name=\"description\" content=\"Montecristo n.4 Sigari: Popolare Corona cubana con una durata di fumata di circa 53 minuti. Tabacco cubano al 100% e aroma intenso \u2013 ordina online ora!\" \/>\n<meta name=\"robots\" content=\"index, follow, max-snippet:-1, max-image-preview:large, max-video-preview:-1\" \/>\n<link rel=\"canonical\" href=\"https:\/\/www.tabakversand.ch\/it\/prodotto\/montecristo-no-4-3er-case-sigari\/\" \/>\n<meta property=\"og:locale\" content=\"it_IT\" \/>\n<meta property=\"og:type\" content=\"article\" \/>\n<meta property=\"og:title\" content=\"Acquista Montecristo n. 4 \u2013 Classici cubani dell&#039;Avana\" \/>\n<meta property=\"og:description\" content=\"Montecristo n.4 Sigari: Popolare Corona cubana con una durata di fumata di circa 53 minuti. Tabacco cubano al 100% e aroma intenso \u2013 ordina online ora!\" \/>\n<meta property=\"og:url\" content=\"https:\/\/www.tabakversand.ch\/it\/prodotto\/montecristo-no-4-3er-case-sigari\/\" \/>\n<meta property=\"og:site_name\" content=\"Tabakversand.ch | Alles aus der Welt des Tabaks\" \/>\n<meta property=\"article:modified_time\" content=\"2026-04-23T09:26:05+00:00\" \/>\n<meta property=\"og:image\" content=\"https:\/\/www.tabakversand.ch\/wp-content\/uploads\/2024\/11\/montecristo-no-4-e.jpg\" \/>\n\t<meta property=\"og:image:width\" content=\"500\" \/>\n\t<meta property=\"og:image:height\" content=\"500\" \/>\n\t<meta property=\"og:image:type\" content=\"image\/jpeg\" \/>\n<meta name=\"twitter:card\" content=\"summary_large_image\" \/>\n<meta name=\"twitter:label1\" content=\"Tempo di lettura stimato\" \/>\n\t<meta name=\"twitter:data1\" content=\"3 minuti\" \/>\n<script type=\"application\/ld+json\" class=\"yoast-schema-graph\">{\"@context\":\"https:\/\/schema.org\",\"@graph\":[{\"@type\":\"WebPage\",\"@id\":\"https:\/\/www.tabakversand.ch\/it\/prodotto\/montecristo-no-4-3er-case-sigari\/\",\"url\":\"https:\/\/www.tabakversand.ch\/it\/prodotto\/montecristo-no-4-3er-case-sigari\/\",\"name\":\"Acquista Montecristo n. 4 \u2013 Classici cubani dell'Avana\",\"isPartOf\":{\"@id\":\"https:\/\/www.tabakversand.ch\/#website\"},\"primaryImageOfPage\":{\"@id\":\"https:\/\/www.tabakversand.ch\/it\/prodotto\/montecristo-no-4-3er-case-sigari\/#primaryimage\"},\"image\":{\"@id\":\"https:\/\/www.tabakversand.ch\/it\/prodotto\/montecristo-no-4-3er-case-sigari\/#primaryimage\"},\"thumbnailUrl\":\"https:\/\/www.tabakversand.ch\/wp-content\/uploads\/2024\/11\/montecristo-no-4-e.jpg\",\"datePublished\":\"2022-04-02T08:52:03+00:00\",\"dateModified\":\"2026-04-23T09:26:05+00:00\",\"description\":\"Montecristo n.4 Sigari: Popolare Corona cubana con una durata di fumata di circa 53 minuti. Tabacco cubano al 100% e aroma intenso \u2013 ordina online ora!\",\"breadcrumb\":{\"@id\":\"https:\/\/www.tabakversand.ch\/it\/prodotto\/montecristo-no-4-3er-case-sigari\/#breadcrumb\"},\"inLanguage\":\"it-IT\",\"potentialAction\":[{\"@type\":\"ReadAction\",\"target\":[\"https:\/\/www.tabakversand.ch\/it\/prodotto\/montecristo-no-4-3er-case-sigari\/\"]}]},{\"@type\":\"ImageObject\",\"inLanguage\":\"it-IT\",\"@id\":\"https:\/\/www.tabakversand.ch\/it\/prodotto\/montecristo-no-4-3er-case-sigari\/#primaryimage\",\"url\":\"https:\/\/www.tabakversand.ch\/wp-content\/uploads\/2024\/11\/montecristo-no-4-e.jpg\",\"contentUrl\":\"https:\/\/www.tabakversand.ch\/wp-content\/uploads\/2024\/11\/montecristo-no-4-e.jpg\",\"width\":500,\"height\":500,\"caption\":\"Montecristo No.4 1 Zigarre\"},{\"@type\":\"BreadcrumbList\",\"@id\":\"https:\/\/www.tabakversand.ch\/it\/prodotto\/montecristo-no-4-3er-case-sigari\/#breadcrumb\",\"itemListElement\":[{\"@type\":\"ListItem\",\"position\":1,\"name\":\"Startseite\",\"item\":\"https:\/\/www.tabakversand.ch\/\"},{\"@type\":\"ListItem\",\"position\":2,\"name\":\"Negozio\",\"item\":\"https:\/\/www.tabakversand.ch\/it\/negozio\/\"},{\"@type\":\"ListItem\",\"position\":3,\"name\":\"Montecristo n. 4\"}]},{\"@type\":\"WebSite\",\"@id\":\"https:\/\/www.tabakversand.ch\/#website\",\"url\":\"https:\/\/www.tabakversand.ch\/\",\"name\":\"Tabakversand.ch | Alles aus der Welt des Tabaks\",\"description\":\"Smoke and carpe diem\",\"potentialAction\":[{\"@type\":\"SearchAction\",\"target\":{\"@type\":\"EntryPoint\",\"urlTemplate\":\"https:\/\/www.tabakversand.ch\/?s={search_term_string}\"},\"query-input\":{\"@type\":\"PropertyValueSpecification\",\"valueRequired\":true,\"valueName\":\"search_term_string\"}}],\"inLanguage\":\"it-IT\"}]}<\/script>\n<!-- \/ Yoast SEO plugin. -->","yoast_head_json":{"title":"Acquista Montecristo n. 4 \u2013 Classici cubani dell'Avana","description":"Montecristo n.4 Sigari: Popolare Corona cubana con una durata di fumata di circa 53 minuti. Tabacco cubano al 100% e aroma intenso \u2013 ordina online ora!","robots":{"index":"index","follow":"follow","max-snippet":"max-snippet:-1","max-image-preview":"max-image-preview:large","max-video-preview":"max-video-preview:-1"},"canonical":"https:\/\/www.tabakversand.ch\/it\/prodotto\/montecristo-no-4-3er-case-sigari\/","og_locale":"it_IT","og_type":"article","og_title":"Acquista Montecristo n. 4 \u2013 Classici cubani dell'Avana","og_description":"Montecristo n.4 Sigari: Popolare Corona cubana con una durata di fumata di circa 53 minuti. Tabacco cubano al 100% e aroma intenso \u2013 ordina online ora!","og_url":"https:\/\/www.tabakversand.ch\/it\/prodotto\/montecristo-no-4-3er-case-sigari\/","og_site_name":"Tabakversand.ch | Alles aus der Welt des Tabaks","article_modified_time":"2026-04-23T09:26:05+00:00","og_image":[{"width":500,"height":500,"url":"https:\/\/www.tabakversand.ch\/wp-content\/uploads\/2024\/11\/montecristo-no-4-e.jpg","type":"image\/jpeg"}],"twitter_card":"summary_large_image","twitter_misc":{"Tempo di lettura stimato":"3 minuti"},"schema":{"@context":"https:\/\/schema.org","@graph":[{"@type":"WebPage","@id":"https:\/\/www.tabakversand.ch\/it\/prodotto\/montecristo-no-4-3er-case-sigari\/","url":"https:\/\/www.tabakversand.ch\/it\/prodotto\/montecristo-no-4-3er-case-sigari\/","name":"Acquista Montecristo n. 4 \u2013 Classici cubani dell'Avana","isPartOf":{"@id":"https:\/\/www.tabakversand.ch\/#website"},"primaryImageOfPage":{"@id":"https:\/\/www.tabakversand.ch\/it\/prodotto\/montecristo-no-4-3er-case-sigari\/#primaryimage"},"image":{"@id":"https:\/\/www.tabakversand.ch\/it\/prodotto\/montecristo-no-4-3er-case-sigari\/#primaryimage"},"thumbnailUrl":"https:\/\/www.tabakversand.ch\/wp-content\/uploads\/2024\/11\/montecristo-no-4-e.jpg","datePublished":"2022-04-02T08:52:03+00:00","dateModified":"2026-04-23T09:26:05+00:00","description":"Montecristo n.4 Sigari: Popolare Corona cubana con una durata di fumata di circa 53 minuti. Tabacco cubano al 100% e aroma intenso \u2013 ordina online ora!","breadcrumb":{"@id":"https:\/\/www.tabakversand.ch\/it\/prodotto\/montecristo-no-4-3er-case-sigari\/#breadcrumb"},"inLanguage":"it-IT","potentialAction":[{"@type":"ReadAction","target":["https:\/\/www.tabakversand.ch\/it\/prodotto\/montecristo-no-4-3er-case-sigari\/"]}]},{"@type":"ImageObject","inLanguage":"it-IT","@id":"https:\/\/www.tabakversand.ch\/it\/prodotto\/montecristo-no-4-3er-case-sigari\/#primaryimage","url":"https:\/\/www.tabakversand.ch\/wp-content\/uploads\/2024\/11\/montecristo-no-4-e.jpg","contentUrl":"https:\/\/www.tabakversand.ch\/wp-content\/uploads\/2024\/11\/montecristo-no-4-e.jpg","width":500,"height":500,"caption":"Montecristo No.4 1 Zigarre"},{"@type":"BreadcrumbList","@id":"https:\/\/www.tabakversand.ch\/it\/prodotto\/montecristo-no-4-3er-case-sigari\/#breadcrumb","itemListElement":[{"@type":"ListItem","position":1,"name":"Startseite","item":"https:\/\/www.tabakversand.ch\/"},{"@type":"ListItem","position":2,"name":"Negozio","item":"https:\/\/www.tabakversand.ch\/it\/negozio\/"},{"@type":"ListItem","position":3,"name":"Montecristo n. 4"}]},{"@type":"WebSite","@id":"https:\/\/www.tabakversand.ch\/#website","url":"https:\/\/www.tabakversand.ch\/","name":"Tabakversand.ch | Alles aus der Welt des Tabaks","description":"Smoke and carpe diem","potentialAction":[{"@type":"SearchAction","target":{"@type":"EntryPoint","urlTemplate":"https:\/\/www.tabakversand.ch\/?s={search_term_string}"},"query-input":{"@type":"PropertyValueSpecification","valueRequired":true,"valueName":"search_term_string"}}],"inLanguage":"it-IT"}]}},"_links":{"self":[{"href":"https:\/\/www.tabakversand.ch\/it\/wp-json\/wp\/v2\/product\/72713","targetHints":{"allow":["GET"]}}],"collection":[{"href":"https:\/\/www.tabakversand.ch\/it\/wp-json\/wp\/v2\/product"}],"about":[{"href":"https:\/\/www.tabakversand.ch\/it\/wp-json\/wp\/v2\/types\/product"}],"version-history":[{"count":8,"href":"https:\/\/www.tabakversand.ch\/it\/wp-json\/wp\/v2\/product\/72713\/revisions"}],"predecessor-version":[{"id":218490,"href":"https:\/\/www.tabakversand.ch\/it\/wp-json\/wp\/v2\/product\/72713\/revisions\/218490"}],"wp:featuredmedia":[{"embeddable":true,"href":"https:\/\/www.tabakversand.ch\/it\/wp-json\/wp\/v2\/media\/162978"}],"wp:attachment":[{"href":"https:\/\/www.tabakversand.ch\/it\/wp-json\/wp\/v2\/media?parent=72713"}],"wp:term":[{"taxonomy":"product_brand","embeddable":true,"href":"https:\/\/www.tabakversand.ch\/it\/wp-json\/wp\/v2\/product_brand?post=72713"},{"taxonomy":"product_cat","embeddable":true,"href":"https:\/\/www.tabakversand.ch\/it\/wp-json\/wp\/v2\/product_cat?post=72713"},{"taxonomy":"product_tag","embeddable":true,"href":"https:\/\/www.tabakversand.ch\/it\/wp-json\/wp\/v2\/product_tag?post=72713"}],"curies":[{"name":"wp","href":"https:\/\/api.w.org\/{rel}","templated":true}]}}