{"id":73689,"date":"2022-04-02T10:48:17","date_gmt":"2022-04-02T08:48:17","guid":{"rendered":"http:\/\/www.tabakversand.ch\/produkt\/manicotti-filtranti-columbus-250-pz\/"},"modified":"2026-04-06T20:37:31","modified_gmt":"2026-04-06T18:37:31","slug":"tabacco-da-fiuto-in-edizione-limitata-estiva-mc-chrystals","status":"publish","type":"product","link":"https:\/\/www.tabakversand.ch\/it\/prodotto\/tabacco-da-fiuto-in-edizione-limitata-estiva-mc-chrystals\/","title":{"rendered":"Tabacco da fiuto in edizione limitata estiva di McCrystal"},"content":{"rendered":"<p>Tabacco da fiuto in edizione limitata estiva di McCrystal<\/p>\n<p>Mc Chrystal&#8217;s ha introdotto una nuova edizione limitata dei suoi tabacco da fiuto, che si distingue dai prodotti normali con un gusto unico. Questa edizione speciale offre un&#8217;esperienza di gusto speciale ed \u00e8 disponibile solo in quantit\u00e0 limitate. Gli amanti di Mc Chrystal hanno ora l&#8217;opportunit\u00e0 di godersi una variante esclusiva del loro prodotto preferito.<\/p>\n<p>1 lattina: Capacit\u00e0 8.75gr.<\/p>\n<p>Tutti i prezzi sono validi solo per gli ordini online e includono l&#8217;IVA, sono soggetti a modifiche senza preavviso e non includono le spese di spedizione.   Con riserva di errori, modifiche nella fornitura e nella progettazione, errori di stampa e modifiche dei prezzi. I prezzi barrati sono invece prezzi. L&#8217;immagine pu\u00f2 differire dall&#8217;originale\/dalla fornitura.<br \/>\n*Spedizione gratuita per ordini superiori a CHF 250.-.<\/p>\n","protected":false},"excerpt":{"rendered":"<p>Tabacco da fiuto in edizione limitata estiva di McCrystal Mc Chrystal&#8217;s ha introdotto una nuova edizione limitata dei suoi tabacco da fiuto, che si distingue dai prodotti normali con un gusto unico. Questa edizione speciale offre un&#8217;esperienza di gusto speciale ed \u00e8 disponibile solo in quantit\u00e0 limitate. Gli amanti di Mc Chrystal hanno ora l&#8217;opportunit\u00e0 [&hellip;]<\/p>\n","protected":false},"featured_media":155191,"template":"","meta":[],"product_brand":[1526],"product_cat":[1952,1889,1953],"product_tag":[],"class_list":{"0":"post-73689","1":"product","2":"type-product","3":"status-publish","4":"has-post-thumbnail","6":"product_brand-mc-chrystals-schnupftabak","7":"product_cat-schnupftabak-tabacco-da-fiuto","8":"product_cat-tabacco","9":"product_cat-tabacco-da-fiuto-accessori","11":"first","12":"instock","13":"purchasable","14":"product-type-simple"},"yoast_head":"<!-- This site is optimized with the Yoast SEO plugin v27.0 - https:\/\/yoast.com\/product\/yoast-seo-wordpress\/ -->\n<title>Tabacco da fiuto in edizione limitata estiva di McCrystal - tabakversand.ch<\/title>\n<meta name=\"description\" content=\"Tabacco da fiuto Mc Chrystals Edizione Limitata Estiva | Un&#039;ampia selezione di prodotti e accessori per il tabacco di alta qualit\u00e0 in tutta la Svizzera | Carte di credito accettate!\" \/>\n<meta name=\"robots\" content=\"index, follow, max-snippet:-1, max-image-preview:large, max-video-preview:-1\" \/>\n<link rel=\"canonical\" href=\"https:\/\/www.tabakversand.ch\/it\/prodotto\/tabacco-da-fiuto-in-edizione-limitata-estiva-mc-chrystals\/\" \/>\n<meta property=\"og:locale\" content=\"it_IT\" \/>\n<meta property=\"og:type\" content=\"article\" \/>\n<meta property=\"og:title\" content=\"Tabacco da fiuto in edizione limitata estiva di McCrystal - tabakversand.ch\" \/>\n<meta property=\"og:description\" content=\"Tabacco da fiuto Mc Chrystals Edizione Limitata Estiva | Un&#039;ampia selezione di prodotti e accessori per il tabacco di alta qualit\u00e0 in tutta la Svizzera | Carte di credito accettate!\" \/>\n<meta property=\"og:url\" content=\"https:\/\/www.tabakversand.ch\/it\/prodotto\/tabacco-da-fiuto-in-edizione-limitata-estiva-mc-chrystals\/\" \/>\n<meta property=\"og:site_name\" content=\"Tabakversand.ch | Alles aus der Welt des Tabaks\" \/>\n<meta property=\"article:modified_time\" content=\"2026-04-06T18:37:31+00:00\" \/>\n<meta property=\"og:image\" content=\"https:\/\/www.tabakversand.ch\/wp-content\/uploads\/2022\/04\/mc-chrystals-summer-le.jpg\" \/>\n\t<meta property=\"og:image:width\" content=\"500\" \/>\n\t<meta property=\"og:image:height\" content=\"500\" \/>\n\t<meta property=\"og:image:type\" content=\"image\/jpeg\" \/>\n<meta name=\"twitter:card\" content=\"summary_large_image\" \/>\n<meta name=\"twitter:label1\" content=\"Tempo di lettura stimato\" \/>\n\t<meta name=\"twitter:data1\" content=\"1 minuto\" \/>\n<script type=\"application\/ld+json\" class=\"yoast-schema-graph\">{\"@context\":\"https:\/\/schema.org\",\"@graph\":[{\"@type\":\"WebPage\",\"@id\":\"https:\/\/www.tabakversand.ch\/it\/prodotto\/tabacco-da-fiuto-in-edizione-limitata-estiva-mc-chrystals\/\",\"url\":\"https:\/\/www.tabakversand.ch\/it\/prodotto\/tabacco-da-fiuto-in-edizione-limitata-estiva-mc-chrystals\/\",\"name\":\"Tabacco da fiuto in edizione limitata estiva di McCrystal - tabakversand.ch\",\"isPartOf\":{\"@id\":\"https:\/\/www.tabakversand.ch\/#website\"},\"primaryImageOfPage\":{\"@id\":\"https:\/\/www.tabakversand.ch\/it\/prodotto\/tabacco-da-fiuto-in-edizione-limitata-estiva-mc-chrystals\/#primaryimage\"},\"image\":{\"@id\":\"https:\/\/www.tabakversand.ch\/it\/prodotto\/tabacco-da-fiuto-in-edizione-limitata-estiva-mc-chrystals\/#primaryimage\"},\"thumbnailUrl\":\"https:\/\/www.tabakversand.ch\/wp-content\/uploads\/2022\/04\/mc-chrystals-summer-le.jpg\",\"datePublished\":\"2022-04-02T08:48:17+00:00\",\"dateModified\":\"2026-04-06T18:37:31+00:00\",\"description\":\"Tabacco da fiuto Mc Chrystals Edizione Limitata Estiva | Un'ampia selezione di prodotti e accessori per il tabacco di alta qualit\u00e0 in tutta la Svizzera | Carte di credito accettate!\",\"breadcrumb\":{\"@id\":\"https:\/\/www.tabakversand.ch\/it\/prodotto\/tabacco-da-fiuto-in-edizione-limitata-estiva-mc-chrystals\/#breadcrumb\"},\"inLanguage\":\"it-IT\",\"potentialAction\":[{\"@type\":\"ReadAction\",\"target\":[\"https:\/\/www.tabakversand.ch\/it\/prodotto\/tabacco-da-fiuto-in-edizione-limitata-estiva-mc-chrystals\/\"]}]},{\"@type\":\"ImageObject\",\"inLanguage\":\"it-IT\",\"@id\":\"https:\/\/www.tabakversand.ch\/it\/prodotto\/tabacco-da-fiuto-in-edizione-limitata-estiva-mc-chrystals\/#primaryimage\",\"url\":\"https:\/\/www.tabakversand.ch\/wp-content\/uploads\/2022\/04\/mc-chrystals-summer-le.jpg\",\"contentUrl\":\"https:\/\/www.tabakversand.ch\/wp-content\/uploads\/2022\/04\/mc-chrystals-summer-le.jpg\",\"width\":500,\"height\":500,\"caption\":\"Tabacco da fiuto Mc Chrystals Edizione Limitata Estiva | Tabakversand.ch\"},{\"@type\":\"BreadcrumbList\",\"@id\":\"https:\/\/www.tabakversand.ch\/it\/prodotto\/tabacco-da-fiuto-in-edizione-limitata-estiva-mc-chrystals\/#breadcrumb\",\"itemListElement\":[{\"@type\":\"ListItem\",\"position\":1,\"name\":\"Startseite\",\"item\":\"https:\/\/www.tabakversand.ch\/\"},{\"@type\":\"ListItem\",\"position\":2,\"name\":\"Negozio\",\"item\":\"https:\/\/www.tabakversand.ch\/it\/negozio\/\"},{\"@type\":\"ListItem\",\"position\":3,\"name\":\"Tabacco da fiuto in edizione limitata estiva di McCrystal\"}]},{\"@type\":\"WebSite\",\"@id\":\"https:\/\/www.tabakversand.ch\/#website\",\"url\":\"https:\/\/www.tabakversand.ch\/\",\"name\":\"Tabakversand.ch | Alles aus der Welt des Tabaks\",\"description\":\"Smoke and carpe diem\",\"potentialAction\":[{\"@type\":\"SearchAction\",\"target\":{\"@type\":\"EntryPoint\",\"urlTemplate\":\"https:\/\/www.tabakversand.ch\/?s={search_term_string}\"},\"query-input\":{\"@type\":\"PropertyValueSpecification\",\"valueRequired\":true,\"valueName\":\"search_term_string\"}}],\"inLanguage\":\"it-IT\"}]}<\/script>\n<!-- \/ Yoast SEO plugin. -->","yoast_head_json":{"title":"Tabacco da fiuto in edizione limitata estiva di McCrystal - tabakversand.ch","description":"Tabacco da fiuto Mc Chrystals Edizione Limitata Estiva | Un'ampia selezione di prodotti e accessori per il tabacco di alta qualit\u00e0 in tutta la Svizzera | Carte di credito accettate!","robots":{"index":"index","follow":"follow","max-snippet":"max-snippet:-1","max-image-preview":"max-image-preview:large","max-video-preview":"max-video-preview:-1"},"canonical":"https:\/\/www.tabakversand.ch\/it\/prodotto\/tabacco-da-fiuto-in-edizione-limitata-estiva-mc-chrystals\/","og_locale":"it_IT","og_type":"article","og_title":"Tabacco da fiuto in edizione limitata estiva di McCrystal - tabakversand.ch","og_description":"Tabacco da fiuto Mc Chrystals Edizione Limitata Estiva | Un'ampia selezione di prodotti e accessori per il tabacco di alta qualit\u00e0 in tutta la Svizzera | Carte di credito accettate!","og_url":"https:\/\/www.tabakversand.ch\/it\/prodotto\/tabacco-da-fiuto-in-edizione-limitata-estiva-mc-chrystals\/","og_site_name":"Tabakversand.ch | Alles aus der Welt des Tabaks","article_modified_time":"2026-04-06T18:37:31+00:00","og_image":[{"width":500,"height":500,"url":"https:\/\/www.tabakversand.ch\/wp-content\/uploads\/2022\/04\/mc-chrystals-summer-le.jpg","type":"image\/jpeg"}],"twitter_card":"summary_large_image","twitter_misc":{"Tempo di lettura stimato":"1 minuto"},"schema":{"@context":"https:\/\/schema.org","@graph":[{"@type":"WebPage","@id":"https:\/\/www.tabakversand.ch\/it\/prodotto\/tabacco-da-fiuto-in-edizione-limitata-estiva-mc-chrystals\/","url":"https:\/\/www.tabakversand.ch\/it\/prodotto\/tabacco-da-fiuto-in-edizione-limitata-estiva-mc-chrystals\/","name":"Tabacco da fiuto in edizione limitata estiva di McCrystal - tabakversand.ch","isPartOf":{"@id":"https:\/\/www.tabakversand.ch\/#website"},"primaryImageOfPage":{"@id":"https:\/\/www.tabakversand.ch\/it\/prodotto\/tabacco-da-fiuto-in-edizione-limitata-estiva-mc-chrystals\/#primaryimage"},"image":{"@id":"https:\/\/www.tabakversand.ch\/it\/prodotto\/tabacco-da-fiuto-in-edizione-limitata-estiva-mc-chrystals\/#primaryimage"},"thumbnailUrl":"https:\/\/www.tabakversand.ch\/wp-content\/uploads\/2022\/04\/mc-chrystals-summer-le.jpg","datePublished":"2022-04-02T08:48:17+00:00","dateModified":"2026-04-06T18:37:31+00:00","description":"Tabacco da fiuto Mc Chrystals Edizione Limitata Estiva | Un'ampia selezione di prodotti e accessori per il tabacco di alta qualit\u00e0 in tutta la Svizzera | Carte di credito accettate!","breadcrumb":{"@id":"https:\/\/www.tabakversand.ch\/it\/prodotto\/tabacco-da-fiuto-in-edizione-limitata-estiva-mc-chrystals\/#breadcrumb"},"inLanguage":"it-IT","potentialAction":[{"@type":"ReadAction","target":["https:\/\/www.tabakversand.ch\/it\/prodotto\/tabacco-da-fiuto-in-edizione-limitata-estiva-mc-chrystals\/"]}]},{"@type":"ImageObject","inLanguage":"it-IT","@id":"https:\/\/www.tabakversand.ch\/it\/prodotto\/tabacco-da-fiuto-in-edizione-limitata-estiva-mc-chrystals\/#primaryimage","url":"https:\/\/www.tabakversand.ch\/wp-content\/uploads\/2022\/04\/mc-chrystals-summer-le.jpg","contentUrl":"https:\/\/www.tabakversand.ch\/wp-content\/uploads\/2022\/04\/mc-chrystals-summer-le.jpg","width":500,"height":500,"caption":"Tabacco da fiuto Mc Chrystals Edizione Limitata Estiva | Tabakversand.ch"},{"@type":"BreadcrumbList","@id":"https:\/\/www.tabakversand.ch\/it\/prodotto\/tabacco-da-fiuto-in-edizione-limitata-estiva-mc-chrystals\/#breadcrumb","itemListElement":[{"@type":"ListItem","position":1,"name":"Startseite","item":"https:\/\/www.tabakversand.ch\/"},{"@type":"ListItem","position":2,"name":"Negozio","item":"https:\/\/www.tabakversand.ch\/it\/negozio\/"},{"@type":"ListItem","position":3,"name":"Tabacco da fiuto in edizione limitata estiva di McCrystal"}]},{"@type":"WebSite","@id":"https:\/\/www.tabakversand.ch\/#website","url":"https:\/\/www.tabakversand.ch\/","name":"Tabakversand.ch | Alles aus der Welt des Tabaks","description":"Smoke and carpe diem","potentialAction":[{"@type":"SearchAction","target":{"@type":"EntryPoint","urlTemplate":"https:\/\/www.tabakversand.ch\/?s={search_term_string}"},"query-input":{"@type":"PropertyValueSpecification","valueRequired":true,"valueName":"search_term_string"}}],"inLanguage":"it-IT"}]}},"_links":{"self":[{"href":"https:\/\/www.tabakversand.ch\/it\/wp-json\/wp\/v2\/product\/73689","targetHints":{"allow":["GET"]}}],"collection":[{"href":"https:\/\/www.tabakversand.ch\/it\/wp-json\/wp\/v2\/product"}],"about":[{"href":"https:\/\/www.tabakversand.ch\/it\/wp-json\/wp\/v2\/types\/product"}],"version-history":[{"count":4,"href":"https:\/\/www.tabakversand.ch\/it\/wp-json\/wp\/v2\/product\/73689\/revisions"}],"predecessor-version":[{"id":217092,"href":"https:\/\/www.tabakversand.ch\/it\/wp-json\/wp\/v2\/product\/73689\/revisions\/217092"}],"wp:featuredmedia":[{"embeddable":true,"href":"https:\/\/www.tabakversand.ch\/it\/wp-json\/wp\/v2\/media\/155191"}],"wp:attachment":[{"href":"https:\/\/www.tabakversand.ch\/it\/wp-json\/wp\/v2\/media?parent=73689"}],"wp:term":[{"taxonomy":"product_brand","embeddable":true,"href":"https:\/\/www.tabakversand.ch\/it\/wp-json\/wp\/v2\/product_brand?post=73689"},{"taxonomy":"product_cat","embeddable":true,"href":"https:\/\/www.tabakversand.ch\/it\/wp-json\/wp\/v2\/product_cat?post=73689"},{"taxonomy":"product_tag","embeddable":true,"href":"https:\/\/www.tabakversand.ch\/it\/wp-json\/wp\/v2\/product_tag?post=73689"}],"curies":[{"name":"wp","href":"https:\/\/api.w.org\/{rel}","templated":true}]}}