{"id":73733,"date":"2022-04-02T10:48:17","date_gmt":"2022-04-02T08:48:17","guid":{"rendered":"http:\/\/www.tabakversand.ch\/produkt\/zig-zag-slim-filter-120-pz-filtro-sigaretta\/"},"modified":"2026-03-16T13:00:37","modified_gmt":"2026-03-16T12:00:37","slug":"zig-zag-slim-filter-120-pc-sigaretta-filtro","status":"publish","type":"product","link":"https:\/\/www.tabakversand.ch\/it\/prodotto\/zig-zag-slim-filter-120-pc-sigaretta-filtro\/","title":{"rendered":"Filtri Zig Zag Slim 120 pz."},"content":{"rendered":"<h1>Filtro sottile a zig-zag<\/h1>\n<p>Filtri di alta qualit\u00e0 per sigarette fatte a mano<\/p>\n<p>I filtri Zig-Zag Slim sono la scelta ideale per chi si rolla le sigarette e apprezza la qualit\u00e0 dei filtri. Grazie al loro spessore ridotto, si adattano perfettamente alle cartine pi\u00f9 sottili e garantiscono un&#8217;esperienza di fumo piacevole e senza sbalzi.<\/p>\n<p>Vantaggi del filtro Zig-Zag Slim<\/p>\n<ul>\n<li>Lavorazione di alta qualit\u00e0: i filtri Zig-Zag Slim sono realizzati in materiale resistente che garantisce un flusso d&#8217;aria costante.<\/li>\n<li>Dimensioni perfette per sigarette sottili: le punte del filtro strette sono ideali per le sigarette arrotolate a mano con carta sottile.<\/li>\n<li>Un&#8217;esperienza di fumo pulita: i filtri impediscono alle particelle di tabacco di entrare in bocca e garantiscono una sensazione di fumo piacevole e delicata.<\/li>\n<li>Confezioni pratiche: ideali da portare sempre con s\u00e9 o da tenere a portata di mano, i filtri Zig-Zag Slim sono disponibili in diverse confezioni.<\/li>\n<\/ul>\n<p>&nbsp;<\/p>\n<p>Perch\u00e9 Zig-Zag?<\/p>\n<ul>\n<li>Il marchio Zig-Zag \u00e8 noto da decenni per i suoi filtri, le cartine e gli accessori per fumatori di alta qualit\u00e0. I \u200b\u200bfiltri sottili offrono la consueta affidabilit\u00e0 e sono ideali per chi preferisce le sigarette fatte a mano.<\/li>\n<\/ul>\n<p>&nbsp;<\/p>\n<p>Applicazione<\/p>\n<ul>\n<li>Basta inserire i filtri Zig-Zag Slim all&#8217;estremit\u00e0 della sigaretta arrotolata a mano. Offrono stabilit\u00e0, garantiscono un&#8217;aspirazione fluida e aumentano il comfort durante il fumo.<\/li>\n<\/ul>\n<p>&nbsp;<\/p>\n<p>Acquista online<\/p>\n<ul>\n<li>Ordina comodamente online i filtri Zig-Zag Slim nel nostro negozio: l&#8217;ideale per chi apprezza la qualit\u00e0, il formato sottile e un&#8217;esperienza di fumo perfetta. Scopri l&#8217;affidabilit\u00e0 dei filtri Zig-Zag per un&#8217;esperienza di fumo piacevole e costante con ogni sigaretta arrotolata a mano.<\/li>\n<\/ul>\n<p>Per maggiori informazioni sul produttore, visita la relativa pagina di Wikipedia: <a href=\"https:\/\/en.wikipedia.org\/wiki\/Zig-Zag_(company)\">clicca qui<\/a> e qui trovi il link alle cartine per sigarette: <a href=\"https:\/\/www.tabakversand.ch\/it\/categoria-di-prodotto\/sigarette-self-made\/carta-da-arrotolare\/\">clicca qui.<\/a><\/p>\n<p>Su tabakversand.ch riceverete i vostri filtri Zig Zag Slim ben conservati e nella loro confezione originale. Un&#8217;attenta conservazione garantisce che la qualit\u00e0 rimanga ottimale fino alla spedizione. Grazie alla consegna rapida in Svizzera, i vostri filtri per sigarette arriveranno in genere molto velocemente.<\/p>\n<p>Tutti i prezzi si applicano solo agli ordini online e sono comprensivi di IVA. Soggetto a modifiche senza preavviso, escluse le spese di spedizione. Con riserva di errori, modifiche nell&#8217;ambito di consegna e nel design, errori di stampa e variazioni di prezzo. I prezzi barrati sono prezzi sostitutivi. Le illustrazioni possono differire dall&#8217;originale\/dall&#8217;ambito di consegna.<br \/>\n*Spedizione gratuita per ordini superiori a CHF 250.-.<\/p>\n","protected":false},"excerpt":{"rendered":"<p>Filtro sottile a zig-zag Filtri di alta qualit\u00e0 per sigarette fatte a mano I filtri Zig-Zag Slim sono la scelta ideale per chi si rolla le sigarette e apprezza la qualit\u00e0 dei filtri. Grazie al loro spessore ridotto, si adattano perfettamente alle cartine pi\u00f9 sottili e garantiscono un&#8217;esperienza di fumo piacevole e senza sbalzi. Vantaggi [&hellip;]<\/p>\n","protected":false},"featured_media":73737,"template":"","meta":[],"product_brand":[5431],"product_cat":[2004,2016,3233,5186,3220,1962],"product_tag":[],"class_list":{"0":"post-73733","1":"product","2":"type-product","3":"status-publish","4":"has-post-thumbnail","6":"product_brand-zig-zag","7":"product_cat-diverso-headshop","8":"product_cat-filtri-per-sigarette","9":"product_cat-filtro","11":"product_cat-negozio-di-teste","12":"product_cat-sigarette-self-made","13":"pa_tabak-huelsen-1-x-120-stk","14":"pa_tabak-huelsen-34-x-120-stk","16":"first","17":"instock","18":"purchasable","19":"product-type-variable"},"yoast_head":"<!-- This site is optimized with the Yoast SEO plugin v27.5 - https:\/\/yoast.com\/product\/yoast-seo-wordpress\/ -->\n<title>Acquista filtri sottili Zig-Zag | Punte filtro di alta qualit\u00e0 per roller<\/title>\n<meta name=\"description\" content=\"Acquista online i filtri Zig-Zag Slim: filtri di alta qualit\u00e0 per sigarette fatte a mano. Scopri subito i vari formati e la qualit\u00e0 delle diverse marche.\" \/>\n<meta name=\"robots\" content=\"index, follow, max-snippet:-1, max-image-preview:large, max-video-preview:-1\" \/>\n<link rel=\"canonical\" href=\"https:\/\/www.tabakversand.ch\/it\/prodotto\/zig-zag-slim-filter-120-pc-sigaretta-filtro\/\" \/>\n<meta property=\"og:locale\" content=\"it_IT\" \/>\n<meta property=\"og:type\" content=\"article\" \/>\n<meta property=\"og:title\" content=\"Acquista filtri sottili Zig-Zag | Punte filtro di alta qualit\u00e0 per roller\" \/>\n<meta property=\"og:description\" content=\"Acquista online i filtri Zig-Zag Slim: filtri di alta qualit\u00e0 per sigarette fatte a mano. Scopri subito i vari formati e la qualit\u00e0 delle diverse marche.\" \/>\n<meta property=\"og:url\" content=\"https:\/\/www.tabakversand.ch\/it\/prodotto\/zig-zag-slim-filter-120-pc-sigaretta-filtro\/\" \/>\n<meta property=\"og:site_name\" content=\"Tabakversand.ch | Alles aus der Welt des Tabaks\" \/>\n<meta property=\"article:modified_time\" content=\"2026-03-16T12:00:37+00:00\" \/>\n<meta property=\"og:image\" content=\"https:\/\/www.tabakversand.ch\/wp-content\/uploads\/2022\/03\/zig-zag-filter-slim.jpg\" \/>\n\t<meta property=\"og:image:width\" content=\"500\" \/>\n\t<meta property=\"og:image:height\" content=\"500\" \/>\n\t<meta property=\"og:image:type\" content=\"image\/jpeg\" \/>\n<meta name=\"twitter:card\" content=\"summary_large_image\" \/>\n<meta name=\"twitter:label1\" content=\"Tempo di lettura stimato\" \/>\n\t<meta name=\"twitter:data1\" content=\"3 minuti\" \/>\n<script type=\"application\/ld+json\" class=\"yoast-schema-graph\">{\"@context\":\"https:\\\/\\\/schema.org\",\"@graph\":[{\"@type\":\"WebPage\",\"@id\":\"https:\\\/\\\/www.tabakversand.ch\\\/it\\\/prodotto\\\/zig-zag-slim-filter-120-pc-sigaretta-filtro\\\/\",\"url\":\"https:\\\/\\\/www.tabakversand.ch\\\/it\\\/prodotto\\\/zig-zag-slim-filter-120-pc-sigaretta-filtro\\\/\",\"name\":\"Acquista filtri sottili Zig-Zag | Punte filtro di alta qualit\u00e0 per roller\",\"isPartOf\":{\"@id\":\"https:\\\/\\\/www.tabakversand.ch\\\/#website\"},\"primaryImageOfPage\":{\"@id\":\"https:\\\/\\\/www.tabakversand.ch\\\/it\\\/prodotto\\\/zig-zag-slim-filter-120-pc-sigaretta-filtro\\\/#primaryimage\"},\"image\":{\"@id\":\"https:\\\/\\\/www.tabakversand.ch\\\/it\\\/prodotto\\\/zig-zag-slim-filter-120-pc-sigaretta-filtro\\\/#primaryimage\"},\"thumbnailUrl\":\"https:\\\/\\\/www.tabakversand.ch\\\/wp-content\\\/uploads\\\/2022\\\/03\\\/zig-zag-filter-slim.jpg\",\"datePublished\":\"2022-04-02T08:48:17+00:00\",\"dateModified\":\"2026-03-16T12:00:37+00:00\",\"description\":\"Acquista online i filtri Zig-Zag Slim: filtri di alta qualit\u00e0 per sigarette fatte a mano. Scopri subito i vari formati e la qualit\u00e0 delle diverse marche.\",\"breadcrumb\":{\"@id\":\"https:\\\/\\\/www.tabakversand.ch\\\/it\\\/prodotto\\\/zig-zag-slim-filter-120-pc-sigaretta-filtro\\\/#breadcrumb\"},\"inLanguage\":\"it-IT\",\"potentialAction\":[{\"@type\":\"ReadAction\",\"target\":[\"https:\\\/\\\/www.tabakversand.ch\\\/it\\\/prodotto\\\/zig-zag-slim-filter-120-pc-sigaretta-filtro\\\/\"]}]},{\"@type\":\"ImageObject\",\"inLanguage\":\"it-IT\",\"@id\":\"https:\\\/\\\/www.tabakversand.ch\\\/it\\\/prodotto\\\/zig-zag-slim-filter-120-pc-sigaretta-filtro\\\/#primaryimage\",\"url\":\"https:\\\/\\\/www.tabakversand.ch\\\/wp-content\\\/uploads\\\/2022\\\/03\\\/zig-zag-filter-slim.jpg\",\"contentUrl\":\"https:\\\/\\\/www.tabakversand.ch\\\/wp-content\\\/uploads\\\/2022\\\/03\\\/zig-zag-filter-slim.jpg\",\"width\":500,\"height\":500,\"caption\":\"Filtri Zig Zag Slim 120 pz. Filtri per sigarette\"},{\"@type\":\"BreadcrumbList\",\"@id\":\"https:\\\/\\\/www.tabakversand.ch\\\/it\\\/prodotto\\\/zig-zag-slim-filter-120-pc-sigaretta-filtro\\\/#breadcrumb\",\"itemListElement\":[{\"@type\":\"ListItem\",\"position\":1,\"name\":\"Startseite\",\"item\":\"https:\\\/\\\/www.tabakversand.ch\\\/\"},{\"@type\":\"ListItem\",\"position\":2,\"name\":\"Negozio\",\"item\":\"https:\\\/\\\/www.tabakversand.ch\\\/it\\\/negozio\\\/\"},{\"@type\":\"ListItem\",\"position\":3,\"name\":\"Filtri Zig Zag Slim 120 pz.\"}]},{\"@type\":\"WebSite\",\"@id\":\"https:\\\/\\\/www.tabakversand.ch\\\/#website\",\"url\":\"https:\\\/\\\/www.tabakversand.ch\\\/\",\"name\":\"Tabakversand.ch | Alles aus der Welt des Tabaks\",\"description\":\"Smoke and carpe diem\",\"potentialAction\":[{\"@type\":\"SearchAction\",\"target\":{\"@type\":\"EntryPoint\",\"urlTemplate\":\"https:\\\/\\\/www.tabakversand.ch\\\/?s={search_term_string}\"},\"query-input\":{\"@type\":\"PropertyValueSpecification\",\"valueRequired\":true,\"valueName\":\"search_term_string\"}}],\"inLanguage\":\"it-IT\"}]}<\/script>\n<!-- \/ Yoast SEO plugin. -->","yoast_head_json":{"title":"Acquista filtri sottili Zig-Zag | Punte filtro di alta qualit\u00e0 per roller","description":"Acquista online i filtri Zig-Zag Slim: filtri di alta qualit\u00e0 per sigarette fatte a mano. Scopri subito i vari formati e la qualit\u00e0 delle diverse marche.","robots":{"index":"index","follow":"follow","max-snippet":"max-snippet:-1","max-image-preview":"max-image-preview:large","max-video-preview":"max-video-preview:-1"},"canonical":"https:\/\/www.tabakversand.ch\/it\/prodotto\/zig-zag-slim-filter-120-pc-sigaretta-filtro\/","og_locale":"it_IT","og_type":"article","og_title":"Acquista filtri sottili Zig-Zag | Punte filtro di alta qualit\u00e0 per roller","og_description":"Acquista online i filtri Zig-Zag Slim: filtri di alta qualit\u00e0 per sigarette fatte a mano. Scopri subito i vari formati e la qualit\u00e0 delle diverse marche.","og_url":"https:\/\/www.tabakversand.ch\/it\/prodotto\/zig-zag-slim-filter-120-pc-sigaretta-filtro\/","og_site_name":"Tabakversand.ch | Alles aus der Welt des Tabaks","article_modified_time":"2026-03-16T12:00:37+00:00","og_image":[{"width":500,"height":500,"url":"https:\/\/www.tabakversand.ch\/wp-content\/uploads\/2022\/03\/zig-zag-filter-slim.jpg","type":"image\/jpeg"}],"twitter_card":"summary_large_image","twitter_misc":{"Tempo di lettura stimato":"3 minuti"},"schema":{"@context":"https:\/\/schema.org","@graph":[{"@type":"WebPage","@id":"https:\/\/www.tabakversand.ch\/it\/prodotto\/zig-zag-slim-filter-120-pc-sigaretta-filtro\/","url":"https:\/\/www.tabakversand.ch\/it\/prodotto\/zig-zag-slim-filter-120-pc-sigaretta-filtro\/","name":"Acquista filtri sottili Zig-Zag | Punte filtro di alta qualit\u00e0 per roller","isPartOf":{"@id":"https:\/\/www.tabakversand.ch\/#website"},"primaryImageOfPage":{"@id":"https:\/\/www.tabakversand.ch\/it\/prodotto\/zig-zag-slim-filter-120-pc-sigaretta-filtro\/#primaryimage"},"image":{"@id":"https:\/\/www.tabakversand.ch\/it\/prodotto\/zig-zag-slim-filter-120-pc-sigaretta-filtro\/#primaryimage"},"thumbnailUrl":"https:\/\/www.tabakversand.ch\/wp-content\/uploads\/2022\/03\/zig-zag-filter-slim.jpg","datePublished":"2022-04-02T08:48:17+00:00","dateModified":"2026-03-16T12:00:37+00:00","description":"Acquista online i filtri Zig-Zag Slim: filtri di alta qualit\u00e0 per sigarette fatte a mano. Scopri subito i vari formati e la qualit\u00e0 delle diverse marche.","breadcrumb":{"@id":"https:\/\/www.tabakversand.ch\/it\/prodotto\/zig-zag-slim-filter-120-pc-sigaretta-filtro\/#breadcrumb"},"inLanguage":"it-IT","potentialAction":[{"@type":"ReadAction","target":["https:\/\/www.tabakversand.ch\/it\/prodotto\/zig-zag-slim-filter-120-pc-sigaretta-filtro\/"]}]},{"@type":"ImageObject","inLanguage":"it-IT","@id":"https:\/\/www.tabakversand.ch\/it\/prodotto\/zig-zag-slim-filter-120-pc-sigaretta-filtro\/#primaryimage","url":"https:\/\/www.tabakversand.ch\/wp-content\/uploads\/2022\/03\/zig-zag-filter-slim.jpg","contentUrl":"https:\/\/www.tabakversand.ch\/wp-content\/uploads\/2022\/03\/zig-zag-filter-slim.jpg","width":500,"height":500,"caption":"Filtri Zig Zag Slim 120 pz. Filtri per sigarette"},{"@type":"BreadcrumbList","@id":"https:\/\/www.tabakversand.ch\/it\/prodotto\/zig-zag-slim-filter-120-pc-sigaretta-filtro\/#breadcrumb","itemListElement":[{"@type":"ListItem","position":1,"name":"Startseite","item":"https:\/\/www.tabakversand.ch\/"},{"@type":"ListItem","position":2,"name":"Negozio","item":"https:\/\/www.tabakversand.ch\/it\/negozio\/"},{"@type":"ListItem","position":3,"name":"Filtri Zig Zag Slim 120 pz."}]},{"@type":"WebSite","@id":"https:\/\/www.tabakversand.ch\/#website","url":"https:\/\/www.tabakversand.ch\/","name":"Tabakversand.ch | Alles aus der Welt des Tabaks","description":"Smoke and carpe diem","potentialAction":[{"@type":"SearchAction","target":{"@type":"EntryPoint","urlTemplate":"https:\/\/www.tabakversand.ch\/?s={search_term_string}"},"query-input":{"@type":"PropertyValueSpecification","valueRequired":true,"valueName":"search_term_string"}}],"inLanguage":"it-IT"}]}},"_links":{"self":[{"href":"https:\/\/www.tabakversand.ch\/it\/wp-json\/wp\/v2\/product\/73733","targetHints":{"allow":["GET"]}}],"collection":[{"href":"https:\/\/www.tabakversand.ch\/it\/wp-json\/wp\/v2\/product"}],"about":[{"href":"https:\/\/www.tabakversand.ch\/it\/wp-json\/wp\/v2\/types\/product"}],"version-history":[{"count":5,"href":"https:\/\/www.tabakversand.ch\/it\/wp-json\/wp\/v2\/product\/73733\/revisions"}],"predecessor-version":[{"id":214724,"href":"https:\/\/www.tabakversand.ch\/it\/wp-json\/wp\/v2\/product\/73733\/revisions\/214724"}],"wp:featuredmedia":[{"embeddable":true,"href":"https:\/\/www.tabakversand.ch\/it\/wp-json\/wp\/v2\/media\/73737"}],"wp:attachment":[{"href":"https:\/\/www.tabakversand.ch\/it\/wp-json\/wp\/v2\/media?parent=73733"}],"wp:term":[{"taxonomy":"product_brand","embeddable":true,"href":"https:\/\/www.tabakversand.ch\/it\/wp-json\/wp\/v2\/product_brand?post=73733"},{"taxonomy":"product_cat","embeddable":true,"href":"https:\/\/www.tabakversand.ch\/it\/wp-json\/wp\/v2\/product_cat?post=73733"},{"taxonomy":"product_tag","embeddable":true,"href":"https:\/\/www.tabakversand.ch\/it\/wp-json\/wp\/v2\/product_tag?post=73733"}],"curies":[{"name":"wp","href":"https:\/\/api.w.org\/{rel}","templated":true}]}}