{"id":73906,"date":"2022-04-02T10:48:04","date_gmt":"2022-04-02T08:48:04","guid":{"rendered":"http:\/\/www.tabakversand.ch\/produkt\/ashton-esg-23-anni-toro-25-er-box-sigari\/"},"modified":"2025-09-18T14:58:36","modified_gmt":"2025-09-18T12:58:36","slug":"ashton-esg-23-year-toro-25-er-box-sigari","status":"publish","type":"product","link":"https:\/\/www.tabakversand.ch\/it\/prodotto\/ashton-esg-23-year-toro-25-er-box-sigari\/","title":{"rendered":"Ashton ESG 23 Anni Toro 25 er Box Sigari"},"content":{"rendered":"<p>Ashton ESG 23 anni Toro 25 scatole di sigari<\/p>\n<p> Per celebrare il successo di Ashton, Robert Levin e Carlos Fuente Junior hanno sviluppato congiuntamente la linea limitata Ashton Estate Sun Grown (in breve ESG), che mette in mostra gli anni di esperienza del maestro Carlos Fuente Junior, esperto dei migliori tabacchi del mondo. L&#8217;involucro unico proviene dalla piantagione &#8220;Chateau de la Fuente&#8221; nella Repubblica Dominicana e non \u00e8 ancora stato utilizzato per nessun altro sigaro. A causa della rarit\u00e0 dei tabacchi utilizzati, la produzione \u00e8 molto limitata.<\/p>\n<p> Formato: Toro<br \/> Lunghezza: 15,9 cm<br \/> Anello 52<br \/> Origine: Repubblica Dominicana<br \/> Copertina: Repubblica Dominicana<br \/> Raccoglitore: Repubblica Dominicana<br \/> Penna stilografica: Repubblica Dominicana<br \/>  &nbsp;<br \/>Tutti i prezzi si applicano solo agli ordini online e sono comprensivi di IVA. Soggetto a modifiche senza preavviso, escluse le spese di spedizione. Con riserva di errori, modifiche nell&#8217;ambito di consegna e nel design, errori di stampa e variazioni di prezzo. I prezzi barrati sono prezzi sostitutivi. Le illustrazioni possono differire dall&#8217;originale\/dall&#8217;ambito di consegna.<br \/>\n*Spedizione gratuita per ordini superiori a CHF 250.-.<\/p>\n","protected":false},"excerpt":{"rendered":"<p>Ashton ESG 23 anni Toro 25 scatole di sigari Per celebrare il successo di Ashton, Robert Levin e Carlos Fuente Junior hanno sviluppato congiuntamente la linea limitata Ashton Estate Sun Grown (in breve ESG), che mette in mostra gli anni di esperienza del maestro Carlos Fuente Junior, esperto dei migliori tabacchi del mondo. L&#8217;involucro unico [&hellip;]<\/p>\n","protected":false},"featured_media":73909,"template":"","meta":[],"product_brand":[1541],"product_cat":[2749,2735,2003,2001,2002],"product_tag":[],"class_list":{"0":"post-73906","1":"product","2":"type-product","3":"status-publish","4":"has-post-thumbnail","6":"product_brand-ashton","7":"product_cat-ashton-esg-estate-sun-cresciuto","8":"product_cat-ashton-sigari","9":"product_cat-mondo-dei-sigari","10":"product_cat-repubblica-dominicana","11":"product_cat-sigari","13":"first","14":"outofstock","15":"purchasable","16":"product-type-simple"},"yoast_head":"<!-- This site is optimized with the Yoast SEO plugin v27.5 - https:\/\/yoast.com\/product\/yoast-seo-wordpress\/ -->\n<title>Ashton ESG 23 Anni Toro 25 er Box Sigari - Tabakversand.ch | Alles aus der Welt des Tabaks<\/title>\n<meta name=\"description\" content=\"Ashton ESG 23 Year Toro 25 ha scatola sigari | La pi\u00f9 grande selezione svizzera di prodotti del tabacco | Tutte le carte accettate!\" \/>\n<meta name=\"robots\" content=\"index, follow, max-snippet:-1, max-image-preview:large, max-video-preview:-1\" \/>\n<link rel=\"canonical\" href=\"https:\/\/www.tabakversand.ch\/it\/prodotto\/ashton-esg-23-year-toro-25-er-box-sigari\/\" \/>\n<meta property=\"og:locale\" content=\"it_IT\" \/>\n<meta property=\"og:type\" content=\"article\" \/>\n<meta property=\"og:title\" content=\"Ashton ESG 23 Anni Toro 25 er Box Sigari - Tabakversand.ch | Alles aus der Welt des Tabaks\" \/>\n<meta property=\"og:description\" content=\"Ashton ESG 23 Year Toro 25 ha scatola sigari | La pi\u00f9 grande selezione svizzera di prodotti del tabacco | Tutte le carte accettate!\" \/>\n<meta property=\"og:url\" content=\"https:\/\/www.tabakversand.ch\/it\/prodotto\/ashton-esg-23-year-toro-25-er-box-sigari\/\" \/>\n<meta property=\"og:site_name\" content=\"Tabakversand.ch | Alles aus der Welt des Tabaks\" \/>\n<meta property=\"article:modified_time\" content=\"2025-09-18T12:58:36+00:00\" \/>\n<meta property=\"og:image\" content=\"https:\/\/www.tabakversand.ch\/wp-content\/uploads\/2022\/03\/ashton-esg-23-year-toro-e.jpg\" \/>\n\t<meta property=\"og:image:width\" content=\"500\" \/>\n\t<meta property=\"og:image:height\" content=\"501\" \/>\n\t<meta property=\"og:image:type\" content=\"image\/jpeg\" \/>\n<meta name=\"twitter:card\" content=\"summary_large_image\" \/>\n<meta name=\"twitter:label1\" content=\"Tempo di lettura stimato\" \/>\n\t<meta name=\"twitter:data1\" content=\"1 minuto\" \/>\n<script type=\"application\/ld+json\" class=\"yoast-schema-graph\">{\"@context\":\"https:\\\/\\\/schema.org\",\"@graph\":[{\"@type\":\"WebPage\",\"@id\":\"https:\\\/\\\/www.tabakversand.ch\\\/it\\\/prodotto\\\/ashton-esg-23-year-toro-25-er-box-sigari\\\/\",\"url\":\"https:\\\/\\\/www.tabakversand.ch\\\/it\\\/prodotto\\\/ashton-esg-23-year-toro-25-er-box-sigari\\\/\",\"name\":\"Ashton ESG 23 Anni Toro 25 er Box Sigari - Tabakversand.ch | Alles aus der Welt des Tabaks\",\"isPartOf\":{\"@id\":\"https:\\\/\\\/www.tabakversand.ch\\\/#website\"},\"primaryImageOfPage\":{\"@id\":\"https:\\\/\\\/www.tabakversand.ch\\\/it\\\/prodotto\\\/ashton-esg-23-year-toro-25-er-box-sigari\\\/#primaryimage\"},\"image\":{\"@id\":\"https:\\\/\\\/www.tabakversand.ch\\\/it\\\/prodotto\\\/ashton-esg-23-year-toro-25-er-box-sigari\\\/#primaryimage\"},\"thumbnailUrl\":\"https:\\\/\\\/www.tabakversand.ch\\\/wp-content\\\/uploads\\\/2022\\\/03\\\/ashton-esg-23-year-toro-e.jpg\",\"datePublished\":\"2022-04-02T08:48:04+00:00\",\"dateModified\":\"2025-09-18T12:58:36+00:00\",\"description\":\"Ashton ESG 23 Year Toro 25 ha scatola sigari | La pi\u00f9 grande selezione svizzera di prodotti del tabacco | Tutte le carte accettate!\",\"breadcrumb\":{\"@id\":\"https:\\\/\\\/www.tabakversand.ch\\\/it\\\/prodotto\\\/ashton-esg-23-year-toro-25-er-box-sigari\\\/#breadcrumb\"},\"inLanguage\":\"it-IT\",\"potentialAction\":[{\"@type\":\"ReadAction\",\"target\":[\"https:\\\/\\\/www.tabakversand.ch\\\/it\\\/prodotto\\\/ashton-esg-23-year-toro-25-er-box-sigari\\\/\"]}]},{\"@type\":\"ImageObject\",\"inLanguage\":\"it-IT\",\"@id\":\"https:\\\/\\\/www.tabakversand.ch\\\/it\\\/prodotto\\\/ashton-esg-23-year-toro-25-er-box-sigari\\\/#primaryimage\",\"url\":\"https:\\\/\\\/www.tabakversand.ch\\\/wp-content\\\/uploads\\\/2022\\\/03\\\/ashton-esg-23-year-toro-e.jpg\",\"contentUrl\":\"https:\\\/\\\/www.tabakversand.ch\\\/wp-content\\\/uploads\\\/2022\\\/03\\\/ashton-esg-23-year-toro-e.jpg\",\"width\":500,\"height\":501,\"caption\":\"Ashton ESG 23 Anni Toro 25 er Box Sigari\"},{\"@type\":\"BreadcrumbList\",\"@id\":\"https:\\\/\\\/www.tabakversand.ch\\\/it\\\/prodotto\\\/ashton-esg-23-year-toro-25-er-box-sigari\\\/#breadcrumb\",\"itemListElement\":[{\"@type\":\"ListItem\",\"position\":1,\"name\":\"Startseite\",\"item\":\"https:\\\/\\\/www.tabakversand.ch\\\/\"},{\"@type\":\"ListItem\",\"position\":2,\"name\":\"Negozio\",\"item\":\"https:\\\/\\\/www.tabakversand.ch\\\/it\\\/negozio\\\/\"},{\"@type\":\"ListItem\",\"position\":3,\"name\":\"Ashton ESG 23 Anni Toro 25 er Box Sigari\"}]},{\"@type\":\"WebSite\",\"@id\":\"https:\\\/\\\/www.tabakversand.ch\\\/#website\",\"url\":\"https:\\\/\\\/www.tabakversand.ch\\\/\",\"name\":\"Tabakversand.ch | Alles aus der Welt des Tabaks\",\"description\":\"Smoke and carpe diem\",\"potentialAction\":[{\"@type\":\"SearchAction\",\"target\":{\"@type\":\"EntryPoint\",\"urlTemplate\":\"https:\\\/\\\/www.tabakversand.ch\\\/?s={search_term_string}\"},\"query-input\":{\"@type\":\"PropertyValueSpecification\",\"valueRequired\":true,\"valueName\":\"search_term_string\"}}],\"inLanguage\":\"it-IT\"}]}<\/script>\n<!-- \/ Yoast SEO plugin. -->","yoast_head_json":{"title":"Ashton ESG 23 Anni Toro 25 er Box Sigari - Tabakversand.ch | Alles aus der Welt des Tabaks","description":"Ashton ESG 23 Year Toro 25 ha scatola sigari | La pi\u00f9 grande selezione svizzera di prodotti del tabacco | Tutte le carte accettate!","robots":{"index":"index","follow":"follow","max-snippet":"max-snippet:-1","max-image-preview":"max-image-preview:large","max-video-preview":"max-video-preview:-1"},"canonical":"https:\/\/www.tabakversand.ch\/it\/prodotto\/ashton-esg-23-year-toro-25-er-box-sigari\/","og_locale":"it_IT","og_type":"article","og_title":"Ashton ESG 23 Anni Toro 25 er Box Sigari - Tabakversand.ch | Alles aus der Welt des Tabaks","og_description":"Ashton ESG 23 Year Toro 25 ha scatola sigari | La pi\u00f9 grande selezione svizzera di prodotti del tabacco | Tutte le carte accettate!","og_url":"https:\/\/www.tabakversand.ch\/it\/prodotto\/ashton-esg-23-year-toro-25-er-box-sigari\/","og_site_name":"Tabakversand.ch | Alles aus der Welt des Tabaks","article_modified_time":"2025-09-18T12:58:36+00:00","og_image":[{"width":500,"height":501,"url":"https:\/\/www.tabakversand.ch\/wp-content\/uploads\/2022\/03\/ashton-esg-23-year-toro-e.jpg","type":"image\/jpeg"}],"twitter_card":"summary_large_image","twitter_misc":{"Tempo di lettura stimato":"1 minuto"},"schema":{"@context":"https:\/\/schema.org","@graph":[{"@type":"WebPage","@id":"https:\/\/www.tabakversand.ch\/it\/prodotto\/ashton-esg-23-year-toro-25-er-box-sigari\/","url":"https:\/\/www.tabakversand.ch\/it\/prodotto\/ashton-esg-23-year-toro-25-er-box-sigari\/","name":"Ashton ESG 23 Anni Toro 25 er Box Sigari - Tabakversand.ch | Alles aus der Welt des Tabaks","isPartOf":{"@id":"https:\/\/www.tabakversand.ch\/#website"},"primaryImageOfPage":{"@id":"https:\/\/www.tabakversand.ch\/it\/prodotto\/ashton-esg-23-year-toro-25-er-box-sigari\/#primaryimage"},"image":{"@id":"https:\/\/www.tabakversand.ch\/it\/prodotto\/ashton-esg-23-year-toro-25-er-box-sigari\/#primaryimage"},"thumbnailUrl":"https:\/\/www.tabakversand.ch\/wp-content\/uploads\/2022\/03\/ashton-esg-23-year-toro-e.jpg","datePublished":"2022-04-02T08:48:04+00:00","dateModified":"2025-09-18T12:58:36+00:00","description":"Ashton ESG 23 Year Toro 25 ha scatola sigari | La pi\u00f9 grande selezione svizzera di prodotti del tabacco | Tutte le carte accettate!","breadcrumb":{"@id":"https:\/\/www.tabakversand.ch\/it\/prodotto\/ashton-esg-23-year-toro-25-er-box-sigari\/#breadcrumb"},"inLanguage":"it-IT","potentialAction":[{"@type":"ReadAction","target":["https:\/\/www.tabakversand.ch\/it\/prodotto\/ashton-esg-23-year-toro-25-er-box-sigari\/"]}]},{"@type":"ImageObject","inLanguage":"it-IT","@id":"https:\/\/www.tabakversand.ch\/it\/prodotto\/ashton-esg-23-year-toro-25-er-box-sigari\/#primaryimage","url":"https:\/\/www.tabakversand.ch\/wp-content\/uploads\/2022\/03\/ashton-esg-23-year-toro-e.jpg","contentUrl":"https:\/\/www.tabakversand.ch\/wp-content\/uploads\/2022\/03\/ashton-esg-23-year-toro-e.jpg","width":500,"height":501,"caption":"Ashton ESG 23 Anni Toro 25 er Box Sigari"},{"@type":"BreadcrumbList","@id":"https:\/\/www.tabakversand.ch\/it\/prodotto\/ashton-esg-23-year-toro-25-er-box-sigari\/#breadcrumb","itemListElement":[{"@type":"ListItem","position":1,"name":"Startseite","item":"https:\/\/www.tabakversand.ch\/"},{"@type":"ListItem","position":2,"name":"Negozio","item":"https:\/\/www.tabakversand.ch\/it\/negozio\/"},{"@type":"ListItem","position":3,"name":"Ashton ESG 23 Anni Toro 25 er Box Sigari"}]},{"@type":"WebSite","@id":"https:\/\/www.tabakversand.ch\/#website","url":"https:\/\/www.tabakversand.ch\/","name":"Tabakversand.ch | Alles aus der Welt des Tabaks","description":"Smoke and carpe diem","potentialAction":[{"@type":"SearchAction","target":{"@type":"EntryPoint","urlTemplate":"https:\/\/www.tabakversand.ch\/?s={search_term_string}"},"query-input":{"@type":"PropertyValueSpecification","valueRequired":true,"valueName":"search_term_string"}}],"inLanguage":"it-IT"}]}},"_links":{"self":[{"href":"https:\/\/www.tabakversand.ch\/it\/wp-json\/wp\/v2\/product\/73906","targetHints":{"allow":["GET"]}}],"collection":[{"href":"https:\/\/www.tabakversand.ch\/it\/wp-json\/wp\/v2\/product"}],"about":[{"href":"https:\/\/www.tabakversand.ch\/it\/wp-json\/wp\/v2\/types\/product"}],"version-history":[{"count":1,"href":"https:\/\/www.tabakversand.ch\/it\/wp-json\/wp\/v2\/product\/73906\/revisions"}],"predecessor-version":[{"id":200445,"href":"https:\/\/www.tabakversand.ch\/it\/wp-json\/wp\/v2\/product\/73906\/revisions\/200445"}],"wp:featuredmedia":[{"embeddable":true,"href":"https:\/\/www.tabakversand.ch\/it\/wp-json\/wp\/v2\/media\/73909"}],"wp:attachment":[{"href":"https:\/\/www.tabakversand.ch\/it\/wp-json\/wp\/v2\/media?parent=73906"}],"wp:term":[{"taxonomy":"product_brand","embeddable":true,"href":"https:\/\/www.tabakversand.ch\/it\/wp-json\/wp\/v2\/product_brand?post=73906"},{"taxonomy":"product_cat","embeddable":true,"href":"https:\/\/www.tabakversand.ch\/it\/wp-json\/wp\/v2\/product_cat?post=73906"},{"taxonomy":"product_tag","embeddable":true,"href":"https:\/\/www.tabakversand.ch\/it\/wp-json\/wp\/v2\/product_tag?post=73906"}],"curies":[{"name":"wp","href":"https:\/\/api.w.org\/{rel}","templated":true}]}}