{"id":73970,"date":"2022-04-02T10:46:55","date_gmt":"2022-04-02T08:46:55","guid":{"rendered":"http:\/\/www.tabakversand.ch\/produkt\/ashton-vsg-robusto-20-er-scatola-sigari\/"},"modified":"2025-09-18T14:57:54","modified_gmt":"2025-09-18T12:57:54","slug":"ashton-vsg-robusto-20-er-box-sigari","status":"publish","type":"product","link":"https:\/\/www.tabakversand.ch\/it\/prodotto\/ashton-vsg-robusto-20-er-box-sigari\/","title":{"rendered":"Ashton VSG Robusto 20 er scatola sigari"},"content":{"rendered":"<p>Ashton VSG Robusto scatola da 20 sigari<\/p>\n<p> Per la potente serie Ashton VSG Virgin Sun Grown vengono selezionate solo le foglie provenienti dalle sezioni di raccolta superiori che hanno ricevuto particolarmente sole. La miscela \u00e8 assemblata da Carlos Fuente Jr. da tabacchi dominicani maturati per quattro o cinque anni. Il frontespizio \u00e8 disegnato in Ecuador esclusivamente per la serie VSG. Il risultato \u00e8 la tipica perfetta combinazione di complessit\u00e0 e carattere di Ashton. Il Cigar Journal ha descritto il sigaro come segue: &#8220;Se stai cercando sigari corposi e un&#8217;esperienza di gusto inebriante con un finale complesso e lungo, troverai esattamente questo nell&#8217;Ashton VSG. (&#8230;) \u00c8 un sigaro consumato che batte una ruota di pavone di aromi al palato. &#8221; La linea VSG, che ha ricevuto numerosi premi \u201cBrilliant\u201d, si \u00e8 aggiudicata anche il Cigar Trophy (miglior sigaro della Repubblica Dominicana).<\/p>\n<p> Formato: Robusto<br \/> Lunghezza: 13,95 cm<br \/> Diametro: 1,98 cm<br \/> Tempo di affumicatura: circa 60 minuti<\/p>\n<p> Inserisci: Repubblica Dominicana<br \/> Copertina: Repubblica Dominicana<br \/> Copertina: Ecuador<br \/>  &nbsp;<br \/>Tutti i prezzi si applicano solo agli ordini online e sono comprensivi di IVA. Soggetto a modifiche senza preavviso, escluse le spese di spedizione. Con riserva di errori, modifiche nell&#8217;ambito di consegna e nel design, errori di stampa e variazioni di prezzo. I prezzi barrati sono prezzi sostitutivi. Le illustrazioni possono differire dall&#8217;originale\/dall&#8217;ambito di consegna.<br \/>\n*Spedizione gratuita per ordini superiori a CHF 250.-.<\/p>\n","protected":false},"excerpt":{"rendered":"<p>Ashton VSG Robusto scatola da 20 sigari Per la potente serie Ashton VSG Virgin Sun Grown vengono selezionate solo le foglie provenienti dalle sezioni di raccolta superiori che hanno ricevuto particolarmente sole. La miscela \u00e8 assemblata da Carlos Fuente Jr. da tabacchi dominicani maturati per quattro o cinque anni. Il frontespizio \u00e8 disegnato in Ecuador [&hellip;]<\/p>\n","protected":false},"featured_media":73974,"template":"","meta":[],"product_brand":[1541],"product_cat":[2735,2740,2003,2001,2002],"product_tag":[],"class_list":{"0":"post-73970","1":"product","2":"type-product","3":"status-publish","4":"has-post-thumbnail","6":"product_brand-ashton","7":"product_cat-ashton-sigari","8":"product_cat-ashton-vsg-vergine-sole-cresciuto","9":"product_cat-mondo-dei-sigari","10":"product_cat-repubblica-dominicana","11":"product_cat-sigari","13":"first","14":"onbackorder","15":"purchasable","16":"product-type-simple"},"yoast_head":"<!-- This site is optimized with the Yoast SEO plugin v27.5 - https:\/\/yoast.com\/product\/yoast-seo-wordpress\/ -->\n<title>Ashton VSG Robusto 20 er scatola sigari - Tabakversand.ch | Alles aus der Welt des Tabaks<\/title>\n<meta name=\"description\" content=\"Ashton VSG Robusto 20 sigari scatola | La pi\u00f9 grande selezione svizzera di prodotti del tabacco | Tutte le carte accettate!\" \/>\n<meta name=\"robots\" content=\"index, follow, max-snippet:-1, max-image-preview:large, max-video-preview:-1\" \/>\n<link rel=\"canonical\" href=\"https:\/\/www.tabakversand.ch\/it\/prodotto\/ashton-vsg-robusto-20-er-box-sigari\/\" \/>\n<meta property=\"og:locale\" content=\"it_IT\" \/>\n<meta property=\"og:type\" content=\"article\" \/>\n<meta property=\"og:title\" content=\"Ashton VSG Robusto 20 er scatola sigari - Tabakversand.ch | Alles aus der Welt des Tabaks\" \/>\n<meta property=\"og:description\" content=\"Ashton VSG Robusto 20 sigari scatola | La pi\u00f9 grande selezione svizzera di prodotti del tabacco | Tutte le carte accettate!\" \/>\n<meta property=\"og:url\" content=\"https:\/\/www.tabakversand.ch\/it\/prodotto\/ashton-vsg-robusto-20-er-box-sigari\/\" \/>\n<meta property=\"og:site_name\" content=\"Tabakversand.ch | Alles aus der Welt des Tabaks\" \/>\n<meta property=\"article:modified_time\" content=\"2025-09-18T12:57:54+00:00\" \/>\n<meta property=\"og:image\" content=\"https:\/\/www.tabakversand.ch\/wp-content\/uploads\/2022\/03\/ashton-vsg-robusto-e.jpg\" \/>\n\t<meta property=\"og:image:width\" content=\"500\" \/>\n\t<meta property=\"og:image:height\" content=\"500\" \/>\n\t<meta property=\"og:image:type\" content=\"image\/jpeg\" \/>\n<meta name=\"twitter:card\" content=\"summary_large_image\" \/>\n<meta name=\"twitter:label1\" content=\"Tempo di lettura stimato\" \/>\n\t<meta name=\"twitter:data1\" content=\"1 minuto\" \/>\n<script type=\"application\/ld+json\" class=\"yoast-schema-graph\">{\"@context\":\"https:\\\/\\\/schema.org\",\"@graph\":[{\"@type\":\"WebPage\",\"@id\":\"https:\\\/\\\/www.tabakversand.ch\\\/it\\\/prodotto\\\/ashton-vsg-robusto-20-er-box-sigari\\\/\",\"url\":\"https:\\\/\\\/www.tabakversand.ch\\\/it\\\/prodotto\\\/ashton-vsg-robusto-20-er-box-sigari\\\/\",\"name\":\"Ashton VSG Robusto 20 er scatola sigari - Tabakversand.ch | Alles aus der Welt des Tabaks\",\"isPartOf\":{\"@id\":\"https:\\\/\\\/www.tabakversand.ch\\\/#website\"},\"primaryImageOfPage\":{\"@id\":\"https:\\\/\\\/www.tabakversand.ch\\\/it\\\/prodotto\\\/ashton-vsg-robusto-20-er-box-sigari\\\/#primaryimage\"},\"image\":{\"@id\":\"https:\\\/\\\/www.tabakversand.ch\\\/it\\\/prodotto\\\/ashton-vsg-robusto-20-er-box-sigari\\\/#primaryimage\"},\"thumbnailUrl\":\"https:\\\/\\\/www.tabakversand.ch\\\/wp-content\\\/uploads\\\/2022\\\/03\\\/ashton-vsg-robusto-e.jpg\",\"datePublished\":\"2022-04-02T08:46:55+00:00\",\"dateModified\":\"2025-09-18T12:57:54+00:00\",\"description\":\"Ashton VSG Robusto 20 sigari scatola | La pi\u00f9 grande selezione svizzera di prodotti del tabacco | Tutte le carte accettate!\",\"breadcrumb\":{\"@id\":\"https:\\\/\\\/www.tabakversand.ch\\\/it\\\/prodotto\\\/ashton-vsg-robusto-20-er-box-sigari\\\/#breadcrumb\"},\"inLanguage\":\"it-IT\",\"potentialAction\":[{\"@type\":\"ReadAction\",\"target\":[\"https:\\\/\\\/www.tabakversand.ch\\\/it\\\/prodotto\\\/ashton-vsg-robusto-20-er-box-sigari\\\/\"]}]},{\"@type\":\"ImageObject\",\"inLanguage\":\"it-IT\",\"@id\":\"https:\\\/\\\/www.tabakversand.ch\\\/it\\\/prodotto\\\/ashton-vsg-robusto-20-er-box-sigari\\\/#primaryimage\",\"url\":\"https:\\\/\\\/www.tabakversand.ch\\\/wp-content\\\/uploads\\\/2022\\\/03\\\/ashton-vsg-robusto-e.jpg\",\"contentUrl\":\"https:\\\/\\\/www.tabakversand.ch\\\/wp-content\\\/uploads\\\/2022\\\/03\\\/ashton-vsg-robusto-e.jpg\",\"width\":500,\"height\":500,\"caption\":\"Ashton VSG Robusto Especial 10 er Scatola\"},{\"@type\":\"BreadcrumbList\",\"@id\":\"https:\\\/\\\/www.tabakversand.ch\\\/it\\\/prodotto\\\/ashton-vsg-robusto-20-er-box-sigari\\\/#breadcrumb\",\"itemListElement\":[{\"@type\":\"ListItem\",\"position\":1,\"name\":\"Startseite\",\"item\":\"https:\\\/\\\/www.tabakversand.ch\\\/\"},{\"@type\":\"ListItem\",\"position\":2,\"name\":\"Negozio\",\"item\":\"https:\\\/\\\/www.tabakversand.ch\\\/it\\\/negozio\\\/\"},{\"@type\":\"ListItem\",\"position\":3,\"name\":\"Ashton VSG Robusto 20 er scatola sigari\"}]},{\"@type\":\"WebSite\",\"@id\":\"https:\\\/\\\/www.tabakversand.ch\\\/#website\",\"url\":\"https:\\\/\\\/www.tabakversand.ch\\\/\",\"name\":\"Tabakversand.ch | Alles aus der Welt des Tabaks\",\"description\":\"Smoke and carpe diem\",\"potentialAction\":[{\"@type\":\"SearchAction\",\"target\":{\"@type\":\"EntryPoint\",\"urlTemplate\":\"https:\\\/\\\/www.tabakversand.ch\\\/?s={search_term_string}\"},\"query-input\":{\"@type\":\"PropertyValueSpecification\",\"valueRequired\":true,\"valueName\":\"search_term_string\"}}],\"inLanguage\":\"it-IT\"}]}<\/script>\n<!-- \/ Yoast SEO plugin. -->","yoast_head_json":{"title":"Ashton VSG Robusto 20 er scatola sigari - Tabakversand.ch | Alles aus der Welt des Tabaks","description":"Ashton VSG Robusto 20 sigari scatola | La pi\u00f9 grande selezione svizzera di prodotti del tabacco | Tutte le carte accettate!","robots":{"index":"index","follow":"follow","max-snippet":"max-snippet:-1","max-image-preview":"max-image-preview:large","max-video-preview":"max-video-preview:-1"},"canonical":"https:\/\/www.tabakversand.ch\/it\/prodotto\/ashton-vsg-robusto-20-er-box-sigari\/","og_locale":"it_IT","og_type":"article","og_title":"Ashton VSG Robusto 20 er scatola sigari - Tabakversand.ch | Alles aus der Welt des Tabaks","og_description":"Ashton VSG Robusto 20 sigari scatola | La pi\u00f9 grande selezione svizzera di prodotti del tabacco | Tutte le carte accettate!","og_url":"https:\/\/www.tabakversand.ch\/it\/prodotto\/ashton-vsg-robusto-20-er-box-sigari\/","og_site_name":"Tabakversand.ch | Alles aus der Welt des Tabaks","article_modified_time":"2025-09-18T12:57:54+00:00","og_image":[{"width":500,"height":500,"url":"https:\/\/www.tabakversand.ch\/wp-content\/uploads\/2022\/03\/ashton-vsg-robusto-e.jpg","type":"image\/jpeg"}],"twitter_card":"summary_large_image","twitter_misc":{"Tempo di lettura stimato":"1 minuto"},"schema":{"@context":"https:\/\/schema.org","@graph":[{"@type":"WebPage","@id":"https:\/\/www.tabakversand.ch\/it\/prodotto\/ashton-vsg-robusto-20-er-box-sigari\/","url":"https:\/\/www.tabakversand.ch\/it\/prodotto\/ashton-vsg-robusto-20-er-box-sigari\/","name":"Ashton VSG Robusto 20 er scatola sigari - Tabakversand.ch | Alles aus der Welt des Tabaks","isPartOf":{"@id":"https:\/\/www.tabakversand.ch\/#website"},"primaryImageOfPage":{"@id":"https:\/\/www.tabakversand.ch\/it\/prodotto\/ashton-vsg-robusto-20-er-box-sigari\/#primaryimage"},"image":{"@id":"https:\/\/www.tabakversand.ch\/it\/prodotto\/ashton-vsg-robusto-20-er-box-sigari\/#primaryimage"},"thumbnailUrl":"https:\/\/www.tabakversand.ch\/wp-content\/uploads\/2022\/03\/ashton-vsg-robusto-e.jpg","datePublished":"2022-04-02T08:46:55+00:00","dateModified":"2025-09-18T12:57:54+00:00","description":"Ashton VSG Robusto 20 sigari scatola | La pi\u00f9 grande selezione svizzera di prodotti del tabacco | Tutte le carte accettate!","breadcrumb":{"@id":"https:\/\/www.tabakversand.ch\/it\/prodotto\/ashton-vsg-robusto-20-er-box-sigari\/#breadcrumb"},"inLanguage":"it-IT","potentialAction":[{"@type":"ReadAction","target":["https:\/\/www.tabakversand.ch\/it\/prodotto\/ashton-vsg-robusto-20-er-box-sigari\/"]}]},{"@type":"ImageObject","inLanguage":"it-IT","@id":"https:\/\/www.tabakversand.ch\/it\/prodotto\/ashton-vsg-robusto-20-er-box-sigari\/#primaryimage","url":"https:\/\/www.tabakversand.ch\/wp-content\/uploads\/2022\/03\/ashton-vsg-robusto-e.jpg","contentUrl":"https:\/\/www.tabakversand.ch\/wp-content\/uploads\/2022\/03\/ashton-vsg-robusto-e.jpg","width":500,"height":500,"caption":"Ashton VSG Robusto Especial 10 er Scatola"},{"@type":"BreadcrumbList","@id":"https:\/\/www.tabakversand.ch\/it\/prodotto\/ashton-vsg-robusto-20-er-box-sigari\/#breadcrumb","itemListElement":[{"@type":"ListItem","position":1,"name":"Startseite","item":"https:\/\/www.tabakversand.ch\/"},{"@type":"ListItem","position":2,"name":"Negozio","item":"https:\/\/www.tabakversand.ch\/it\/negozio\/"},{"@type":"ListItem","position":3,"name":"Ashton VSG Robusto 20 er scatola sigari"}]},{"@type":"WebSite","@id":"https:\/\/www.tabakversand.ch\/#website","url":"https:\/\/www.tabakversand.ch\/","name":"Tabakversand.ch | Alles aus der Welt des Tabaks","description":"Smoke and carpe diem","potentialAction":[{"@type":"SearchAction","target":{"@type":"EntryPoint","urlTemplate":"https:\/\/www.tabakversand.ch\/?s={search_term_string}"},"query-input":{"@type":"PropertyValueSpecification","valueRequired":true,"valueName":"search_term_string"}}],"inLanguage":"it-IT"}]}},"_links":{"self":[{"href":"https:\/\/www.tabakversand.ch\/it\/wp-json\/wp\/v2\/product\/73970","targetHints":{"allow":["GET"]}}],"collection":[{"href":"https:\/\/www.tabakversand.ch\/it\/wp-json\/wp\/v2\/product"}],"about":[{"href":"https:\/\/www.tabakversand.ch\/it\/wp-json\/wp\/v2\/types\/product"}],"version-history":[{"count":2,"href":"https:\/\/www.tabakversand.ch\/it\/wp-json\/wp\/v2\/product\/73970\/revisions"}],"predecessor-version":[{"id":200436,"href":"https:\/\/www.tabakversand.ch\/it\/wp-json\/wp\/v2\/product\/73970\/revisions\/200436"}],"wp:featuredmedia":[{"embeddable":true,"href":"https:\/\/www.tabakversand.ch\/it\/wp-json\/wp\/v2\/media\/73974"}],"wp:attachment":[{"href":"https:\/\/www.tabakversand.ch\/it\/wp-json\/wp\/v2\/media?parent=73970"}],"wp:term":[{"taxonomy":"product_brand","embeddable":true,"href":"https:\/\/www.tabakversand.ch\/it\/wp-json\/wp\/v2\/product_brand?post=73970"},{"taxonomy":"product_cat","embeddable":true,"href":"https:\/\/www.tabakversand.ch\/it\/wp-json\/wp\/v2\/product_cat?post=73970"},{"taxonomy":"product_tag","embeddable":true,"href":"https:\/\/www.tabakversand.ch\/it\/wp-json\/wp\/v2\/product_tag?post=73970"}],"curies":[{"name":"wp","href":"https:\/\/api.w.org\/{rel}","templated":true}]}}