{"id":77917,"date":"2022-04-02T11:18:24","date_gmt":"2022-04-02T09:18:24","guid":{"rendered":"http:\/\/www.tabakversand.ch\/produkt\/giza-nero-dw-carta-per-sigarette-fine\/"},"modified":"2026-01-22T09:01:58","modified_gmt":"2026-01-22T08:01:58","slug":"gizeh-black-dw-fine-carta-per-sigarette","status":"publish","type":"product","link":"https:\/\/www.tabakversand.ch\/it\/prodotto\/gizeh-black-dw-fine-carta-per-sigarette\/","title":{"rendered":"Giza Nero DW Carta per Sigarette Fine"},"content":{"rendered":"<h1>Giza Nero DWFine&nbsp;<\/h1>\n<h2>Carta per sigarette 20 x 100 fogli<\/h2>\n<p>  GIZEH FINE \u00e8 un foglio particolarmente fine con un peso base di 18,5 g\/m\u00b2 e un rivestimento in gomma naturale a base di gomma arabica, la linfa dell&#8217;albero di acacia. La carta fine \u00e8 realizzata al 100% con lino e canapa e garantisce il puro piacere del tabacco. Il foglio pu\u00f2 essere ruotato bene, ma \u00e8 un po &#8216;pi\u00f9 liscio e quindi ha angoli tagliati che rendono pi\u00f9 facile la rotazione. Brucia lentamente e occasionalmente esce a meno che non venga tirato. Ogni 100 foglietti illustrativi sono in una confezione con chiusura magnetica. E, naturalmente, le confezioni sono completamente riciclabili.&nbsp;<\/p>\n<p>  Caratteristiche:<br \/> Contenuto: 20 x 100 fogli<br \/> Lunghezza: 68 mm<br \/> Larghezza: 35,8 mm&nbsp;<br \/>  Peso:&nbsp;18.5 g\/m2<br \/>  &nbsp;<br \/>  &nbsp;<br \/>Tutti i prezzi si applicano solo agli ordini online e sono comprensivi di IVA. Soggetto a modifiche senza preavviso, escluse le spese di spedizione. Con riserva di errori, modifiche nell&#8217;ambito di consegna e nel design, errori di stampa e variazioni di prezzo. I prezzi barrati sono prezzi sostitutivi. Le illustrazioni possono differire dall&#8217;originale\/dall&#8217;ambito di consegna.<br \/>\n*Spedizione gratuita per ordini superiori a CHF 250.-.<\/p>\n","protected":false},"excerpt":{"rendered":"<p>Giza Nero DWFine&nbsp; Carta per sigarette 20 x 100 fogli GIZEH FINE \u00e8 un foglio particolarmente fine con un peso base di 18,5 g\/m\u00b2 e un rivestimento in gomma naturale a base di gomma arabica, la linfa dell&#8217;albero di acacia. La carta fine \u00e8 realizzata al 100% con lino e canapa e garantisce il puro [&hellip;]<\/p>\n","protected":false},"featured_media":77918,"template":"","meta":[],"product_brand":[1564],"product_cat":[5198,2017,1962],"product_tag":[],"class_list":{"0":"post-77917","1":"product","2":"type-product","3":"status-publish","4":"has-post-thumbnail","6":"product_brand-gizeh","7":"product_cat-carta","8":"product_cat-carta-da-arrotolare","9":"product_cat-sigarette-self-made","11":"first","12":"onbackorder","13":"purchasable","14":"product-type-simple"},"yoast_head":"<!-- This site is optimized with the Yoast SEO plugin v27.0 - https:\/\/yoast.com\/product\/yoast-seo-wordpress\/ -->\n<title>Giza Nero DW Carta per Sigarette Fine - Tabakversand.ch | Alles aus der Welt des Tabaks<\/title>\n<meta name=\"description\" content=\"Cartine per sigarette Gizeh Black DW Fine | La pi\u00f9 ampia selezione di prodotti del tabacco di alta qualit\u00e0 in Svizzera | Si accettano tutte le carte!\" \/>\n<meta name=\"robots\" content=\"index, follow, max-snippet:-1, max-image-preview:large, max-video-preview:-1\" \/>\n<link rel=\"canonical\" href=\"https:\/\/www.tabakversand.ch\/prodotto\/gizeh-black-dw-fine-zigarettenpapier\/\" \/>\n<meta property=\"og:locale\" content=\"it_IT\" \/>\n<meta property=\"og:type\" content=\"article\" \/>\n<meta property=\"og:title\" content=\"Giza Nero DW Carta per Sigarette Fine - Tabakversand.ch | Alles aus der Welt des Tabaks\" \/>\n<meta property=\"og:description\" content=\"Cartine per sigarette Gizeh Black DW Fine | La pi\u00f9 ampia selezione di prodotti del tabacco di alta qualit\u00e0 in Svizzera | Si accettano tutte le carte!\" \/>\n<meta property=\"og:url\" content=\"https:\/\/www.tabakversand.ch\/prodotto\/gizeh-black-dw-fine-zigarettenpapier\/\" \/>\n<meta property=\"og:site_name\" content=\"Tabakversand.ch | Alles aus der Welt des Tabaks\" \/>\n<meta property=\"article:modified_time\" content=\"2026-01-22T08:01:58+00:00\" \/>\n<meta property=\"og:image\" content=\"https:\/\/www.tabakversand.ch\/wp-content\/uploads\/2022\/03\/gizeh-black-dw-fine.jpg\" \/>\n\t<meta property=\"og:image:width\" content=\"500\" \/>\n\t<meta property=\"og:image:height\" content=\"500\" \/>\n\t<meta property=\"og:image:type\" content=\"image\/jpeg\" \/>\n<meta name=\"twitter:card\" content=\"summary_large_image\" \/>\n<meta name=\"twitter:label1\" content=\"Tempo di lettura stimato\" \/>\n\t<meta name=\"twitter:data1\" content=\"1 minuto\" \/>\n<script type=\"application\/ld+json\" class=\"yoast-schema-graph\">{\"@context\":\"https:\/\/schema.org\",\"@graph\":[{\"@type\":\"WebPage\",\"@id\":\"https:\/\/www.tabakversand.ch\/prodotto\/gizeh-black-dw-fine-zigarettenpapier\/\",\"url\":\"https:\/\/www.tabakversand.ch\/prodotto\/gizeh-black-dw-fine-zigarettenpapier\/\",\"name\":\"Giza Nero DW Carta per Sigarette Fine - Tabakversand.ch | Alles aus der Welt des Tabaks\",\"isPartOf\":{\"@id\":\"https:\/\/www.tabakversand.ch\/#website\"},\"primaryImageOfPage\":{\"@id\":\"https:\/\/www.tabakversand.ch\/prodotto\/gizeh-black-dw-fine-zigarettenpapier\/#primaryimage\"},\"image\":{\"@id\":\"https:\/\/www.tabakversand.ch\/prodotto\/gizeh-black-dw-fine-zigarettenpapier\/#primaryimage\"},\"thumbnailUrl\":\"https:\/\/www.tabakversand.ch\/wp-content\/uploads\/2022\/03\/gizeh-black-dw-fine.jpg\",\"datePublished\":\"2022-04-02T09:18:24+00:00\",\"dateModified\":\"2026-01-22T08:01:58+00:00\",\"description\":\"Cartine per sigarette Gizeh Black DW Fine | La pi\u00f9 ampia selezione di prodotti del tabacco di alta qualit\u00e0 in Svizzera | Si accettano tutte le carte!\",\"breadcrumb\":{\"@id\":\"https:\/\/www.tabakversand.ch\/prodotto\/gizeh-black-dw-fine-zigarettenpapier\/#breadcrumb\"},\"inLanguage\":\"it-IT\",\"potentialAction\":[{\"@type\":\"ReadAction\",\"target\":[\"https:\/\/www.tabakversand.ch\/prodotto\/gizeh-black-dw-fine-zigarettenpapier\/\"]}]},{\"@type\":\"ImageObject\",\"inLanguage\":\"it-IT\",\"@id\":\"https:\/\/www.tabakversand.ch\/prodotto\/gizeh-black-dw-fine-zigarettenpapier\/#primaryimage\",\"url\":\"https:\/\/www.tabakversand.ch\/wp-content\/uploads\/2022\/03\/gizeh-black-dw-fine.jpg\",\"contentUrl\":\"https:\/\/www.tabakversand.ch\/wp-content\/uploads\/2022\/03\/gizeh-black-dw-fine.jpg\",\"width\":500,\"height\":500,\"caption\":\"Giza Nero DW Carta per Sigarette Fine\"},{\"@type\":\"BreadcrumbList\",\"@id\":\"https:\/\/www.tabakversand.ch\/prodotto\/gizeh-black-dw-fine-zigarettenpapier\/#breadcrumb\",\"itemListElement\":[{\"@type\":\"ListItem\",\"position\":1,\"name\":\"Startseite\",\"item\":\"https:\/\/www.tabakversand.ch\/\"},{\"@type\":\"ListItem\",\"position\":2,\"name\":\"Negozio\",\"item\":\"https:\/\/www.tabakversand.ch\/it\/negozio\/\"},{\"@type\":\"ListItem\",\"position\":3,\"name\":\"Giza Nero DW Carta per Sigarette Fine\"}]},{\"@type\":\"WebSite\",\"@id\":\"https:\/\/www.tabakversand.ch\/#website\",\"url\":\"https:\/\/www.tabakversand.ch\/\",\"name\":\"Tabakversand.ch | Alles aus der Welt des Tabaks\",\"description\":\"Smoke and carpe diem\",\"potentialAction\":[{\"@type\":\"SearchAction\",\"target\":{\"@type\":\"EntryPoint\",\"urlTemplate\":\"https:\/\/www.tabakversand.ch\/?s={search_term_string}\"},\"query-input\":{\"@type\":\"PropertyValueSpecification\",\"valueRequired\":true,\"valueName\":\"search_term_string\"}}],\"inLanguage\":\"it-IT\"}]}<\/script>\n<!-- \/ Yoast SEO plugin. -->","yoast_head_json":{"title":"Giza Nero DW Carta per Sigarette Fine - Tabakversand.ch | Alles aus der Welt des Tabaks","description":"Cartine per sigarette Gizeh Black DW Fine | La pi\u00f9 ampia selezione di prodotti del tabacco di alta qualit\u00e0 in Svizzera | Si accettano tutte le carte!","robots":{"index":"index","follow":"follow","max-snippet":"max-snippet:-1","max-image-preview":"max-image-preview:large","max-video-preview":"max-video-preview:-1"},"canonical":"https:\/\/www.tabakversand.ch\/prodotto\/gizeh-black-dw-fine-zigarettenpapier\/","og_locale":"it_IT","og_type":"article","og_title":"Giza Nero DW Carta per Sigarette Fine - Tabakversand.ch | Alles aus der Welt des Tabaks","og_description":"Cartine per sigarette Gizeh Black DW Fine | La pi\u00f9 ampia selezione di prodotti del tabacco di alta qualit\u00e0 in Svizzera | Si accettano tutte le carte!","og_url":"https:\/\/www.tabakversand.ch\/prodotto\/gizeh-black-dw-fine-zigarettenpapier\/","og_site_name":"Tabakversand.ch | Alles aus der Welt des Tabaks","article_modified_time":"2026-01-22T08:01:58+00:00","og_image":[{"width":500,"height":500,"url":"https:\/\/www.tabakversand.ch\/wp-content\/uploads\/2022\/03\/gizeh-black-dw-fine.jpg","type":"image\/jpeg"}],"twitter_card":"summary_large_image","twitter_misc":{"Tempo di lettura stimato":"1 minuto"},"schema":{"@context":"https:\/\/schema.org","@graph":[{"@type":"WebPage","@id":"https:\/\/www.tabakversand.ch\/prodotto\/gizeh-black-dw-fine-zigarettenpapier\/","url":"https:\/\/www.tabakversand.ch\/prodotto\/gizeh-black-dw-fine-zigarettenpapier\/","name":"Giza Nero DW Carta per Sigarette Fine - Tabakversand.ch | Alles aus der Welt des Tabaks","isPartOf":{"@id":"https:\/\/www.tabakversand.ch\/#website"},"primaryImageOfPage":{"@id":"https:\/\/www.tabakversand.ch\/prodotto\/gizeh-black-dw-fine-zigarettenpapier\/#primaryimage"},"image":{"@id":"https:\/\/www.tabakversand.ch\/prodotto\/gizeh-black-dw-fine-zigarettenpapier\/#primaryimage"},"thumbnailUrl":"https:\/\/www.tabakversand.ch\/wp-content\/uploads\/2022\/03\/gizeh-black-dw-fine.jpg","datePublished":"2022-04-02T09:18:24+00:00","dateModified":"2026-01-22T08:01:58+00:00","description":"Cartine per sigarette Gizeh Black DW Fine | La pi\u00f9 ampia selezione di prodotti del tabacco di alta qualit\u00e0 in Svizzera | Si accettano tutte le carte!","breadcrumb":{"@id":"https:\/\/www.tabakversand.ch\/prodotto\/gizeh-black-dw-fine-zigarettenpapier\/#breadcrumb"},"inLanguage":"it-IT","potentialAction":[{"@type":"ReadAction","target":["https:\/\/www.tabakversand.ch\/prodotto\/gizeh-black-dw-fine-zigarettenpapier\/"]}]},{"@type":"ImageObject","inLanguage":"it-IT","@id":"https:\/\/www.tabakversand.ch\/prodotto\/gizeh-black-dw-fine-zigarettenpapier\/#primaryimage","url":"https:\/\/www.tabakversand.ch\/wp-content\/uploads\/2022\/03\/gizeh-black-dw-fine.jpg","contentUrl":"https:\/\/www.tabakversand.ch\/wp-content\/uploads\/2022\/03\/gizeh-black-dw-fine.jpg","width":500,"height":500,"caption":"Giza Nero DW Carta per Sigarette Fine"},{"@type":"BreadcrumbList","@id":"https:\/\/www.tabakversand.ch\/prodotto\/gizeh-black-dw-fine-zigarettenpapier\/#breadcrumb","itemListElement":[{"@type":"ListItem","position":1,"name":"Startseite","item":"https:\/\/www.tabakversand.ch\/"},{"@type":"ListItem","position":2,"name":"Negozio","item":"https:\/\/www.tabakversand.ch\/it\/negozio\/"},{"@type":"ListItem","position":3,"name":"Giza Nero DW Carta per Sigarette Fine"}]},{"@type":"WebSite","@id":"https:\/\/www.tabakversand.ch\/#website","url":"https:\/\/www.tabakversand.ch\/","name":"Tabakversand.ch | Alles aus der Welt des Tabaks","description":"Smoke and carpe diem","potentialAction":[{"@type":"SearchAction","target":{"@type":"EntryPoint","urlTemplate":"https:\/\/www.tabakversand.ch\/?s={search_term_string}"},"query-input":{"@type":"PropertyValueSpecification","valueRequired":true,"valueName":"search_term_string"}}],"inLanguage":"it-IT"}]}},"_links":{"self":[{"href":"https:\/\/www.tabakversand.ch\/it\/wp-json\/wp\/v2\/product\/77917","targetHints":{"allow":["GET"]}}],"collection":[{"href":"https:\/\/www.tabakversand.ch\/it\/wp-json\/wp\/v2\/product"}],"about":[{"href":"https:\/\/www.tabakversand.ch\/it\/wp-json\/wp\/v2\/types\/product"}],"version-history":[{"count":1,"href":"https:\/\/www.tabakversand.ch\/it\/wp-json\/wp\/v2\/product\/77917\/revisions"}],"predecessor-version":[{"id":209777,"href":"https:\/\/www.tabakversand.ch\/it\/wp-json\/wp\/v2\/product\/77917\/revisions\/209777"}],"wp:featuredmedia":[{"embeddable":true,"href":"https:\/\/www.tabakversand.ch\/it\/wp-json\/wp\/v2\/media\/77918"}],"wp:attachment":[{"href":"https:\/\/www.tabakversand.ch\/it\/wp-json\/wp\/v2\/media?parent=77917"}],"wp:term":[{"taxonomy":"product_brand","embeddable":true,"href":"https:\/\/www.tabakversand.ch\/it\/wp-json\/wp\/v2\/product_brand?post=77917"},{"taxonomy":"product_cat","embeddable":true,"href":"https:\/\/www.tabakversand.ch\/it\/wp-json\/wp\/v2\/product_cat?post=77917"},{"taxonomy":"product_tag","embeddable":true,"href":"https:\/\/www.tabakversand.ch\/it\/wp-json\/wp\/v2\/product_tag?post=77917"}],"curies":[{"name":"wp","href":"https:\/\/api.w.org\/{rel}","templated":true}]}}