{"id":78998,"date":"2022-04-02T10:56:49","date_gmt":"2022-04-02T08:56:49","guid":{"rendered":"http:\/\/www.tabakversand.ch\/produkt\/davidoff-demi-cup-10-cassa\/"},"modified":"2026-04-23T15:55:27","modified_gmt":"2026-04-23T13:55:27","slug":"tazza-da-caffe-davidoff-5-x-10-pezzi","status":"publish","type":"product","link":"https:\/\/www.tabakversand.ch\/it\/prodotto\/tazza-da-caffe-davidoff-5-x-10-pezzi\/","title":{"rendered":"Tazza da caff\u00e8 Davidoff, 5 x 10 pezzi."},"content":{"rendered":"<h3>Davidoff Demi-Tasse \u2013 Il piacere di un elegante sigaretto in un formato premium<\/h3>\n<p>I sigaretti Davidoff Demi-Tasse sono la scelta ideale per i fumatori pi\u00f9 esigenti che desiderano un&#8217;esperienza di fumo pi\u00f9 ricca e aromatica in un formato compatto. Questi sigaretti di alta qualit\u00e0 combinano la tipica qualit\u00e0 Davidoff con un profilo aromatico piacevolmente delicato ma al contempo espressivo. <\/p>\n<h5>Miscela di tabacco pregiato proveniente dalle migliori regioni di coltivazione.<\/h5>\n<p>Il Davidoff Demi-Tasse utilizza una miscela accuratamente selezionata di tabacchi pregiati provenienti da Indonesia, Brasile e Caraibi. Questa combinazione crea un aroma armonioso e finemente bilanciato, con delicate sfumature leggermente speziate e un&#8217;elegante profondit\u00e0 di sapore. <\/p>\n<h5>Lavorazione di alta qualit\u00e0 per un piacere duraturo<\/h5>\n<p>Avvolti in una fascia indonesiana e in una pregiata foglia di Sumatra, questi sigaretti colpiscono per la loro eccellente fattura. Ci\u00f2 garantisce una combustione uniforme e un tiraggio piacevole, ideale per un momento di relax e piacere. <\/p>\n<h5>Delicato, aromatico e perfettamente equilibrato<\/h5>\n<p>I sigari Davidoff Demi-Tasse offrono un&#8217;esperienza di fumo equilibrata: dal carattere delicato, ma ricchi di aromi raffinati. Questo li rende adatti sia agli appassionati esperti che agli intenditori che prediligono un formato elegante e non troppo intenso. <\/p>\n<h5>Protetti in modo ottimale e confezionati in modo pratico<\/h5>\n<p>Ogni sigaretto \u00e8 avvolto singolarmente in cellophane per preservarne al meglio freschezza, umidit\u00e0 e aroma. La confezione da 5 x 10 pezzi garantisce inoltre una conservazione ideale e la massima praticit\u00e0. <\/p>\n<h5>Perfetto per brevi momenti di svago.<\/h5>\n<p>Che sia durante una pausa, dopo un pasto o per un momento di tranquillit\u00e0, la Davidoff Demi-Cup \u00e8 ideale per chi desidera godere di qualit\u00e0 e stile in un formato compatto.<\/p>\n<p>Su tabakversand.ch riceverete i vostri sigaretti Davidoff Demi-Tasse ben conservati e nella loro confezione originale. Un&#8217;attenta conservazione garantisce che aroma, umidit\u00e0 e qualit\u00e0 rimangano preservati in modo ottimale fino alla spedizione. Grazie alla consegna rapida in Svizzera, i vostri sigaretti arriveranno in genere molto velocemente.  <\/p>\n<p>Per maggiori informazioni sul produttore di Davidoff, si prega di consultare la relativa voce di Wikipedia: <a href=\"https:\/\/de.wikipedia.org\/wiki\/Zino_Davidoff\">clicca qui<\/a> . Per qualsiasi domanda sul prodotto, non esitate a contattarci: <a href=\"https:\/\/www.tabakversand.ch\/kontakt\/\">cliccate qui<\/a> .<\/p>\n<p>Tutti i prezzi sono validi solo per gli ordini online e includono l&#8217;IVA, sono soggetti a modifiche senza preavviso e non includono le spese di spedizione.   Con riserva di errori, modifiche nella fornitura e nella progettazione, errori di stampa e modifiche dei prezzi. I prezzi barrati sono invece prezzi. L&#8217;immagine pu\u00f2 differire dall&#8217;originale\/dalla fornitura.<br \/>\n*Spedizione gratuita per ordini superiori a CHF 250.-.<\/p>\n","protected":false},"excerpt":{"rendered":"<p>Davidoff Demi-Tasse \u2013 Il piacere di un elegante sigaretto in un formato premium I sigaretti Davidoff Demi-Tasse sono la scelta ideale per i fumatori pi\u00f9 esigenti che desiderano un&#8217;esperienza di fumo pi\u00f9 ricca e aromatica in un formato compatto. Questi sigaretti di alta qualit\u00e0 combinano la tipica qualit\u00e0 Davidoff con un profilo aromatico piacevolmente delicato [&hellip;]<\/p>\n","protected":false},"featured_media":78999,"template":"","meta":[],"product_brand":[1487],"product_cat":[2003,2058],"product_tag":[],"class_list":{"0":"post-78998","1":"product","2":"type-product","3":"status-publish","4":"has-post-thumbnail","6":"product_brand-davidoff","7":"product_cat-mondo-dei-sigari","8":"product_cat-sigaretti","10":"first","11":"onbackorder","12":"purchasable","13":"product-type-simple"},"yoast_head":"<!-- This site is optimized with the Yoast SEO plugin v27.5 - https:\/\/yoast.com\/product\/yoast-seo-wordpress\/ -->\n<title>Sigaretti Davidoff Demi-Tasse \u2013 delicati e aromatici<\/title>\n<meta name=\"description\" content=\"Sigaretti Davidoff Demi-Tasse \u2713 Miscela di tabacco pregiato proveniente da Caraibi, Brasile e Indonesia \u2713 Delicati e aromatici \u2713 Confezionati singolarmente in cellophane \u2713 Acquistali ora!\" \/>\n<meta name=\"robots\" content=\"index, follow, max-snippet:-1, max-image-preview:large, max-video-preview:-1\" \/>\n<link rel=\"canonical\" href=\"https:\/\/www.tabakversand.ch\/it\/prodotto\/tazza-da-caffe-davidoff-5-x-10-pezzi\/\" \/>\n<meta property=\"og:locale\" content=\"it_IT\" \/>\n<meta property=\"og:type\" content=\"article\" \/>\n<meta property=\"og:title\" content=\"Sigaretti Davidoff Demi-Tasse \u2013 delicati e aromatici\" \/>\n<meta property=\"og:description\" content=\"Sigaretti Davidoff Demi-Tasse \u2713 Miscela di tabacco pregiato proveniente da Caraibi, Brasile e Indonesia \u2713 Delicati e aromatici \u2713 Confezionati singolarmente in cellophane \u2713 Acquistali ora!\" \/>\n<meta property=\"og:url\" content=\"https:\/\/www.tabakversand.ch\/it\/prodotto\/tazza-da-caffe-davidoff-5-x-10-pezzi\/\" \/>\n<meta property=\"og:site_name\" content=\"Tabakversand.ch | Alles aus der Welt des Tabaks\" \/>\n<meta property=\"article:modified_time\" content=\"2026-04-23T13:55:27+00:00\" \/>\n<meta property=\"og:image\" content=\"https:\/\/www.tabakversand.ch\/wp-content\/uploads\/2022\/03\/davidoff-demitasse-10-open.jpg\" \/>\n\t<meta property=\"og:image:width\" content=\"600\" \/>\n\t<meta property=\"og:image:height\" content=\"600\" \/>\n\t<meta property=\"og:image:type\" content=\"image\/jpeg\" \/>\n<meta name=\"twitter:card\" content=\"summary_large_image\" \/>\n<meta name=\"twitter:label1\" content=\"Tempo di lettura stimato\" \/>\n\t<meta name=\"twitter:data1\" content=\"1 minuto\" \/>\n<script type=\"application\/ld+json\" class=\"yoast-schema-graph\">{\"@context\":\"https:\\\/\\\/schema.org\",\"@graph\":[{\"@type\":\"WebPage\",\"@id\":\"https:\\\/\\\/www.tabakversand.ch\\\/it\\\/prodotto\\\/tazza-da-caffe-davidoff-5-x-10-pezzi\\\/\",\"url\":\"https:\\\/\\\/www.tabakversand.ch\\\/it\\\/prodotto\\\/tazza-da-caffe-davidoff-5-x-10-pezzi\\\/\",\"name\":\"Sigaretti Davidoff Demi-Tasse \u2013 delicati e aromatici\",\"isPartOf\":{\"@id\":\"https:\\\/\\\/www.tabakversand.ch\\\/#website\"},\"primaryImageOfPage\":{\"@id\":\"https:\\\/\\\/www.tabakversand.ch\\\/it\\\/prodotto\\\/tazza-da-caffe-davidoff-5-x-10-pezzi\\\/#primaryimage\"},\"image\":{\"@id\":\"https:\\\/\\\/www.tabakversand.ch\\\/it\\\/prodotto\\\/tazza-da-caffe-davidoff-5-x-10-pezzi\\\/#primaryimage\"},\"thumbnailUrl\":\"https:\\\/\\\/www.tabakversand.ch\\\/wp-content\\\/uploads\\\/2022\\\/03\\\/davidoff-demitasse-10-open.jpg\",\"datePublished\":\"2022-04-02T08:56:49+00:00\",\"dateModified\":\"2026-04-23T13:55:27+00:00\",\"description\":\"Sigaretti Davidoff Demi-Tasse \u2713 Miscela di tabacco pregiato proveniente da Caraibi, Brasile e Indonesia \u2713 Delicati e aromatici \u2713 Confezionati singolarmente in cellophane \u2713 Acquistali ora!\",\"breadcrumb\":{\"@id\":\"https:\\\/\\\/www.tabakversand.ch\\\/it\\\/prodotto\\\/tazza-da-caffe-davidoff-5-x-10-pezzi\\\/#breadcrumb\"},\"inLanguage\":\"it-IT\",\"potentialAction\":[{\"@type\":\"ReadAction\",\"target\":[\"https:\\\/\\\/www.tabakversand.ch\\\/it\\\/prodotto\\\/tazza-da-caffe-davidoff-5-x-10-pezzi\\\/\"]}]},{\"@type\":\"ImageObject\",\"inLanguage\":\"it-IT\",\"@id\":\"https:\\\/\\\/www.tabakversand.ch\\\/it\\\/prodotto\\\/tazza-da-caffe-davidoff-5-x-10-pezzi\\\/#primaryimage\",\"url\":\"https:\\\/\\\/www.tabakversand.ch\\\/wp-content\\\/uploads\\\/2022\\\/03\\\/davidoff-demitasse-10-open.jpg\",\"contentUrl\":\"https:\\\/\\\/www.tabakversand.ch\\\/wp-content\\\/uploads\\\/2022\\\/03\\\/davidoff-demitasse-10-open.jpg\",\"width\":600,\"height\":600,\"caption\":\"Davidoff Demi Cup 10 Cassa\"},{\"@type\":\"BreadcrumbList\",\"@id\":\"https:\\\/\\\/www.tabakversand.ch\\\/it\\\/prodotto\\\/tazza-da-caffe-davidoff-5-x-10-pezzi\\\/#breadcrumb\",\"itemListElement\":[{\"@type\":\"ListItem\",\"position\":1,\"name\":\"Startseite\",\"item\":\"https:\\\/\\\/www.tabakversand.ch\\\/\"},{\"@type\":\"ListItem\",\"position\":2,\"name\":\"Negozio\",\"item\":\"https:\\\/\\\/www.tabakversand.ch\\\/it\\\/negozio\\\/\"},{\"@type\":\"ListItem\",\"position\":3,\"name\":\"Tazza da caff\u00e8 Davidoff, 5 x 10 pezzi.\"}]},{\"@type\":\"WebSite\",\"@id\":\"https:\\\/\\\/www.tabakversand.ch\\\/#website\",\"url\":\"https:\\\/\\\/www.tabakversand.ch\\\/\",\"name\":\"Tabakversand.ch | Alles aus der Welt des Tabaks\",\"description\":\"Smoke and carpe diem\",\"potentialAction\":[{\"@type\":\"SearchAction\",\"target\":{\"@type\":\"EntryPoint\",\"urlTemplate\":\"https:\\\/\\\/www.tabakversand.ch\\\/?s={search_term_string}\"},\"query-input\":{\"@type\":\"PropertyValueSpecification\",\"valueRequired\":true,\"valueName\":\"search_term_string\"}}],\"inLanguage\":\"it-IT\"}]}<\/script>\n<!-- \/ Yoast SEO plugin. -->","yoast_head_json":{"title":"Sigaretti Davidoff Demi-Tasse \u2013 delicati e aromatici","description":"Sigaretti Davidoff Demi-Tasse \u2713 Miscela di tabacco pregiato proveniente da Caraibi, Brasile e Indonesia \u2713 Delicati e aromatici \u2713 Confezionati singolarmente in cellophane \u2713 Acquistali ora!","robots":{"index":"index","follow":"follow","max-snippet":"max-snippet:-1","max-image-preview":"max-image-preview:large","max-video-preview":"max-video-preview:-1"},"canonical":"https:\/\/www.tabakversand.ch\/it\/prodotto\/tazza-da-caffe-davidoff-5-x-10-pezzi\/","og_locale":"it_IT","og_type":"article","og_title":"Sigaretti Davidoff Demi-Tasse \u2013 delicati e aromatici","og_description":"Sigaretti Davidoff Demi-Tasse \u2713 Miscela di tabacco pregiato proveniente da Caraibi, Brasile e Indonesia \u2713 Delicati e aromatici \u2713 Confezionati singolarmente in cellophane \u2713 Acquistali ora!","og_url":"https:\/\/www.tabakversand.ch\/it\/prodotto\/tazza-da-caffe-davidoff-5-x-10-pezzi\/","og_site_name":"Tabakversand.ch | Alles aus der Welt des Tabaks","article_modified_time":"2026-04-23T13:55:27+00:00","og_image":[{"width":600,"height":600,"url":"https:\/\/www.tabakversand.ch\/wp-content\/uploads\/2022\/03\/davidoff-demitasse-10-open.jpg","type":"image\/jpeg"}],"twitter_card":"summary_large_image","twitter_misc":{"Tempo di lettura stimato":"1 minuto"},"schema":{"@context":"https:\/\/schema.org","@graph":[{"@type":"WebPage","@id":"https:\/\/www.tabakversand.ch\/it\/prodotto\/tazza-da-caffe-davidoff-5-x-10-pezzi\/","url":"https:\/\/www.tabakversand.ch\/it\/prodotto\/tazza-da-caffe-davidoff-5-x-10-pezzi\/","name":"Sigaretti Davidoff Demi-Tasse \u2013 delicati e aromatici","isPartOf":{"@id":"https:\/\/www.tabakversand.ch\/#website"},"primaryImageOfPage":{"@id":"https:\/\/www.tabakversand.ch\/it\/prodotto\/tazza-da-caffe-davidoff-5-x-10-pezzi\/#primaryimage"},"image":{"@id":"https:\/\/www.tabakversand.ch\/it\/prodotto\/tazza-da-caffe-davidoff-5-x-10-pezzi\/#primaryimage"},"thumbnailUrl":"https:\/\/www.tabakversand.ch\/wp-content\/uploads\/2022\/03\/davidoff-demitasse-10-open.jpg","datePublished":"2022-04-02T08:56:49+00:00","dateModified":"2026-04-23T13:55:27+00:00","description":"Sigaretti Davidoff Demi-Tasse \u2713 Miscela di tabacco pregiato proveniente da Caraibi, Brasile e Indonesia \u2713 Delicati e aromatici \u2713 Confezionati singolarmente in cellophane \u2713 Acquistali ora!","breadcrumb":{"@id":"https:\/\/www.tabakversand.ch\/it\/prodotto\/tazza-da-caffe-davidoff-5-x-10-pezzi\/#breadcrumb"},"inLanguage":"it-IT","potentialAction":[{"@type":"ReadAction","target":["https:\/\/www.tabakversand.ch\/it\/prodotto\/tazza-da-caffe-davidoff-5-x-10-pezzi\/"]}]},{"@type":"ImageObject","inLanguage":"it-IT","@id":"https:\/\/www.tabakversand.ch\/it\/prodotto\/tazza-da-caffe-davidoff-5-x-10-pezzi\/#primaryimage","url":"https:\/\/www.tabakversand.ch\/wp-content\/uploads\/2022\/03\/davidoff-demitasse-10-open.jpg","contentUrl":"https:\/\/www.tabakversand.ch\/wp-content\/uploads\/2022\/03\/davidoff-demitasse-10-open.jpg","width":600,"height":600,"caption":"Davidoff Demi Cup 10 Cassa"},{"@type":"BreadcrumbList","@id":"https:\/\/www.tabakversand.ch\/it\/prodotto\/tazza-da-caffe-davidoff-5-x-10-pezzi\/#breadcrumb","itemListElement":[{"@type":"ListItem","position":1,"name":"Startseite","item":"https:\/\/www.tabakversand.ch\/"},{"@type":"ListItem","position":2,"name":"Negozio","item":"https:\/\/www.tabakversand.ch\/it\/negozio\/"},{"@type":"ListItem","position":3,"name":"Tazza da caff\u00e8 Davidoff, 5 x 10 pezzi."}]},{"@type":"WebSite","@id":"https:\/\/www.tabakversand.ch\/#website","url":"https:\/\/www.tabakversand.ch\/","name":"Tabakversand.ch | Alles aus der Welt des Tabaks","description":"Smoke and carpe diem","potentialAction":[{"@type":"SearchAction","target":{"@type":"EntryPoint","urlTemplate":"https:\/\/www.tabakversand.ch\/?s={search_term_string}"},"query-input":{"@type":"PropertyValueSpecification","valueRequired":true,"valueName":"search_term_string"}}],"inLanguage":"it-IT"}]}},"_links":{"self":[{"href":"https:\/\/www.tabakversand.ch\/it\/wp-json\/wp\/v2\/product\/78998","targetHints":{"allow":["GET"]}}],"collection":[{"href":"https:\/\/www.tabakversand.ch\/it\/wp-json\/wp\/v2\/product"}],"about":[{"href":"https:\/\/www.tabakversand.ch\/it\/wp-json\/wp\/v2\/types\/product"}],"version-history":[{"count":5,"href":"https:\/\/www.tabakversand.ch\/it\/wp-json\/wp\/v2\/product\/78998\/revisions"}],"predecessor-version":[{"id":218562,"href":"https:\/\/www.tabakversand.ch\/it\/wp-json\/wp\/v2\/product\/78998\/revisions\/218562"}],"wp:featuredmedia":[{"embeddable":true,"href":"https:\/\/www.tabakversand.ch\/it\/wp-json\/wp\/v2\/media\/78999"}],"wp:attachment":[{"href":"https:\/\/www.tabakversand.ch\/it\/wp-json\/wp\/v2\/media?parent=78998"}],"wp:term":[{"taxonomy":"product_brand","embeddable":true,"href":"https:\/\/www.tabakversand.ch\/it\/wp-json\/wp\/v2\/product_brand?post=78998"},{"taxonomy":"product_cat","embeddable":true,"href":"https:\/\/www.tabakversand.ch\/it\/wp-json\/wp\/v2\/product_cat?post=78998"},{"taxonomy":"product_tag","embeddable":true,"href":"https:\/\/www.tabakversand.ch\/it\/wp-json\/wp\/v2\/product_tag?post=78998"}],"curies":[{"name":"wp","href":"https:\/\/api.w.org\/{rel}","templated":true}]}}